{"id":68977,"date":"2023-02-23T13:45:31","date_gmt":"2023-02-23T11:45:31","guid":{"rendered":"https:\/\/galicianparts.com\/shop\/producto\/5937435-tapon-purgador-radiador-fiat-panda-ducato-90-94-lancia-y10-alfa-original\/"},"modified":"2024-12-05T21:18:56","modified_gmt":"2024-12-05T19:18:56","slug":"5937435-tapon-purgador-radiador-fiat-panda-ducato-90-94-lancia-y10-alfa-original","status":"publish","type":"product","link":"https:\/\/galicianparts.com\/shop\/producto\/5937435-tapon-purgador-radiador-fiat-panda-ducato-90-94-lancia-y10-alfa-original\/","title":{"rendered":"5937435 Tap\u00f3n purgador radiador Fiat Panda \/Ducato (90-94) Lancia Y10 \/Alfa ORIGINAL"},"content":{"rendered":"<p>Tap\u00f3n purgador del circuito de refrigeraci\u00f3n del motor de:<br \/>\nM\u00e9trica: 10<br \/>\nLargo total: 34 mm<\/p>\n<p>FIAT &#8211; 1V BRAVA (1995-1998) 1910 TB\/DS 100CV<br \/>\nFIAT &#8211; 1M BRAVA G.98 (1998-2001) CLIMAS TROPICALES \/ AIRE ACONDICIONADO \/ 1.2 16V CF2 \/ 1.2 16V CF3<br \/>\nFIAT &#8211; 1M BRAVA G.98 (1998-2001) 1600 16V \/ 1600 16V EM.04 \/ 1600 16V CF3<br \/>\nFIAT &#8211; 1M BRAVA G.98 (1998-2001) 1910 TD (100 CV)<br \/>\nFIAT &#8211; 1U BRAVO (1995-1998) 1910 TB\/DS 100CV<br \/>\nFIAT &#8211; 1L BRAVO G.98 (1998-2001) 1600 16V \/ 1600 16V \u00abSX\u00bb(RICONVERTITA) \/ 1600 16V CF3<br \/>\nFIAT &#8211; 1L BRAVO G.98 (1998-2001) 1910 TD (100 CV)<br \/>\nFIAT &#8211; PT MAREA BENZINA (1996-1999) 1580 16V 103CV (75 KW)<br \/>\nFIAT &#8211; 1Q MAREA BZ GAMMA&#8217;99 (1999-2002) 1200 16V<br \/>\nFIAT &#8211; 1Q MAREA BZ GAMMA&#8217;99 (1999-2002) 1600 16V CF2 (182A4000) \/ 1600 16V CF3 (182B6000)<br \/>\nFIAT &#8211; 1Q MAREA BZ GAMMA&#8217;99 (1999-2002) AIRE ACONDICIONADO \/ 1600 16V CF2 (182A4000) \/ 1600 16V CF3 (182B6000)<br \/>\nFIAT &#8211; 1Q MAREA BZ GAMMA&#8217;99 (1999-2002) CAMBIO AUTOMATICO \/ 1600 16V CF2 (182A4000) \/ 1600 16V CF3 (182B6000)<br \/>\nFIAT &#8211; 1Q MAREA BZ GAMMA&#8217;99 (1999-2002) 1600 BI-POWER<br \/>\nFIAT &#8211; 1R MAREA DS GAMMA&#8217;99 (1999-2002) 1910 JTD CF2 105CV<br \/>\nFIAT &#8211; 1S PANDA 4X2 MAQ 91 (1991-2003) 750 ACT CARB \/ 750 ACT CARB.DAV. \/ 1000 CARB. \/ 1000 CARB.DAV.<br \/>\nFIAT &#8211; 1S PANDA 4X2 MAQ 91 (1991-2003) 750 ACB CARB \/ 900 ACB CARB \/ 900 SPI USA 83<br \/>\nFIAT &#8211; 1S PANDA 4X2 MAQ 91 (1991-2003) 1000 SPI USA 83 WEBER \/ 1100 SPI USA 83 \/ 1000 SPI CF2 \/ 1100 SPI CF2 \/ 1000\u00a0SPI\u00a0USA\u00a083\u00a0BOSCH<br \/>\nFIAT &#8211; 1S PANDA 4X2 MAQ 91 (1991-2003) 1100 MPI CF3<br \/>\nFIAT &#8211; LV PANDA 4X2 RL\/86 (1985-1991) 1000 ACT \/ 1000 ACT DAV-15 \/ 1000 SPI USA&#8217;83 \/ 1100 SPI USA&#8217;83 C.A. \/ 1000 ACT B.N.O. (D)<br \/>\nFIAT &#8211; LV PANDA 4X2 RL\/86 (1985-1991) 750 ACB \/ 900 ACB<br \/>\nFIAT &#8211; LV PANDA 4X2 RL\/86 (1985-1991) 750 ACT \/ 750 ACT DAV 15<br \/>\nFIAT &#8211; 1T PANDA 4X4 MAQ 91 (1991-2003) 1100 MPI CF3<br \/>\nFIAT &#8211; 1N PUNTO BZ (1999-2003) 1.2 8V CF2 \/ 1.2 8V CF3 (OPT.229) \/ 1.2\u00a08V\u00a0CF3 \/ 1242 8V CF3 BZ\/MET \/ 1.2 16V CF2 \/ 1.2 16V CF3<br \/>\nFIAT &#8211; 2U PUNTO FL.&#8217;03 (2003-2010) 1242 8V \/ 1.2\u00a08V\u00a0(OPC.229) \/ 1.2\u00a08V\u00a0CF4\u00a0GASOLINA\/GPL \/ 1242 8V CF3 GASOLINA\/METANO \/ 1242\u00a016V\u00a0CF3<br \/>\nFIAT &#8211; 2C STILO (2001-2003) 1.6 16V<br \/>\nFIAT &#8211; 2C STILO (2001-2003) 1.8 16V CF4<br \/>\nFIAT &#8211; 2C STILO (2001-2003) 2.4 20V CF4<br \/>\nFIAT &#8211; 2C STILO (2001-2003) 1.9 JTD 58KW\/80CV \/ 1.9 JTD 85KW\/115CV<br \/>\nFIAT &#8211; 2V STILO F.L.L. 2003 (2003-2007) 1.4 16V CF4 95CV\/70KW \/ 1.4\u00a016V\u00a0CF4\u00a095CV\/66KW<br \/>\nFIAT &#8211; 2V STILO F.L.L. 2003 (2003-2007) 1.6 16V PETROL\/METHANE \/ 1.6 16V<br \/>\nFIAT &#8211; 2V STILO F.L.L. 2003 (2003-2007) 1.8 16V CF4<br \/>\nFIAT &#8211; 2V STILO F.L.L. 2003 (2003-2007) 2.4 20V<br \/>\nFIAT &#8211; 2V STILO F.L.L. 2003 (2003-2007) 1.9 JTD 58KW\/80CV \/ 1.9\u00a0JTD\u00a08V\u00a0100\u00a0CV\/74KW \/ 1.9 JTD 85KW\/115CV \/ 1.9 JTD 103KW\/140CV \/ 1.9 JTD 16V F3 126CV\/93KW COND DEPOT FRA \/ 1.9 JTD 16V F3 136CV\/100KW COND DEPOT BE<br \/>\nFIAT &#8211; 2V STILO F.L.L. 2003 (2003-2007) 1600\u00a0PDA\u00a016V\u00a0105CV\/77KW<br \/>\nFIAT &#8211; 2V STILO F.L.L. 2003 (2003-2007) 1.9\u00a0JTD\u00a08V\u00a0CF4\u00a090CV\/66KW\u00a0MENOR POT. AUSTRIA \/ 1910\u00a0JTD\u00a0CF4\u00a08V\u00a0115CV\/85KW\u00a0MENOR POTENCIA BELGICA \/ 1.9 JTD CF4 8V 120HP 88KW \/ 1.9 JTD CF4 16V 150HP 110KW<br \/>\nALFA ROMEO &#8211; U5 155 ASPIRATO (1992-1996) 1.7 T.S. \/ 1.8 T.S. \/ 2.0 T.S. 8 VAL.<br \/>\nALFA ROMEO &#8211; T7 156 BENZINA (1997-2002) 1600 T.S.(AR67601) \/ 1800 T.S. CF2 \/ 1600 T.S. (AR32102) \/ 1600 T.S. (AR32104) \/ 1600 T.S. (AR32103) \/ 1800 T.S. CF3<br \/>\nALFA ROMEO &#8211; T7 156 BENZINA (1997-2002) 2000 T.S. CF2 \/ 2000 T.S. BRASIL \/ 2000 T.S. CF3<br \/>\nALFA ROMEO &#8211; T7 156 BENZINA (1997-2002) 2500 V6 \/ 2500 V6 BRASIL \/ 2500 V6 CF3<br \/>\nLANCIA &#8211; SX LYBRA BZ (1999-2005) 1580 16V CF2 \/ 1596 16V CF3<br \/>\nLANCIA &#8211; SX LYBRA BZ (1999-2005) 1.8 16V CF2 \/ 1.8 16V CF3 \/ 1.8 16V CF4<br \/>\nLANCIA &#8211; SX LYBRA BZ (1999-2005) 2.0 20V CF2 \/ 2.0 20V CF3 \/ 2.4 20V CF3<br \/>\nLANCIA &#8211; ZL Y10 FL.89 (1988-1992) GT<br \/>\nFIAT PROFESSIONAL &#8211; ND DUCATO 4X4 R.90 (1990-1994) 2500 DIESEL \/ 2500 TURBO DIESEL<br \/>\nFIAT PROFESSIONAL &#8211; NB NUOVO DUCATO BZ R.90 (1990-1994)<br \/>\nFIAT PROFESSIONAL &#8211; NA NUOVO DUCATO DS.R.90 (1990-1994) 2500 \/ 2500 TURBO<br \/>\nFIAT PROFESSIONAL &#8211; NA NUOVO DUCATO DS.R.90 (1990-1994) 1930 \/ 1930 TURBO<br \/>\nFIAT PROFESSIONAL &#8211; NC TALENTO R.90 (1990-1994) DI\u00c9SEL<br \/>\nFIAT PROFESSIONAL &#8211; NC TALENTO R.90 (1990-1994) GASOLINA<br \/>\nAUTOBIANCHI &#8211; Y10 (1988-1992)<br \/>\nCITROEN &#8211; C25 (1990-1994)<br \/>\nPEUGEOT &#8211; J5 (1990-1994)<\/p>\n<p>LA PIEZA ES NUEVA Y ORIGINAL.<\/p>\n","protected":false},"excerpt":{"rendered":"<p>Tap\u00f3n purgador del circuito de refrigeraci\u00f3n del motor de: M\u00e9trica: 10 Largo total: 34 mm FIAT &#8211; 1V BRAVA (1995-1998) 1910 TB\/DS 100CV FIAT &#8211; 1M BRAVA G.98 (1998-2001) CLIMAS TROPICALES \/ AIRE ACONDICIONADO \/ 1.2 16V CF2 \/ 1.2 16V CF3 FIAT &#8211; 1M BRAVA G.98 (1998-2001) 1600 16V \/ 1600 16V EM.04 \/ [&hellip;]<\/p>\n","protected":false},"featured_media":86368,"template":"","meta":{"_seopress_robots_primary_cat":"","_seopress_titles_title":"","_seopress_titles_desc":"","_seopress_robots_index":""},"product_cat":[48,49,16,25,81,82,132,23,88,20,157,21,120,95,99,24,101,108,110,64,126],"product_tag":[],"class_list":{"0":"post-68977","1":"product","2":"type-product","3":"status-publish","4":"has-post-thumbnail","6":"product_cat-recambios-alfa-romeo-155","7":"product_cat-recambios-alfa-romeo-156","8":"product_cat-recambios-alfa-romeo","9":"product_cat-recambios-autobianchi","10":"product_cat-recambios-fiat-brava","11":"product_cat-recambios-fiat-bravo","12":"product_cat-recambios-citroen-c25","13":"product_cat-recambios-citroen","14":"product_cat-recambios-fiat-ducato","15":"product_cat-recambios-fiat","16":"product_cat-recambios-peugeot-j5","17":"product_cat-recambios-lancia","18":"product_cat-recambios-lancia-lybra","19":"product_cat-recambios-fiat-marea","20":"product_cat-recambios-fiat-panda","21":"product_cat-recambios-peugeot","22":"product_cat-recambios-fiat-punto","23":"product_cat-recambios-fiat-stilo","24":"product_cat-recambios-fiat-talento","25":"product_cat-recambios-autobianchi-y10","26":"product_cat-recambios-lancia-y10","28":"first","29":"instock","30":"taxable","31":"shipping-taxable","32":"purchasable","33":"product-type-simple"},"_links":{"self":[{"href":"https:\/\/galicianparts.com\/shop\/wp-json\/wp\/v2\/product\/68977"}],"collection":[{"href":"https:\/\/galicianparts.com\/shop\/wp-json\/wp\/v2\/product"}],"about":[{"href":"https:\/\/galicianparts.com\/shop\/wp-json\/wp\/v2\/types\/product"}],"wp:featuredmedia":[{"embeddable":true,"href":"https:\/\/galicianparts.com\/shop\/wp-json\/wp\/v2\/media\/86368"}],"wp:attachment":[{"href":"https:\/\/galicianparts.com\/shop\/wp-json\/wp\/v2\/media?parent=68977"}],"wp:term":[{"taxonomy":"product_cat","embeddable":true,"href":"https:\/\/galicianparts.com\/shop\/wp-json\/wp\/v2\/product_cat?post=68977"},{"taxonomy":"product_tag","embeddable":true,"href":"https:\/\/galicianparts.com\/shop\/wp-json\/wp\/v2\/product_tag?post=68977"}],"curies":[{"name":"wp","href":"https:\/\/api.w.org\/{rel}","templated":true}]}}