{"id":69023,"date":"2023-02-24T10:48:31","date_gmt":"2023-02-24T08:48:31","guid":{"rendered":"https:\/\/galicianparts.com\/shop\/producto\/13546524-tornillo-m10-carter-fiat-barchetta-punto-doblo-alfa-156-166-lancia-original\/"},"modified":"2025-01-30T11:56:25","modified_gmt":"2025-01-30T09:56:25","slug":"13546524-tornillo-m10-carter-fiat-barchetta-punto-doblo-alfa-156-166-lancia-original","status":"publish","type":"product","link":"https:\/\/galicianparts.com\/shop\/producto\/13546524-tornillo-m10-carter-fiat-barchetta-punto-doblo-alfa-156-166-lancia-original\/","title":{"rendered":"13546524 Tornillo M10 c\u00e1rter Fiat Barchetta \/Punto \/Doblo \/Alfa 156 \/166 \/Lancia ORIGINAL"},"content":{"rendered":"<p>Esp\u00e1rrago de la tapa inferior del c\u00e1rter del motor de:<br \/>\nM\u00e9trica: 10X1,25<br \/>\nLargo total: 50 mm<\/p>\n<p>FIAT &#8211; PK BARCHETTA (1995-2004) 1.8 16V (183A1000) \/ 1.8 16V (188A6000)<br \/>\nFIAT &#8211; 2G PALIO WE EUROPA REST. (2002-2004) 1910 DS CF3 \/ 1910 JTD CF3<br \/>\nFIAT &#8211; 2G PALIO WE EUROPA REST. (2002-2004) 1910 JTD CF3<br \/>\nFIAT &#8211; 2K PALIO WE EXTRA EUROPA REST. 2002 (2002-2008) 1910 JTD CF3<br \/>\nFIAT &#8211; PY PALIO\/WEEKEND EUROPA (1997-2002) 1.9 DS CF3<br \/>\nFIAT &#8211; 1N PUNTO BZ (1999-2003) 1.8 16V CF2 \/ 1.8 16V CF3<br \/>\nFIAT &#8211; 1P PUNTO DS (1999-2003) 1.9 DS \/ 1.9 JTD 80 CV \/ 1.9 JTD 85 CV<br \/>\nFIAT &#8211; 2U PUNTO FL.&#8217;03 (2003-2010) 1.8 16V CF4<br \/>\nFIAT &#8211; 2U PUNTO FL.&#8217;03 (2003-2010) 1910 JTD 85CV\/63 KW<br \/>\nALFA ROMEO &#8211; X1 156 M.Y.2002 (2001-2005) 2400\u00a0JTD\u00a010V\u00a0150CV\/110\u00a0KW<br \/>\nALFA ROMEO &#8211; W9 166 (1998-2007) 2400\u00a0JTD\u00a0CF3\u00a0140\u00a0CV\/103KW \/ 2400\u00a0JTD\u00a0CF3\u00a0150\u00a0CV\/110KW<br \/>\nLANCIA &#8211; SY LYBRA DS (1999-2005) 2400 JTD CF2 (AR32501) \/ 2400 JTD CF2 (839A5000) \/ 2400\u00a0JTD\u00a0CF3\u00a0140\u00a0CV\/103KW \/ 2400\u00a0JTD\u00a0CF3\u00a0150\u00a0CV\/110KW<br \/>\nLANCIA &#8211; SJ THESIS (2001-2007) 2400\u00a0JTD\u00a010V\u00a0150CV\/110\u00a0KW<br \/>\nFIAT PROFESSIONAL &#8211; 1W DOBLO (2000-2004) 1.9 DS CF3<br \/>\nFIAT PROFESSIONAL &#8211; 2W DOBLO MY. 2004 (2004-2005) 1.9\u00a0DS\u00a0ASP\u00a0CF3<br \/>\nFIAT PROFESSIONAL &#8211; 1G STRADA (1999-2005) 1910 JTD CF3<\/p>\n<p>LA PIEZA ES NUEVA Y ORIGINAL.<\/p>\n","protected":false},"excerpt":{"rendered":"<p>Esp\u00e1rrago de la tapa inferior del c\u00e1rter del motor de: M\u00e9trica: 10X1,25 Largo total: 50 mm FIAT &#8211; PK BARCHETTA (1995-2004) 1.8 16V (183A1000) \/ 1.8 16V (188A6000) FIAT &#8211; 2G PALIO WE EUROPA REST. (2002-2004) 1910 DS CF3 \/ 1910 JTD CF3 FIAT &#8211; 2G PALIO WE EUROPA REST. (2002-2004) 1910 JTD CF3 FIAT [&hellip;]<\/p>\n","protected":false},"featured_media":93997,"template":"","meta":{"_seopress_robots_primary_cat":"","_seopress_titles_title":"","_seopress_titles_desc":"","_seopress_robots_index":""},"product_cat":[49,57,16,80,87,20,21,120,98,101,109,125],"product_tag":[],"class_list":{"0":"post-69023","1":"product","2":"type-product","3":"status-publish","4":"has-post-thumbnail","6":"product_cat-recambios-alfa-romeo-156","7":"product_cat-recambios-alfa-romeo-166","8":"product_cat-recambios-alfa-romeo","9":"product_cat-recambios-fiat-barchetta","10":"product_cat-recambios-fiat-doblo","11":"product_cat-recambios-fiat","12":"product_cat-recambios-lancia","13":"product_cat-recambios-lancia-lybra","14":"product_cat-recambios-fiat-palio","15":"product_cat-recambios-fiat-punto","16":"product_cat-recambios-fiat-strada","17":"product_cat-recambios-lancia-thesis","19":"first","20":"instock","21":"taxable","22":"shipping-taxable","23":"purchasable","24":"product-type-simple"},"_links":{"self":[{"href":"https:\/\/galicianparts.com\/shop\/wp-json\/wp\/v2\/product\/69023"}],"collection":[{"href":"https:\/\/galicianparts.com\/shop\/wp-json\/wp\/v2\/product"}],"about":[{"href":"https:\/\/galicianparts.com\/shop\/wp-json\/wp\/v2\/types\/product"}],"wp:featuredmedia":[{"embeddable":true,"href":"https:\/\/galicianparts.com\/shop\/wp-json\/wp\/v2\/media\/93997"}],"wp:attachment":[{"href":"https:\/\/galicianparts.com\/shop\/wp-json\/wp\/v2\/media?parent=69023"}],"wp:term":[{"taxonomy":"product_cat","embeddable":true,"href":"https:\/\/galicianparts.com\/shop\/wp-json\/wp\/v2\/product_cat?post=69023"},{"taxonomy":"product_tag","embeddable":true,"href":"https:\/\/galicianparts.com\/shop\/wp-json\/wp\/v2\/product_tag?post=69023"}],"curies":[{"name":"wp","href":"https:\/\/api.w.org\/{rel}","templated":true}]}}