{"id":69028,"date":"2023-02-24T11:06:37","date_gmt":"2023-02-24T09:06:37","guid":{"rendered":"https:\/\/galicianparts.com\/shop\/producto\/51708765-abrazadera-d13-mm-tubos-cables-fiat-punto-doblo-lancia-ypsilon-alfa-mito-original\/"},"modified":"2023-02-24T11:08:35","modified_gmt":"2023-02-24T09:08:35","slug":"51708765-abrazadera-d13-mm-tubos-cables-fiat-punto-doblo-lancia-ypsilon-alfa-mito-original","status":"publish","type":"product","link":"https:\/\/galicianparts.com\/shop\/producto\/51708765-abrazadera-d13-mm-tubos-cables-fiat-punto-doblo-lancia-ypsilon-alfa-mito-original\/","title":{"rendered":"51708765 Abrazadera D13 mm tubos\/cables Fiat Punto \/Doblo \/Lancia Ypsilon \/Alfa Mito ORIGINAL"},"content":{"rendered":"<p>Tope de sujeci\u00f3n de cableado el\u00e9ctrico y manguitos de:<br \/>\nDi\u00e1metro: 13 mm<\/p>\n<p>FIAT &#8211; 2Y GRANDE PUNTO (2005-2008)<br \/>\nFIAT &#8211; 4C GRANDE PUNTO (2008-2009)<br \/>\nFIAT &#8211; 3L NUOVA BRAVO (2007-2009)<br \/>\nFIAT &#8211; 1X PALIO 2V EXTRA EUROPA (1997-2002) ED 3P(ZA) \/ EL 3P(ZA) \/ HL 3P(ZA) \/ EL 5P(ZA)<br \/>\nFIAT &#8211; 1X PALIO 2V EXTRA EUROPA (1997-2002) ED 3P MY 2002 (ZA) \/ EL 3P MY 2002 (ZA) \/ LUXURY 3P MY 2002 (ZA) \/ ED 5P MY 2002 (ZA) \/ EL 5P MY 2002 (ZA)<br \/>\nFIAT &#8211; 2H PALIO 2V EXTRA EUROPA REST. 2002 (2002-2011) 1242 8V CF3 EOBD \/ 1242\u00a016V\u00a0CF3 \/ SL (TR) \/ EL (TR) \/ EL\u00a0SPEEDGEAR\u00a0(TR) \/ HL (TR) \/ SPORT (TR) \/ HL SPEEDGEAR (TR) \/ VAN (TR)<br \/>\nFIAT &#8211; 2H PALIO 2V EXTRA EUROPA REST. 2002 (2002-2011) EDX (CN) \/ EL (CN) \/ ED TAXI (CN) \/ ELX (CN) \/ ELX\u00a0SPEEDGEAR\u00a0(CN) \/ EL\u00a0SPEEDGEAR\u00a0(CN)<br \/>\nFIAT &#8211; 2H PALIO 2V EXTRA EUROPA REST. 2002 (2002-2011) 1242 MPI 8V CF2 87RON \/ GT (IND) \/ EL (IND) \/ ELX (IND) \/ SPORT (IND.)<br \/>\nFIAT &#8211; 2H PALIO 2V EXTRA EUROPA REST. 2002 (2002-2011) EX (CN) MY2004 \/ HL SPEEDGEAR 5DOOR (CN) MY 2004 \/ HL (CN) MY 2004 \/ HL AUTOMATIC TRANSMISSION (CN) MY 2004 C \/ FX\u00a0(CN)\u00a0MY\u00a02005\u00a0CF2<br \/>\nFIAT &#8211; 2H PALIO 2V EXTRA EUROPA REST. 2002 (2002-2011) 1697\u00a0TD\u00a0CF2 \/ GO BASIC 5DR (ZA) \/ EL 5DR (ZA)<br \/>\nFIAT &#8211; 2H PALIO 2V EXTRA EUROPA REST. 2002 (2002-2011) GO BASIC 3DR (ZA) \/ GO BASIC 5DR (ZA) \/ 1242\u00a08V\u00a0MPI\u00a0EM.\u00a004<br \/>\nFIAT &#8211; 2H PALIO 2V EXTRA EUROPA REST. 2002 (2002-2011) 1242\u00a08V\u00a0MPI\u00a0EM.\u00a004 \/ EL 3DR (ZA) \/ ELX 5DR (ZA) \/ EL 5DR (ZA)<br \/>\nFIAT &#8211; 2H PALIO 2V EXTRA EUROPA REST. 2002 (2002-2011) FX (CN) MY 2005 CF3 \/ FL (CN) MY 2005 CF3 \/ FX (CN) MY 2005 CF3 \/ FX+CD (CN) MY 2005 CF3 \/ FSX (CN) MY 2005 CF3<br \/>\nFIAT &#8211; 2H PALIO 2V EXTRA EUROPA REST. 2002 (2002-2011) GX-CD (CN) MY 2006 CF3 \/ GX (CN) MY 2006 CF3 \/ GX-CD (CN) MY 2006 CF3 \/ GSX (CN) MY 2006 CF3 \/ GL (CN) MY 2006 CF3<br \/>\nFIAT &#8211; 3D PALIO 2V REST.2 (2005-2011) 1108 8V MPI GS CF3 \/ 1.6 16V MPI GS CF3<br \/>\nFIAT &#8211; 2G PALIO WE EUROPA REST. (2002-2004) 1242 MPI 8V CF3<br \/>\nFIAT &#8211; 1Y PALIO WE EXTRA EUROPA (1997-2002) 1242 MPI CF3 \/ EL (TR) \/ HL (TR) \/ \u00abS\u00bb(TR)<br \/>\nFIAT &#8211; 2K PALIO WE EXTRA EUROPA REST. 2002 (2002-2008) 1242 MPI 8V CF3 \/ HL (PL) \/ SL (TR) \/ EL (TR) \/ HL (TR) \/ EL (PL)<br \/>\nFIAT &#8211; PY PALIO\/WEEKEND EUROPA (1997-2002) 1242 SW CF2 \/ 1242 BN CF2 \/ 1.2 SW CF3 \/ 1242 BN CF3<br \/>\nFIAT &#8211; 1N PUNTO BZ (1999-2003) 1.2 8V CF2 \/ 1.2 8V CF3 (OPT.229) \/ 1.2\u00a08V\u00a0CF3 \/ 1.2 16V CF2 \/ 1.2 16V CF3 \/ 1.8 16V CF2 \/ 1.8 16V CF3<br \/>\nFIAT &#8211; 1N PUNTO BZ (1999-2003) 1242 8V CF3 BZ\/MET<br \/>\nFIAT &#8211; 3J PUNTO EVO (2009-2011)<br \/>\nFIAT &#8211; 2U PUNTO FL.&#8217;03 (2003-2010) 1242 8V \/ 1.2\u00a08V\u00a0(OPC.229)<br \/>\nFIAT &#8211; 2A SIENA EXTRA EUROPA (1997-2002) EL (VN) \/ HL (VN) \/ ED GAMMA 2002 (VN) \/ HL GAMMA 2002 (VN) \/ HLX GAMMA 2002 (VN)<br \/>\nFIAT &#8211; 2L SIENA EXTRA EUROPA REST.(2002-2012) 1242 MPI 8V CF3 \/ EL (PL) \/ HL (PL) \/ SL (TR) \/ EL (TR) \/ HL (TR) \/ HL SPEEDGEAR \/ BASE IRAN \/ FUNCIONAL IRAN \/ BASE &#8211; BASIC-D<br \/>\nFIAT &#8211; 2L SIENA EXTRA EUROPA REST. (2002-2012) EX (IND) \/ 1596 16V CF3 (IND)<br \/>\nFIAT &#8211; 2L SIENA EXTRA EUROPA REST. (2002-2012) 1242 MPI 8V CF3 \/ EDX (CN) \/ ED TAXI (CN) \/ EL (CN) \/ ELX (CN) \/ HL SPEEDGEAR (CN)<br \/>\nFIAT &#8211; 2L SIENA EXTRA EUROPA REST.(2002-2012) 1242 MPI 8V CF3 \/ ELX (ET) \/ ELX SPEEDGEAR (ET) \/ HLX (ET) \/ MAXI EL (VN) \/ \u00abMAXI HL\u00bb (VN)<br \/>\nFIAT &#8211; 2L SIENA EXTRA EUROPA REST. (2002-2012) 1242\u00a08V\u00a0MPI\u00a0EM.\u00a004 \/ 1580\u00a016V\u00a0MPI\u00a0EM\u00a004<br \/>\nALFA ROMEO &#8211; X6 ALFA MITO (2008-2011)<br \/>\nLANCIA &#8211; TA Y FL.2000 (2000-2003) 1.2 8V<br \/>\nLANCIA &#8211; TE YPSILON (2003-2009) 1200 8V MPI CF4 60CV\/44KW \/ 1200 8V MPI CF4 60CV\/44KW1<br \/>\nLANCIA &#8211; TE YPSILON (2003-2009) 1400\u00a08V\u00a0GPL<br \/>\nLANCIA &#8211; TI YPSILON (2009-2011) (1242\u00a0-1248\u00a0CC) \/ LIM.CEE FASE 4 \/ (1368\u00a0CC) \/ 8 V\u00c1LVULAS<br \/>\nLANCIA &#8211; TI YPSILON (2009-2011) ALIMENTACI\u00d3N GLP (EST\u00c1NDAR ITALIA)<br \/>\nFIAT PROFESSIONAL &#8211; 1W DOBLO (2000-2004) 1242 MPI 8V CF3 \/ 1596 16V CF3<br \/>\nFIAT PROFESSIONAL &#8211; 1W DOBLO (2000-2004) 1596 16V GASOLINA\/METANO<br \/>\nFIAT PROFESSIONAL &#8211; 2W DOBLO MY. 2004 (2004-2005) 1.2\u00a08V\u00a0CF3<br \/>\nFIAT PROFESSIONAL &#8211; 3C DOBLO REST. 2005 (2005-&#8230;.) 1.4\u00a0GS\u00a0MPI\u00a08V\u00a0CF4<br \/>\nFIAT PROFESSIONAL &#8211; 1G STRADA (1999-2005) 1242 CF3 \/ 1242 M.P.I.  8V CF3 FL \/ 1242 CF2 \/ TREKKING ANTERIOR AL  F.L.<br \/>\nABARTH &#8211; 4A GRANDE PUNTO ABARTH (2007-2010)<\/p>\n<p>LA PIEZA ES NUEVA Y ORIGINAL.<\/p>\n","protected":false},"excerpt":{"rendered":"<p>Tope de sujeci\u00f3n de cableado el\u00e9ctrico y manguitos de: Di\u00e1metro: 13 mm FIAT &#8211; 2Y GRANDE PUNTO (2005-2008) FIAT &#8211; 4C GRANDE PUNTO (2008-2009) FIAT &#8211; 3L NUOVA BRAVO (2007-2009) FIAT &#8211; 1X PALIO 2V EXTRA EUROPA (1997-2002) ED 3P(ZA) \/ EL 3P(ZA) \/ HL 3P(ZA) \/ EL 5P(ZA) FIAT &#8211; 1X PALIO 2V EXTRA [&hellip;]<\/p>\n","protected":false},"featured_media":69029,"template":"","meta":{"_seopress_robots_primary_cat":"","_seopress_titles_title":"","_seopress_titles_desc":"","_seopress_robots_index":""},"product_cat":[16,82,87,20,92,21,47,98,101,107,109,127],"product_tag":[],"class_list":{"0":"post-69028","1":"product","2":"type-product","3":"status-publish","4":"has-post-thumbnail","6":"product_cat-recambios-alfa-romeo","7":"product_cat-recambios-fiat-bravo","8":"product_cat-recambios-fiat-doblo","9":"product_cat-recambios-fiat","10":"product_cat-recambios-fiat-grande-punto","11":"product_cat-recambios-lancia","12":"product_cat-recambios-alfa-romeo-mito","13":"product_cat-recambios-fiat-palio","14":"product_cat-recambios-fiat-punto","15":"product_cat-recambios-fiat-siena","16":"product_cat-recambios-fiat-strada","17":"product_cat-recambios-lancia-ypsilon","19":"first","20":"instock","21":"taxable","22":"shipping-taxable","23":"purchasable","24":"product-type-simple"},"_links":{"self":[{"href":"https:\/\/galicianparts.com\/shop\/wp-json\/wp\/v2\/product\/69028"}],"collection":[{"href":"https:\/\/galicianparts.com\/shop\/wp-json\/wp\/v2\/product"}],"about":[{"href":"https:\/\/galicianparts.com\/shop\/wp-json\/wp\/v2\/types\/product"}],"wp:featuredmedia":[{"embeddable":true,"href":"https:\/\/galicianparts.com\/shop\/wp-json\/wp\/v2\/media\/69029"}],"wp:attachment":[{"href":"https:\/\/galicianparts.com\/shop\/wp-json\/wp\/v2\/media?parent=69028"}],"wp:term":[{"taxonomy":"product_cat","embeddable":true,"href":"https:\/\/galicianparts.com\/shop\/wp-json\/wp\/v2\/product_cat?post=69028"},{"taxonomy":"product_tag","embeddable":true,"href":"https:\/\/galicianparts.com\/shop\/wp-json\/wp\/v2\/product_tag?post=69028"}],"curies":[{"name":"wp","href":"https:\/\/api.w.org\/{rel}","templated":true}]}}