{"id":69207,"date":"2023-02-28T13:38:53","date_gmt":"2023-02-28T11:38:53","guid":{"rendered":"https:\/\/galicianparts.com\/shop\/producto\/5941975-pack-3-topes-10x8mm-anclaje-tuerca-m4-fiat-lancia-seat-clasico-original\/"},"modified":"2023-11-18T20:25:07","modified_gmt":"2023-11-18T18:25:07","slug":"5941975-pack-3-topes-10x8mm-anclaje-tuerca-m4-fiat-lancia-seat-clasico-original","status":"publish","type":"product","link":"https:\/\/galicianparts.com\/shop\/producto\/5941975-pack-3-topes-10x8mm-anclaje-tuerca-m4-fiat-lancia-seat-clasico-original\/","title":{"rendered":"5941975 Pack 3 topes 10x8mm anclaje tuerca M4 Fiat \/Lancia \/Seat cl\u00e1sico ORIGINAL"},"content":{"rendered":"<p>Juego, set de 3 clips de sujeci\u00f3n de tuercas de m\u00e9trica 4 de Fiat \/ Lancia \/ Seta cl\u00e1sico.<br \/>\nMedidas: 10&#215;8 mm<\/p>\n<p>LA PIEZA ES NUEVA Y ORIGINAL.<\/p>\n","protected":false},"excerpt":{"rendered":"<p>Juego, set de 3 clips de sujeci\u00f3n de tuercas de m\u00e9trica 4 de Fiat \/ Lancia \/ Seta cl\u00e1sico. Medidas: 10&#215;8 mm LA PIEZA ES NUEVA Y ORIGINAL.<\/p>\n","protected":false},"featured_media":69208,"template":"","meta":{"_seopress_robots_primary_cat":"","_seopress_titles_title":"","_seopress_titles_desc":"","_seopress_robots_index":""},"product_cat":[20,21,26],"product_tag":[],"class_list":{"0":"post-69207","1":"product","2":"type-product","3":"status-publish","4":"has-post-thumbnail","6":"product_cat-recambios-fiat","7":"product_cat-recambios-lancia","8":"product_cat-recambios-seat","10":"first","11":"outofstock","12":"taxable","13":"shipping-taxable","14":"purchasable","15":"product-type-simple"},"_links":{"self":[{"href":"https:\/\/galicianparts.com\/shop\/wp-json\/wp\/v2\/product\/69207"}],"collection":[{"href":"https:\/\/galicianparts.com\/shop\/wp-json\/wp\/v2\/product"}],"about":[{"href":"https:\/\/galicianparts.com\/shop\/wp-json\/wp\/v2\/types\/product"}],"wp:featuredmedia":[{"embeddable":true,"href":"https:\/\/galicianparts.com\/shop\/wp-json\/wp\/v2\/media\/69208"}],"wp:attachment":[{"href":"https:\/\/galicianparts.com\/shop\/wp-json\/wp\/v2\/media?parent=69207"}],"wp:term":[{"taxonomy":"product_cat","embeddable":true,"href":"https:\/\/galicianparts.com\/shop\/wp-json\/wp\/v2\/product_cat?post=69207"},{"taxonomy":"product_tag","embeddable":true,"href":"https:\/\/galicianparts.com\/shop\/wp-json\/wp\/v2\/product_tag?post=69207"}],"curies":[{"name":"wp","href":"https:\/\/api.w.org\/{rel}","templated":true}]}}