{"id":69224,"date":"2023-02-28T15:39:14","date_gmt":"2023-02-28T13:39:14","guid":{"rendered":"https:\/\/galicianparts.com\/shop\/producto\/000723133800-escobilla-limpiaparabrisas-l-380mm-fiat-lancia-seat-citroen-original-magneti-marelli\/"},"modified":"2025-09-13T22:20:48","modified_gmt":"2025-09-13T20:20:48","slug":"000723133800-escobilla-limpiaparabrisas-l-380mm-fiat-lancia-seat-citroen-original-magneti-marelli","status":"publish","type":"product","link":"https:\/\/galicianparts.com\/shop\/producto\/000723133800-escobilla-limpiaparabrisas-l-380mm-fiat-lancia-seat-citroen-original-magneti-marelli\/","title":{"rendered":"000723133800 Escobilla limpiaparabrisas L 380mm Fiat \/Lancia \/Seat \/Citroen ORIGINAL MAGNETI MARELLI"},"content":{"rendered":"<p>Escobilla del limpiaparabrisas delantero de:<br \/>\nLargo: 38cm<br \/>\nAdaptador: CC\/CD1\/CB3<\/p>\n<p>FIAT X 1\/9 (128) (A\u00f1o 11.1972 &#8211; 12.1989)<br \/>\nFIAT Ritmo I Hatchback (138) (A\u00f1o 01.1978 &#8211; 12.1988)<br \/>\nFIAT Tipo Hatchback (160) (A\u00f1o 07.1987 &#8211; 10.1997)<br \/>\nFIAT Fiorino (127) (A\u00f1o 10.1977 &#8211; 12.1987)<br \/>\nFIAT Ducato I (290) (A\u00f1o 01.1990 &#8211; 05.1994)<br \/>\nFIAT Ducato I (280) (A\u00f1o 01.1982 &#8211; 09.1990)<br \/>\nFIAT 147 (A\u00f1o 10.1976 &#8211; 12.1996)<br \/>\nFIAT Campagnola (A\u00f1o 06.1974 &#8211; 10.1989)<\/p>\n<p>ALFA ROMEO 155 (167) (A\u00f1o 01.1992 &#8211; 12.1997)<br \/>\nALFA ROMEO 33 (905) (A\u00f1o 05.1983 &#8211; 12.1993)<br \/>\nALFA ROMEO 33 (907A) (A\u00f1o 01.1990 &#8211; 09.1994)<\/p>\n<p>LANCIA Thema Familiar (834) (A\u00f1o 03.1987 &#8211; 07.1994)<\/p>\n<p>CITRO\u00cbN LNA Hatchback (A\u00f1o 11.1976 &#8211; 10.1986)<\/p>\n<p>SEAT Ronda (022A) (A\u00f1o 06.1982 &#8211; 11.1988)<br \/>\nSEAT Fura (025A) (A\u00f1o 01.1982 &#8211; 12.1986)<br \/>\nSEAT Ritmo (138) (A\u00f1o 07.1978 &#8211; 09.1983)<\/p>\n<p>AUTOBIANCHI A 112 Hatchback (A\u00f1o 10.1969 &#8211; 12.1986)<\/p>\n<p>KIA Pride (DA) (A\u00f1o 01.1990 &#8211; 12.2011)<br \/>\nKIA Clarus Familiar (GC) (A\u00f1o 05.1998 &#8211; &#8230;)<\/p>\n<p>LA PIEZA ES NUEVA Y ORIGINAL MAGNETI MARELLI<\/p>\n","protected":false},"excerpt":{"rendered":"<p>Escobilla del limpiaparabrisas delantero de: Largo: 38cm Adaptador: CC\/CD1\/CB3 FIAT X 1\/9 (128) (A\u00f1o 11.1972 &#8211; 12.1989) FIAT Ritmo I Hatchback (138) (A\u00f1o 01.1978 &#8211; 12.1988) FIAT Tipo Hatchback (160) (A\u00f1o 07.1987 &#8211; 10.1997) FIAT Fiorino (127) (A\u00f1o 10.1977 &#8211; 12.1987) FIAT Ducato I (290) (A\u00f1o 01.1990 &#8211; 05.1994) FIAT Ducato I (280) (A\u00f1o 01.1982 [&hellip;]<\/p>\n","protected":false},"featured_media":69226,"template":"","meta":{"_seopress_robots_primary_cat":"","_seopress_titles_title":"","_seopress_titles_desc":"","_seopress_robots_index":""},"product_cat":[222,48,43,63,16,25,83,23,267,88,20,91,208,22,21,260,201,198,103,165,26,124,112,206],"product_tag":[],"class_list":{"0":"post-69224","1":"product","2":"type-product","3":"status-publish","4":"has-post-thumbnail","6":"product_cat-recambios-fiat-147","7":"product_cat-recambios-alfa-romeo-155","8":"product_cat-recambios-alfa-romeo-33","9":"product_cat-recambios-autobianchi-a112","10":"product_cat-recambios-alfa-romeo","11":"product_cat-recambios-autobianchi","12":"product_cat-recambios-fiat-campagnola","13":"product_cat-recambios-citroen","14":"product_cat-recambios-kia-clarus","15":"product_cat-recambios-fiat-ducato","16":"product_cat-recambios-fiat","17":"product_cat-recambios-fiat-fiorino","18":"product_cat-recambios-seat-fura","19":"product_cat-recambios-kia","20":"product_cat-recambios-lancia","21":"product_cat-recambios-citroen-lna","22":"product_cat-recambios-kia-pride","23":"product_cat-recambios-seat-ritmo","24":"product_cat-recambios-fiat-ritmo","25":"product_cat-recambios-seat-ronda","26":"product_cat-recambios-seat","27":"product_cat-recambios-lancia-thema","28":"product_cat-recambios-fiat-tipo","29":"product_cat-recambios-fiat-x1-9","31":"first","32":"instock","33":"taxable","34":"shipping-taxable","35":"purchasable","36":"product-type-simple"},"_links":{"self":[{"href":"https:\/\/galicianparts.com\/shop\/wp-json\/wp\/v2\/product\/69224"}],"collection":[{"href":"https:\/\/galicianparts.com\/shop\/wp-json\/wp\/v2\/product"}],"about":[{"href":"https:\/\/galicianparts.com\/shop\/wp-json\/wp\/v2\/types\/product"}],"wp:featuredmedia":[{"embeddable":true,"href":"https:\/\/galicianparts.com\/shop\/wp-json\/wp\/v2\/media\/69226"}],"wp:attachment":[{"href":"https:\/\/galicianparts.com\/shop\/wp-json\/wp\/v2\/media?parent=69224"}],"wp:term":[{"taxonomy":"product_cat","embeddable":true,"href":"https:\/\/galicianparts.com\/shop\/wp-json\/wp\/v2\/product_cat?post=69224"},{"taxonomy":"product_tag","embeddable":true,"href":"https:\/\/galicianparts.com\/shop\/wp-json\/wp\/v2\/product_tag?post=69224"}],"curies":[{"name":"wp","href":"https:\/\/api.w.org\/{rel}","templated":true}]}}