{"id":69231,"date":"2023-02-28T18:22:55","date_gmt":"2023-02-28T16:22:55","guid":{"rendered":"https:\/\/galicianparts.com\/shop\/producto\/4455424-silentblock-palanca-cambio-fiat-ritmo-1-7-diesel-1979-1982-original\/"},"modified":"2025-12-28T17:30:14","modified_gmt":"2025-12-28T15:30:14","slug":"4455424-silentblock-palanca-cambio-fiat-ritmo-1-7-diesel-1979-1982-original","status":"publish","type":"product","link":"https:\/\/galicianparts.com\/shop\/producto\/4455424-silentblock-palanca-cambio-fiat-ritmo-1-7-diesel-1979-1982-original\/","title":{"rendered":"4455424 Silentblock palanca cambio Fiat Ritmo 1.7 Diesel (1979-1982) ORIGINAL"},"content":{"rendered":"<p>Casquillo inferior de la barra del varillaje del cambio de:<br \/>\nDi\u00e1metro interior: 8mm<br \/>\nLargo: 36,5mm<\/p>\n<p>FIAT Ritmo I Hatchback (138)<br \/>\n1.7 Di\u00e9sel 55, A\u00f1o 10.1979 &#8211; 09.1982, 1714 , 55<\/p>\n<p>LA PIEZA ES NUEVA Y ORIGINAL.<\/p>\n","protected":false},"excerpt":{"rendered":"<p>Casquillo inferior de la barra del varillaje del cambio de: Di\u00e1metro interior: 8mm Largo: 36,5mm FIAT Ritmo I Hatchback (138) 1.7 Di\u00e9sel 55, A\u00f1o 10.1979 &#8211; 09.1982, 1714 , 55 LA PIEZA ES NUEVA Y ORIGINAL.<\/p>\n","protected":false},"featured_media":69232,"template":"","meta":{"_seopress_robots_primary_cat":"","_seopress_titles_title":"","_seopress_titles_desc":"","_seopress_robots_index":""},"product_cat":[20,103],"product_tag":[],"class_list":{"0":"post-69231","1":"product","2":"type-product","3":"status-publish","4":"has-post-thumbnail","6":"product_cat-recambios-fiat","7":"product_cat-recambios-fiat-ritmo","9":"first","10":"outofstock","11":"taxable","12":"shipping-taxable","13":"purchasable","14":"product-type-simple"},"_links":{"self":[{"href":"https:\/\/galicianparts.com\/shop\/wp-json\/wp\/v2\/product\/69231"}],"collection":[{"href":"https:\/\/galicianparts.com\/shop\/wp-json\/wp\/v2\/product"}],"about":[{"href":"https:\/\/galicianparts.com\/shop\/wp-json\/wp\/v2\/types\/product"}],"wp:featuredmedia":[{"embeddable":true,"href":"https:\/\/galicianparts.com\/shop\/wp-json\/wp\/v2\/media\/69232"}],"wp:attachment":[{"href":"https:\/\/galicianparts.com\/shop\/wp-json\/wp\/v2\/media?parent=69231"}],"wp:term":[{"taxonomy":"product_cat","embeddable":true,"href":"https:\/\/galicianparts.com\/shop\/wp-json\/wp\/v2\/product_cat?post=69231"},{"taxonomy":"product_tag","embeddable":true,"href":"https:\/\/galicianparts.com\/shop\/wp-json\/wp\/v2\/product_tag?post=69231"}],"curies":[{"name":"wp","href":"https:\/\/api.w.org\/{rel}","templated":true}]}}