{"id":69267,"date":"2023-03-01T20:11:28","date_gmt":"2023-03-01T18:11:28","guid":{"rendered":"https:\/\/galicianparts.com\/shop\/producto\/2000038700-util-montaje-retan-ciguenal-motor-900cc-fiat-seat-lancia\/"},"modified":"2023-03-01T20:15:46","modified_gmt":"2023-03-01T18:15:46","slug":"2000038700-util-montaje-retan-ciguenal-motor-900cc-fiat-seat-lancia","status":"publish","type":"product","link":"https:\/\/galicianparts.com\/shop\/producto\/2000038700-util-montaje-retan-ciguenal-motor-900cc-fiat-seat-lancia\/","title":{"rendered":"2000038700 \u00datil montaje ret\u00e1n cig\u00fce\u00f1al motor 900cc Fiat \/Seat \/Lancia"},"content":{"rendered":"<p>Herramienta de montaje de la junta del cig\u00fce\u00f1al del lado del volante del motor 900cc de Fiat \/ Lancia \/ Seat.<\/p>\n<p>LA PIEZA ES NUEVA Y ORIGINAL.<\/p>\n","protected":false},"excerpt":{"rendered":"<p>Herramienta de montaje de la junta del cig\u00fce\u00f1al del lado del volante del motor 900cc de Fiat \/ Lancia \/ Seat. LA PIEZA ES NUEVA Y ORIGINAL.<\/p>\n","protected":false},"featured_media":69268,"template":"","meta":{"_seopress_robots_primary_cat":"","_seopress_titles_title":"","_seopress_titles_desc":"","_seopress_robots_index":""},"product_cat":[20,21,26],"product_tag":[],"class_list":{"0":"post-69267","1":"product","2":"type-product","3":"status-publish","4":"has-post-thumbnail","6":"product_cat-recambios-fiat","7":"product_cat-recambios-lancia","8":"product_cat-recambios-seat","10":"first","11":"instock","12":"taxable","13":"shipping-taxable","14":"purchasable","15":"product-type-simple"},"_links":{"self":[{"href":"https:\/\/galicianparts.com\/shop\/wp-json\/wp\/v2\/product\/69267"}],"collection":[{"href":"https:\/\/galicianparts.com\/shop\/wp-json\/wp\/v2\/product"}],"about":[{"href":"https:\/\/galicianparts.com\/shop\/wp-json\/wp\/v2\/types\/product"}],"wp:featuredmedia":[{"embeddable":true,"href":"https:\/\/galicianparts.com\/shop\/wp-json\/wp\/v2\/media\/69268"}],"wp:attachment":[{"href":"https:\/\/galicianparts.com\/shop\/wp-json\/wp\/v2\/media?parent=69267"}],"wp:term":[{"taxonomy":"product_cat","embeddable":true,"href":"https:\/\/galicianparts.com\/shop\/wp-json\/wp\/v2\/product_cat?post=69267"},{"taxonomy":"product_tag","embeddable":true,"href":"https:\/\/galicianparts.com\/shop\/wp-json\/wp\/v2\/product_tag?post=69267"}],"curies":[{"name":"wp","href":"https:\/\/api.w.org\/{rel}","templated":true}]}}