{"id":69299,"date":"2023-03-02T12:35:30","date_gmt":"2023-03-02T10:35:30","guid":{"rendered":"https:\/\/galicianparts.com\/shop\/producto\/2000039100-util-montaje-guia-valvulas-motor-900cc-fiat-lancia-alfa-nuevo-original\/"},"modified":"2023-03-02T12:42:53","modified_gmt":"2023-03-02T10:42:53","slug":"2000039100-util-montaje-guia-valvulas-motor-900cc-fiat-lancia-alfa-nuevo-original","status":"publish","type":"product","link":"https:\/\/galicianparts.com\/shop\/producto\/2000039100-util-montaje-guia-valvulas-motor-900cc-fiat-lancia-alfa-nuevo-original\/","title":{"rendered":"2000039100 \u00datil montaje gu\u00eda v\u00e1lvulas motor 900cc Fiat \/Lancia \/Alfa NUEVO ORIGINAL"},"content":{"rendered":"<p>Herramienta de introducci\u00f3n de las gu\u00edas de las v\u00e1lvulas del motor 0.9cc de Fiat \/ Lancia \/ Alfa Romeo.<\/p>\n<p>LA PIEZA ES NUEVA Y ORIGINAL.<\/p>\n","protected":false},"excerpt":{"rendered":"<p>Herramienta de introducci\u00f3n de las gu\u00edas de las v\u00e1lvulas del motor 0.9cc de Fiat \/ Lancia \/ Alfa Romeo. LA PIEZA ES NUEVA Y ORIGINAL.<\/p>\n","protected":false},"featured_media":69301,"template":"","meta":{"_seopress_robots_primary_cat":"","_seopress_titles_title":"","_seopress_titles_desc":"","_seopress_robots_index":""},"product_cat":[16,20,21],"product_tag":[],"class_list":{"0":"post-69299","1":"product","2":"type-product","3":"status-publish","4":"has-post-thumbnail","6":"product_cat-recambios-alfa-romeo","7":"product_cat-recambios-fiat","8":"product_cat-recambios-lancia","10":"first","11":"instock","12":"taxable","13":"shipping-taxable","14":"purchasable","15":"product-type-simple"},"_links":{"self":[{"href":"https:\/\/galicianparts.com\/shop\/wp-json\/wp\/v2\/product\/69299"}],"collection":[{"href":"https:\/\/galicianparts.com\/shop\/wp-json\/wp\/v2\/product"}],"about":[{"href":"https:\/\/galicianparts.com\/shop\/wp-json\/wp\/v2\/types\/product"}],"wp:featuredmedia":[{"embeddable":true,"href":"https:\/\/galicianparts.com\/shop\/wp-json\/wp\/v2\/media\/69301"}],"wp:attachment":[{"href":"https:\/\/galicianparts.com\/shop\/wp-json\/wp\/v2\/media?parent=69299"}],"wp:term":[{"taxonomy":"product_cat","embeddable":true,"href":"https:\/\/galicianparts.com\/shop\/wp-json\/wp\/v2\/product_cat?post=69299"},{"taxonomy":"product_tag","embeddable":true,"href":"https:\/\/galicianparts.com\/shop\/wp-json\/wp\/v2\/product_tag?post=69299"}],"curies":[{"name":"wp","href":"https:\/\/api.w.org\/{rel}","templated":true}]}}