{"id":69311,"date":"2023-03-02T13:32:05","date_gmt":"2023-03-02T11:32:05","guid":{"rendered":"https:\/\/galicianparts.com\/shop\/producto\/4713249-platillo-taque-esp-445-fiat-ducato-131-lancia-thema-citroen-peugeot-original\/"},"modified":"2023-03-02T13:33:54","modified_gmt":"2023-03-02T11:33:54","slug":"4713249-platillo-taque-esp-445-fiat-ducato-131-lancia-thema-citroen-peugeot-original","status":"publish","type":"product","link":"https:\/\/galicianparts.com\/shop\/producto\/4713249-platillo-taque-esp-445-fiat-ducato-131-lancia-thema-citroen-peugeot-original\/","title":{"rendered":"4713249 Platillo taqu\u00e9 esp. 4,45 Fiat Ducato \/131 \/Lancia Thema \/Citro\u00ebn \/Peugeot ORIGINAL"},"content":{"rendered":"<p>Disco de ajuste de los taqu\u00e9s de las v\u00e1lvulas del motor de:<br \/>\nEspesor: 4,45 mm<br \/>\nDi\u00e1metro: 40 mm<\/p>\n<p>CITRO\u00cbN Jumper I (230)<br \/>\n2.8 HDi, A\u00f1o 09.2000 &#8211; 04.2002, 2798 , 128<br \/>\n2.8 HDi 4&#215;4, A\u00f1o 09.2000 &#8211; 04.2002, 2798 , 128<br \/>\nCITRO\u00cbN Jumper I (244)<br \/>\n2.8 HDi, A\u00f1o 04.2002 &#8211; &#8230;, 2798 , 128<br \/>\n2.8 HDi, A\u00f1o 05.2004 &#8211; &#8230;, 2798 , 146<br \/>\n2.8 HDi 4&#215;4, A\u00f1o 04.2002 &#8211; &#8230;, 2798 , 128<\/p>\n<p>FIAT 131 Berlina (131)<br \/>\n2.0 D, A\u00f1o 03.1978 &#8211; 03.1987, 1995 , 60<br \/>\n2.5 D, A\u00f1o 06.1978 &#8211; 02.1984, 2445 , 72<br \/>\nFIAT Argenta (132)<br \/>\n2.5 Di\u00e9sel, A\u00f1o 06.1981 &#8211; 11.1985, 2445 , 72<br \/>\nFIAT Ducato II Furg\u00f3n (230L)<br \/>\n2.5 TD, A\u00f1o 06.1994 &#8211; 08.1998, 2499 , 109<br \/>\n2.5 TD 4&#215;4, A\u00f1o 11.1994 &#8211; 04.1998, 2499 , 109<br \/>\n2.5 TD 4&#215;4, A\u00f1o 11.1994 &#8211; 04.1998, 2499 , 116<br \/>\n2.5 TDI, A\u00f1o 03.1994 &#8211; 04.2002, 2500 , 109<br \/>\n2.5 TDI, A\u00f1o 03.1994 &#8211; 04.2002, 2500 , 116<br \/>\n2.5 TDI 4&#215;4, A\u00f1o 05.1998 &#8211; 04.2002, 2500 , 116<br \/>\n2.8 D, A\u00f1o 05.1998 &#8211; 04.2002, 2800 , 87<br \/>\n2.8 D 4&#215;4, A\u00f1o 08.1998 &#8211; 04.2002, 2800 , 87<br \/>\n2.8 JTD, A\u00f1o 11.2000 &#8211; 04.2002, 2798 , 128<br \/>\n2.8 JTD 4&#215;4, A\u00f1o 11.2000 &#8211; 04.2002, 2798 , 128<br \/>\n2.8 TD 4&#215;4, A\u00f1o 05.1998 &#8211; 09.2001, 2799 , 122<br \/>\n2.8 TDI, A\u00f1o 10.1997 &#8211; 04.2002, 2800 , 122<br \/>\n2.8 TDI 4&#215;4, A\u00f1o 06.1999 &#8211; 04.2002, 2800 , 122<br \/>\nFIAT Ducato I (290)<br \/>\n2.5 D, A\u00f1o 07.1990 &#8211; 03.1994, 2500 , 75<br \/>\n2.5 D 4&#215;4, A\u00f1o 07.1990 &#8211; 03.1994, 2500 , 75<br \/>\nFIAT Ducato I Furg\u00f3n (280)<br \/>\n2.4 D, A\u00f1o 01.1982 &#8211; 08.1990, 2428 , 72<br \/>\n2.5 D, A\u00f1o 01.1982 &#8211; 08.1990, 2500 , 75<br \/>\n2.5 D 4&#215;4, A\u00f1o 03.1989 &#8211; 08.1990, 2500 , 75<br \/>\n2.5 D 4&#215;4, A\u00f1o 09.1986 &#8211; 05.1990, 2445 , 75<br \/>\n2.5 TD 4&#215;4, A\u00f1o 09.1986 &#8211; 09.1990, 2445 , 92<br \/>\nFIAT Ducato I Cami\u00f3n de plataforma\/Chasis (290)<br \/>\n2.5 D, A\u00f1o 03.1989 &#8211; 03.1994, 2500 , 75<br \/>\n2.5 D 4&#215;4, A\u00f1o 07.1990 &#8211; 03.1994, 2500 , 75<br \/>\nFIAT 132 (132_)<br \/>\n2.5 D, A\u00f1o 07.1978 &#8211; 07.1982, 2445 , 72<br \/>\nFIAT Ducato II Cami\u00f3n de plataforma\/Chasis (230)<br \/>\n2.5 TD, A\u00f1o 06.1994 &#8211; 08.1998, 2499 , 109<br \/>\n2.5 TD, A\u00f1o 06.1994 &#8211; 04.1998, 2499 , 116<br \/>\n2.5 TD 4&#215;4, A\u00f1o 11.1994 &#8211; 04.1998, 2499 , 109<br \/>\n2.5 TD 4&#215;4, A\u00f1o 11.1994 &#8211; 04.1998, 2499 , 116<br \/>\n2.5 TDI, A\u00f1o 03.1994 &#8211; 04.2002, 2500 , 109<br \/>\n2.5 TDI 4&#215;4, A\u00f1o 06.1998 &#8211; 04.2002, 2500 , 116<br \/>\n2.8 D, A\u00f1o 02.1998 &#8211; 04.2002, 2800 , 87<br \/>\n2.8 iDTD 4&#215;4, A\u00f1o 05.1998 &#8211; 09.2001, 2799 , 122<br \/>\n2.8 JTD, A\u00f1o 11.2000 &#8211; 04.2002, 2798 , 128<br \/>\n2.8 JTD 4&#215;4, A\u00f1o 10.2001 &#8211; 04.2002, 2799 , 128<br \/>\n2.8 TD 4&#215;4, A\u00f1o 05.1998 &#8211; 11.2001, 2799 , 87<br \/>\n2.8 TDI, A\u00f1o 12.1998 &#8211; 04.2002, 2800 , 122<br \/>\nFIAT Ducato II Bus (244)<br \/>\n2.8 JTD, A\u00f1o 04.2002 &#8211; &#8230;, 2798 , 128<br \/>\n2.8 JTD 4&#215;4, A\u00f1o 07.2002 &#8211; &#8230;, 2798 , 128<br \/>\n2.8 TD, A\u00f1o 11.2003 &#8211; 07.2006, 2799 , 122<br \/>\n2.8 TD 4&#215;4, A\u00f1o 11.2003 &#8211; 07.2006, 2799 , 122<\/p>\n<p>LANCIA Thema Berlina (834)<br \/>\n2.4 2500 Turbo D, A\u00f1o 11.1984 &#8211; 09.1988, 2445 , 101<br \/>\n2.5 Turbo DS, A\u00f1o 06.1988 &#8211; 05.1992, 2499 , 115<\/p>\n<p>PEUGEOT Boxer Furg\u00f3n (230)<br \/>\n2.8 HDi, A\u00f1o 10.2000 &#8211; 11.2001, 2798 , 126<br \/>\n2.8 HDI, A\u00f1o 11.2000 &#8211; 04.2002, 2798 , 128<br \/>\n2.8 HDi 4&#215;4, A\u00f1o 10.2000 &#8211; 11.2001, 2798 , 126<br \/>\n2.8 HDi 4&#215;4, A\u00f1o 10.2000 &#8211; 04.2002, 2798 , 128<br \/>\nPEUGEOT Boxer (244)<br \/>\n2.8 HDi, A\u00f1o 09.2005 &#8211; 09.2009, 2798 , 126<br \/>\n2.8 HDi, A\u00f1o 04.2002 &#8211; &#8230;, 2798 , 128<br \/>\n2.8 HDi 4&#215;4, A\u00f1o 04.2002 &#8211; &#8230;, 2798 , 128<\/p>\n<p>LA PIEZA ES NUEVA Y ORIGINAL.<\/p>\n","protected":false},"excerpt":{"rendered":"<p>Disco de ajuste de los taqu\u00e9s de las v\u00e1lvulas del motor de: Espesor: 4,45 mm Di\u00e1metro: 40 mm CITRO\u00cbN Jumper I (230) 2.8 HDi, A\u00f1o 09.2000 &#8211; 04.2002, 2798 , 128 2.8 HDi 4&#215;4, A\u00f1o 09.2000 &#8211; 04.2002, 2798 , 128 CITRO\u00cbN Jumper I (244) 2.8 HDi, A\u00f1o 04.2002 &#8211; &#8230;, 2798 , 128 2.8 [&hellip;]<\/p>\n","protected":false},"featured_media":69312,"template":"","meta":{"_seopress_robots_primary_cat":"","_seopress_titles_title":"","_seopress_titles_desc":"","_seopress_robots_index":""},"product_cat":[70,71,79,155,23,20,137,21,24,124],"product_tag":[],"class_list":{"0":"post-69311","1":"product","2":"type-product","3":"status-publish","4":"has-post-thumbnail","6":"product_cat-recambios-fiat-131","7":"product_cat-recambios-fiat-132","8":"product_cat-recambios-fiat-argenta","9":"product_cat-recambios-peugeot-boxer","10":"product_cat-recambios-citroen","11":"product_cat-recambios-fiat","12":"product_cat-recambios-citroen-jumper","13":"product_cat-recambios-lancia","14":"product_cat-recambios-peugeot","15":"product_cat-recambios-lancia-thema","17":"first","18":"instock","19":"taxable","20":"shipping-taxable","21":"purchasable","22":"product-type-simple"},"_links":{"self":[{"href":"https:\/\/galicianparts.com\/shop\/wp-json\/wp\/v2\/product\/69311"}],"collection":[{"href":"https:\/\/galicianparts.com\/shop\/wp-json\/wp\/v2\/product"}],"about":[{"href":"https:\/\/galicianparts.com\/shop\/wp-json\/wp\/v2\/types\/product"}],"wp:featuredmedia":[{"embeddable":true,"href":"https:\/\/galicianparts.com\/shop\/wp-json\/wp\/v2\/media\/69312"}],"wp:attachment":[{"href":"https:\/\/galicianparts.com\/shop\/wp-json\/wp\/v2\/media?parent=69311"}],"wp:term":[{"taxonomy":"product_cat","embeddable":true,"href":"https:\/\/galicianparts.com\/shop\/wp-json\/wp\/v2\/product_cat?post=69311"},{"taxonomy":"product_tag","embeddable":true,"href":"https:\/\/galicianparts.com\/shop\/wp-json\/wp\/v2\/product_tag?post=69311"}],"curies":[{"name":"wp","href":"https:\/\/api.w.org\/{rel}","templated":true}]}}