{"id":69315,"date":"2023-03-02T13:37:30","date_gmt":"2023-03-02T11:37:30","guid":{"rendered":"https:\/\/galicianparts.com\/shop\/producto\/1860313000-util-montaje-reten-guia-valvula-fiat-ducato-punto-doblo-lancia-original\/"},"modified":"2023-03-02T13:47:43","modified_gmt":"2023-03-02T11:47:43","slug":"1860313000-util-montaje-reten-guia-valvula-fiat-ducato-punto-doblo-lancia-original","status":"publish","type":"product","link":"https:\/\/galicianparts.com\/shop\/producto\/1860313000-util-montaje-reten-guia-valvula-fiat-ducato-punto-doblo-lancia-original\/","title":{"rendered":"1860313000 \u00datil montaje ret\u00e9n gu\u00eda v\u00e1lvula Fiat Ducato \/Punto \/Doblo \/Lancia ORIGINAL"},"content":{"rendered":"<p>Herramienta para el montaje de la junta de las gu\u00edas de v\u00e1lvula del motor de:<br \/>\nFIAT GRANDE PUNTO 1.2 8V \/ 1.4 8V-16V<br \/>\nFIAT IDEA<br \/>\nFIAT MAREA<br \/>\nFIAT LINEA 1.4 8V<br \/>\nFIAT BRAVA<br \/>\nFIAT BRAVO<br \/>\nFIAT NUOVA BRAVO 1.4 16V<br \/>\nFIAT NUOVA PANDA 1.2 8V<br \/>\nFIAT PUNTO<br \/>\nFIAT DOBLO<br \/>\nFIAT PALIO 1242cc MPI<br \/>\nFIAT SIENA 1242cc MPI<br \/>\nFIAT MULTIPLA 1.9 JTD<br \/>\nFIAT SCUDO<br \/>\nFIAT ULYSSE (1994-2002)<br \/>\nFIAT DUCATO (1994-2002) 2.0 GASOLINA<br \/>\nFIAT DUCATO (1994-2002) 2.8 JTD \/ METANO-GLP<br \/>\nLANCIA YPSILON 1.2 16V \/ 1.4 12V<br \/>\nLANCIA YPSILON 1.2 8V-16V \/ 1.4 16V<br \/>\nLANCIA PHEDRA 2.0 GASOLINA<br \/>\nLACIA MUSA 1.4 16V \/ 1.9 JTD<br \/>\nLANCIA LYBRA 1.9 \/ 2.4 JTD<br \/>\nLANCIA THESIS 3.0 V6<\/p>\n<p>LA PIEZA ES NUEVA Y ORIGINAL.<\/p>\n","protected":false},"excerpt":{"rendered":"<p>Herramienta para el montaje de la junta de las gu\u00edas de v\u00e1lvula del motor de: FIAT GRANDE PUNTO 1.2 8V \/ 1.4 8V-16V FIAT IDEA FIAT MAREA FIAT LINEA 1.4 8V FIAT BRAVA FIAT BRAVO FIAT NUOVA BRAVO 1.4 16V FIAT NUOVA PANDA 1.2 8V FIAT PUNTO FIAT DOBLO FIAT PALIO 1242cc MPI FIAT SIENA [&hellip;]<\/p>\n","protected":false},"featured_media":69319,"template":"","meta":{"_seopress_robots_primary_cat":"","_seopress_titles_title":"","_seopress_titles_desc":"","_seopress_robots_index":""},"product_cat":[81,82,87,88,20,92,93,21,94,120,95,96,121,98,99,122,101,104,107,125,113,127],"product_tag":[],"class_list":{"0":"post-69315","1":"product","2":"type-product","3":"status-publish","4":"has-post-thumbnail","6":"product_cat-recambios-fiat-brava","7":"product_cat-recambios-fiat-bravo","8":"product_cat-recambios-fiat-doblo","9":"product_cat-recambios-fiat-ducato","10":"product_cat-recambios-fiat","11":"product_cat-recambios-fiat-grande-punto","12":"product_cat-recambios-fiat-idea","13":"product_cat-recambios-lancia","14":"product_cat-recambios-fiat-linea","15":"product_cat-recambios-lancia-lybra","16":"product_cat-recambios-fiat-marea","17":"product_cat-recambios-fiat-multipla","18":"product_cat-recambios-lancia-musa","19":"product_cat-recambios-fiat-palio","20":"product_cat-recambios-fiat-panda","21":"product_cat-recambios-lancia-phedra","22":"product_cat-recambios-fiat-punto","23":"product_cat-recambios-fiat-scudo","24":"product_cat-recambios-fiat-siena","25":"product_cat-recambios-lancia-thesis","26":"product_cat-recambios-fiat-ulysse","27":"product_cat-recambios-lancia-ypsilon","29":"first","30":"instock","31":"taxable","32":"shipping-taxable","33":"purchasable","34":"product-type-simple"},"_links":{"self":[{"href":"https:\/\/galicianparts.com\/shop\/wp-json\/wp\/v2\/product\/69315"}],"collection":[{"href":"https:\/\/galicianparts.com\/shop\/wp-json\/wp\/v2\/product"}],"about":[{"href":"https:\/\/galicianparts.com\/shop\/wp-json\/wp\/v2\/types\/product"}],"wp:featuredmedia":[{"embeddable":true,"href":"https:\/\/galicianparts.com\/shop\/wp-json\/wp\/v2\/media\/69319"}],"wp:attachment":[{"href":"https:\/\/galicianparts.com\/shop\/wp-json\/wp\/v2\/media?parent=69315"}],"wp:term":[{"taxonomy":"product_cat","embeddable":true,"href":"https:\/\/galicianparts.com\/shop\/wp-json\/wp\/v2\/product_cat?post=69315"},{"taxonomy":"product_tag","embeddable":true,"href":"https:\/\/galicianparts.com\/shop\/wp-json\/wp\/v2\/product_tag?post=69315"}],"curies":[{"name":"wp","href":"https:\/\/api.w.org\/{rel}","templated":true}]}}