{"id":69324,"date":"2023-03-02T14:06:02","date_gmt":"2023-03-02T12:06:02","guid":{"rendered":"https:\/\/galicianparts.com\/shop\/producto\/9641086680-motor-agua-lavafaros-fiat-scudo-07-ulysse-lancia-phedra-citroen-peugeot-original\/"},"modified":"2025-05-02T08:42:58","modified_gmt":"2025-05-02T06:42:58","slug":"9641086680-motor-agua-lavafaros-fiat-scudo-07-ulysse-lancia-phedra-citroen-peugeot-original","status":"publish","type":"product","link":"https:\/\/galicianparts.com\/shop\/producto\/9641086680-motor-agua-lavafaros-fiat-scudo-07-ulysse-lancia-phedra-citroen-peugeot-original\/","title":{"rendered":"9641086680 Motor agua lavafaros Fiat Scudo (07-&#8230;) Ulysse \/Lancia Phedra \/Citro\u00ebn \/Peugeot ORIGINAL"},"content":{"rendered":"<p>Bomba el\u00e9ctrica del dep\u00f3sito del l\u00edquido del lavafaros de:<br \/>\nFIAT &#8211; 2F NUOVO ULYSSE (2001-2010) LIMPIAFAROS<br \/>\nLANCIA &#8211; TC PHEDRA (2001-2010) LIMPIAFAROS<br \/>\nFIAT PROFESSIONAL &#8211; 3H NUOVO SCUDO (2007-&#8230;.) LIMPIAFAROS<br \/>\nPEUGEOT &#8211; EXPERT<br \/>\nCITROEN &#8211; JUMPY<\/p>\n<p>LA PIEZA ES NUEVA Y ORIGINAL.<\/p>\n","protected":false},"excerpt":{"rendered":"<p>Bomba el\u00e9ctrica del dep\u00f3sito del l\u00edquido del lavafaros de: FIAT &#8211; 2F NUOVO ULYSSE (2001-2010) LIMPIAFAROS LANCIA &#8211; TC PHEDRA (2001-2010) LIMPIAFAROS FIAT PROFESSIONAL &#8211; 3H NUOVO SCUDO (2007-&#8230;.) LIMPIAFAROS PEUGEOT &#8211; EXPERT CITROEN &#8211; JUMPY LA PIEZA ES NUEVA Y ORIGINAL.<\/p>\n","protected":false},"featured_media":69325,"template":"","meta":{"_seopress_robots_primary_cat":"","_seopress_titles_title":"","_seopress_titles_desc":"","_seopress_robots_index":""},"product_cat":[23,156,20,138,21,24,122,104,113],"product_tag":[],"class_list":{"0":"post-69324","1":"product","2":"type-product","3":"status-publish","4":"has-post-thumbnail","6":"product_cat-recambios-citroen","7":"product_cat-recambios-peugeot-expert","8":"product_cat-recambios-fiat","9":"product_cat-recambios-citroen-jumpy","10":"product_cat-recambios-lancia","11":"product_cat-recambios-peugeot","12":"product_cat-recambios-lancia-phedra","13":"product_cat-recambios-fiat-scudo","14":"product_cat-recambios-fiat-ulysse","16":"first","17":"outofstock","18":"taxable","19":"shipping-taxable","20":"purchasable","21":"product-type-simple"},"_links":{"self":[{"href":"https:\/\/galicianparts.com\/shop\/wp-json\/wp\/v2\/product\/69324"}],"collection":[{"href":"https:\/\/galicianparts.com\/shop\/wp-json\/wp\/v2\/product"}],"about":[{"href":"https:\/\/galicianparts.com\/shop\/wp-json\/wp\/v2\/types\/product"}],"wp:featuredmedia":[{"embeddable":true,"href":"https:\/\/galicianparts.com\/shop\/wp-json\/wp\/v2\/media\/69325"}],"wp:attachment":[{"href":"https:\/\/galicianparts.com\/shop\/wp-json\/wp\/v2\/media?parent=69324"}],"wp:term":[{"taxonomy":"product_cat","embeddable":true,"href":"https:\/\/galicianparts.com\/shop\/wp-json\/wp\/v2\/product_cat?post=69324"},{"taxonomy":"product_tag","embeddable":true,"href":"https:\/\/galicianparts.com\/shop\/wp-json\/wp\/v2\/product_tag?post=69324"}],"curies":[{"name":"wp","href":"https:\/\/api.w.org\/{rel}","templated":true}]}}