{"id":6941,"date":"2020-10-23T18:01:10","date_gmt":"2020-10-23T16:01:10","guid":{"rendered":"https:\/\/galicianparts.com\/shop\/producto\/46547103-guia-ventanilla-puerta-fiat-punto-1999-2003-nueva-original\/"},"modified":"2020-11-09T18:23:02","modified_gmt":"2020-11-09T16:23:02","slug":"46547103-guia-ventanilla-puerta-fiat-punto-1999-2003-nueva-original","status":"publish","type":"product","link":"https:\/\/galicianparts.com\/shop\/producto\/46547103-guia-ventanilla-puerta-fiat-punto-1999-2003-nueva-original\/","title":{"rendered":"46547103 Gu\u00eda ventanilla puerta Fiat Punto (1999-2003) NUEVA ORIGINAL"},"content":{"rendered":"<p>Gu\u00eda de ventanilla de puerta delantera derecha de carrocer\u00eda 5 puertas de:<br \/>\nFIAT &#8211; 1N PUNTO BZ (1999-2003)<br \/>\nFIAT &#8211; 1P PUNTO DS (1999-2003)<\/p>\n<p>LA PIEZA ES NUEVA Y ORIGINAL.<\/p>\n","protected":false},"excerpt":{"rendered":"<p>Gu\u00eda de ventanilla de puerta delantera derecha de carrocer\u00eda 5 puertas de: FIAT &#8211; 1N PUNTO BZ (1999-2003) FIAT &#8211; 1P PUNTO DS (1999-2003) LA PIEZA ES NUEVA Y ORIGINAL.<\/p>\n","protected":false},"featured_media":6942,"template":"","meta":{"_seopress_robots_primary_cat":"","_seopress_titles_title":"","_seopress_titles_desc":"","_seopress_robots_index":""},"product_cat":[20,101],"product_tag":[],"class_list":{"0":"post-6941","1":"product","2":"type-product","3":"status-publish","4":"has-post-thumbnail","6":"product_cat-recambios-fiat","7":"product_cat-recambios-fiat-punto","9":"first","10":"instock","11":"taxable","12":"shipping-taxable","13":"purchasable","14":"product-type-simple"},"_links":{"self":[{"href":"https:\/\/galicianparts.com\/shop\/wp-json\/wp\/v2\/product\/6941"}],"collection":[{"href":"https:\/\/galicianparts.com\/shop\/wp-json\/wp\/v2\/product"}],"about":[{"href":"https:\/\/galicianparts.com\/shop\/wp-json\/wp\/v2\/types\/product"}],"wp:featuredmedia":[{"embeddable":true,"href":"https:\/\/galicianparts.com\/shop\/wp-json\/wp\/v2\/media\/6942"}],"wp:attachment":[{"href":"https:\/\/galicianparts.com\/shop\/wp-json\/wp\/v2\/media?parent=6941"}],"wp:term":[{"taxonomy":"product_cat","embeddable":true,"href":"https:\/\/galicianparts.com\/shop\/wp-json\/wp\/v2\/product_cat?post=6941"},{"taxonomy":"product_tag","embeddable":true,"href":"https:\/\/galicianparts.com\/shop\/wp-json\/wp\/v2\/product_tag?post=6941"}],"curies":[{"name":"wp","href":"https:\/\/api.w.org\/{rel}","templated":true}]}}