{"id":69470,"date":"2023-03-03T13:59:59","date_gmt":"2023-03-03T11:59:59","guid":{"rendered":"https:\/\/galicianparts.com\/shop\/producto\/5945563-pack-2-casquillos-6x10mm-lancia-delta-hpe-dedra-fiat-coupe-alfa-gt-145-original\/"},"modified":"2023-12-09T19:29:11","modified_gmt":"2023-12-09T17:29:11","slug":"5945563-pack-2-casquillos-6x10mm-lancia-delta-hpe-dedra-fiat-coupe-alfa-gt-145-original","status":"publish","type":"product","link":"https:\/\/galicianparts.com\/shop\/producto\/5945563-pack-2-casquillos-6x10mm-lancia-delta-hpe-dedra-fiat-coupe-alfa-gt-145-original\/","title":{"rendered":"5945563 Pack 2 casquillos 6x10mm Lancia Delta HPE \/Dedra \/Fiat Coupe \/Alfa GT \/145 ORIGINAL"},"content":{"rendered":"<p>Juego, set de 2 casquillos del soporte de radiador de aceite, soporte del tubo de la admisi\u00f3n, manguito del turbo, etc&#8230; de:<br \/>\nLargo: 10 mm<br \/>\nDi\u00e1metro interior: 6 mm<br \/>\nDi\u00e1metro exterior: 10 mm<\/p>\n<p>FIAT &#8211; 1V BRAVA (1995-1998) 1910 TB\/DS 100CV \/ 1910 TB\/DS 75CV<br \/>\nFIAT &#8211; 1V BRAVA BZ\/DS (1995-1998) CAMBIO AUTOMATICO<br \/>\nFIAT &#8211; 1M BRAVA G.98 (1998-2001) 1910 TD (75 CV) \/ 1910 TD (100 CV)<br \/>\nFIAT &#8211; 1U BRAVO (1995-1998) 1910 TB\/DS 100CV \/ 1910 TB\/DS 75CV<br \/>\nFIAT &#8211; 1U BRAVO (1995-1998) 1580 MPI 16V 103CV \/ CAMBIO AUTOMATICO<br \/>\nFIAT &#8211; 1L BRAVO G.98 (1998-2001) 1910 TD (75 CV) \/ 1910 TD (100 CV)<br \/>\nFIAT &#8211; PC COUPE&#8217; (1994-1996) 2000 TURBO<br \/>\nFIAT &#8211; PT MAREA BENZINA (1996-1999) 1580 16V 103CV (75 KW) \/ CAMBIO AUTOMATICO<br \/>\nFIAT &#8211; PU MAREA DIESEL (1996-1999) 1910 TD (100CV) \/ 1910 TD SOFT (75CV)<br \/>\nFIAT &#8211; PU MAREA DIESEL (1996-1999) 1910 TD (100CV)<br \/>\nFIAT &#8211; PU MAREA DIESEL (1996-1999) 2400 TD<br \/>\nFIAT &#8211; 1R MAREA DS GAMMA&#8217;99 (1999-2002) 1910 TD 75CV<br \/>\nFIAT &#8211; MW TEMPRA 1750-2000 (1989-1993) S.W. 4X4<br \/>\nFIAT &#8211; MW TEMPRA 1750-2000 (1989-1993) CAMBIO AUTOMATICO<br \/>\nFIAT &#8211; MX TEMPRA DIESEL-TURBO D. (1989-1993) 1930 ASPIRATO<br \/>\nFIAT &#8211; MX TEMPRA DIESEL-TURBO D. (1989-1993) 1930 TURBO \/ 1930 TURBO USA&#8217;87 (82CV) \/ 1930 TURBO USA&#8217;87 (92CV)<br \/>\nFIAT &#8211; NY TEMPRA MAQ.93 (&#8217;93-&#8217;96) 1580 SPI SELECTA<br \/>\nFIAT &#8211; NZ TEMPRA MAQ.93 1750-2000 (&#8217;93-&#8217;96) CAMBIO AUTOMATICO<br \/>\nFIAT &#8211; NZ TEMPRA MAQ.93 1750-2000 (&#8217;93-&#8217;96) S.W.4X4 SX \/ S.W. 4X4 SLX<br \/>\nFIAT &#8211; NJ TEMPRA MQ.93 D-TD (1993-1996) 1930 ASPIRATO<br \/>\nFIAT &#8211; NJ TEMPRA MQ.93 D-TD (1993-1996) 1930 TURBO \/ 1930 TURBO USA&#8217;87-CF2<br \/>\nFIAT &#8211; ME TIPO 1100-1370-1580 (1987-1993) CAMBIO AUTOMATICO<br \/>\nFIAT &#8211; NG TIPO 1750-2000 (1990-1993)<br \/>\nFIAT &#8211; NG TIPO 1750-2000 (1990-1993) CAMBIO AUTOMATICO<br \/>\nFIAT &#8211; MF TIPO DIESEL-T.DS. (1987-1993) 1930 ASPIRADO<br \/>\nFIAT &#8211; MF TIPO DIESEL-T.DS. (1987-1993) 1930 TURBO \/ 1930 TURBO USA&#8217;87 (82CV) \/ 1930 TURBO USA&#8217;87 (92CV)<br \/>\nFIAT &#8211; NT TIPO MAQ.93 D-TD (1993-1995) 1930<br \/>\nFIAT &#8211; NT TIPO MAQ.93 D-TD (1993-1995) 1930 TURBO \/ 1930 TURBO USA&#8217;87-CF2<br \/>\nFIAT &#8211; NS TIPO MQ.93 (1993-1995) 1580 SPI SELECTA<br \/>\nFIAT &#8211; NU TIPO MQ.93 1750-2000 (1993-1995) CAMBIO AUTOMATICO<br \/>\nFIAT &#8211; MP TIPO SPORT 16V IE. (1988-1993) 2000 USA&#8217;83<br \/>\nFIAT &#8211; MP TIPO SPORT 16V IE. (1988-1993) 1750<br \/>\nALFA ROMEO &#8211; U1 145 (1994-1996) 1930 TB\/DS CEE FASE 2<br \/>\nALFA ROMEO &#8211; U1 145 (1994-1996) 1930 TB\/DS EM.08 \/ 1930 TB\/DS CEE FASE 2<br \/>\nALFA ROMEO &#8211; T5 145 GAMMA 97 (1997-1999) 1930 T.DS. CEE FASE 2<br \/>\nALFA ROMEO &#8211; T5 145 GAMMA 97 (1997-1999) 1930 T.DS. EM08 ARGENTINA<br \/>\nALFA ROMEO &#8211; T5 145 GAMMA 97 (1997-1999) 1930 T.DS. CEE FASE 2 \/ 1930 T.DS. EM08 ARGENTINA<br \/>\nALFA ROMEO &#8211; U2 146 (1995-1996) 1930 T.DS CEE FASE 2<br \/>\nALFA ROMEO &#8211; U2 146 (1995-1996) 1930 T.DS EM 08 \/ 1930 T.DS CEE FASE 2<br \/>\nALFA ROMEO &#8211; T6 146 GAMMA 97 (1997-1999) 1930 T.DS. CEE FASE 2<br \/>\nALFA ROMEO &#8211; T6 146 GAMMA 97 (1997-1999) 1930 T.DS. EM08 ARGENTINA<br \/>\nALFA ROMEO &#8211; T6 146 GAMMA 97 (1997-1999) 1930 T.DS. CEE FASE 2 \/ 1930 T.DS. EM08 ARGENTINA<br \/>\nALFA ROMEO &#8211; W8 147 (2000-2010) 1910\u00a0JTD\u00a0CF3\u00a016V\u00a0120CV\/93\u00a0KW \/ 1910\u00a0JTD\u00a016V\u00a0CF3\u00a0140CV\/103\u00a0KW \/ 1.9\u00a0JTD\u00a016V\u00a0CF3\u00a0136CV\/100KW\u00a0MENOR POT.\u00a0BEL. \/ 1.9\u00a0JTD\u00a016V\u00a0CF3\u00a0150CV\/110KW \/ 3200 GTA<br \/>\nALFA ROMEO &#8211; W8 147 (2000-2010) 1910\u00a0JTD\u00a0CF4\u00a016V\u00a0136CV\/100KW\u00a0MENOR POT.\u00a0BEL. \/ 1.9\u00a0JTD\u00a016V\u00a0CF4 \/ 1910\u00a0JTD\u00a0CF4\u00a016V\u00a0170CV\/125KW\u00a0POTENCIADO<br \/>\nALFA ROMEO &#8211; W8 147 (2000-2010) 3200 GTA<br \/>\nALFA ROMEO &#8211; U5 155 ASPIRATO (1992-1996) 1.7 T.S. \/ 1.8 T.S. \/ 2.0 T.S. 8 VAL.<br \/>\nALFA ROMEO &#8211; U5 155 ASPIRATO (1992-1996) 2.5 V6 \/ 2.5 V6 (MY.95)<br \/>\nALFA ROMEO &#8211; T3 155 GAMMA 96 BZ (1996-1997) 2500 V6<br \/>\nALFA ROMEO &#8211; T4 155 GAMMA 96 DS (1996-1997) 1930 TD<br \/>\nALFA ROMEO &#8211; T4 155 GAMMA 96 DS (1996-1997) 2500 TD<br \/>\nALFA ROMEO &#8211; U6 155 TURBO (1992-1996) 1930 TD<br \/>\nALFA ROMEO &#8211; U6 155 TURBO (1992-1996) 2500 TD \/ 2.5 T.DS. CEE F2<br \/>\nALFA ROMEO &#8211; U6 155 TURBO (1992-1996) 2000 TB\/BZ 4X4<br \/>\nALFA ROMEO &#8211; X1 156 M.Y.2002 (2001-2005) 3200 GTA \/ 1910 JTD 16V CF3 93KW \/ 1.9\u00a0JTD\u00a016V\u00a0CF3 \/ 1910\u00a0JTD\u00a0CF3\u00a016V\u00a0150CV\/110KW\u00a04X4 \/ 1910\u00a0JTD\u00a0CF3\u00a0136CV\/100KW\u00a0MENOR POT. BELGICA \/ 1910\u00a0JTD\u00a016V\u00a0CF4\u00a0150CV\/110KW\u00a04X2 \/ 1910JTD\u00a0CF4\u00a016V\u00a0126CV\/93KW\u00a0MENOR POT.\u00a0FRANCIA \/ 1910\u00a0JTD\u00a0CF4\u00a016V\u00a0150CV\/110KW\u00a04X4<br \/>\nALFA ROMEO &#8211; X1 156 M.Y.2002 (2001-2005) 2400\u00a0JTD\u00a020V\u00a0175CV\/129\u00a0KW\u00a0C.MEC. \/ 2400\u00a0JTD\u00a0CF3\u00a0163CV\/120KW\u00a0MENOR POT. BELGICA<br \/>\nALFA ROMEO &#8211; X1 156 M.Y.2002 (2001-2005) 3200 GTA<br \/>\nALFA ROMEO &#8211; X2 GT (2003-2010) 3200 6V \/ 1910\u00a0JTD\u00a016V\u00a0CF3\u00a0150CV\/110KW \/ 1910 JTD 16V CF4 110 KW 150HP \/ 1910\u00a0JTD\u00a0CF4\u00a016V\u00a0170CV\/125KW\u00a0POT.<br \/>\nALFA ROMEO &#8211; X2 GT (2003-2010) 3200 6V<br \/>\nLANCIA &#8211; RY DEDRA BENZINA (1989-1994) 2000 USA&#8217;83 \/ CAMBIO AUTOMATICO<br \/>\nLANCIA &#8211; SL DEDRA FL.94 (1994-1999) 2000 MPI C. AUT.<br \/>\nLANCIA &#8211; SN DEDRA FL.94 T.DS (1994-1999) 1930 TD.USA&#8217;87 CF2<br \/>\nLANCIA &#8211; SN DEDRA FL.94 T.DS (1994-1999)<br \/>\nLANCIA &#8211; RJ DEDRA IE.TB.INTEGRALE (1990-1994)<br \/>\nLANCIA &#8211; RZ DEDRA TURBO DIESEL (1989-1994) 1930 TURBO USA&#8217;87<br \/>\nLANCIA &#8211; RZ DEDRA TURBO DIESEL (1989-1994)<br \/>\nLANCIA &#8211; SX LYBRA BZ (1999-2005) CAMBIO AUTOMATICO<br \/>\nLANCIA &#8211; SY LYBRA DS (1999-2005) 2400\u00a0JTD\u00a0CF3\u00a0150\u00a0CV\/110KW<br \/>\nLANCIA &#8211; SG N.DELTA (&#8217;93-&#8217;99) 2000 16V TB USA 83 \/ 2000 16V TB CEE F2<br \/>\nLANCIA &#8211; SQ N.DELTA TB\/DS (1994-1999) 1930 T.D. CF2<br \/>\nLANCIA &#8211; SQ N.DELTA TB\/DS (1994-1999)<br \/>\nFIAT PROFESSIONAL &#8211; 2E DUCATO RESTYL. (2001-2006) 2300\u00a0JTD \/ 2300\u00a0JTD\u00a0EGR<br \/>\nFIAT PROFESSIONAL &#8211; 3T DUCATO RUSSIA 2008 (2008-2011)<br \/>\nFIAT PROFESSIONAL &#8211; 2M FIORINO (1991-1993) 1116 CARB<\/p>\n<p>LA PIEZA ES NUEVA Y ORIGINAL.<\/p>\n","protected":false},"excerpt":{"rendered":"<p>Juego, set de 2 casquillos del soporte de radiador de aceite, soporte del tubo de la admisi\u00f3n, manguito del turbo, etc&#8230; de: Largo: 10 mm Di\u00e1metro interior: 6 mm Di\u00e1metro exterior: 10 mm FIAT &#8211; 1V BRAVA (1995-1998) 1910 TB\/DS 100CV \/ 1910 TB\/DS 75CV FIAT &#8211; 1V BRAVA BZ\/DS (1995-1998) CAMBIO AUTOMATICO FIAT &#8211; [&hellip;]<\/p>\n","protected":false},"featured_media":69473,"template":"","meta":{"_seopress_robots_primary_cat":"","_seopress_titles_title":"","_seopress_titles_desc":"","_seopress_robots_index":""},"product_cat":[45,46,44,48,49,16,81,82,85,117,118,88,20,91,50,21,120,95,111,112],"product_tag":[],"class_list":{"0":"post-69470","1":"product","2":"type-product","3":"status-publish","4":"has-post-thumbnail","6":"product_cat-recambios-alfa-romeo-145","7":"product_cat-recambios-alfa-romeo-146","8":"product_cat-recambios-alfa-romeo-147","9":"product_cat-recambios-alfa-romeo-155","10":"product_cat-recambios-alfa-romeo-156","11":"product_cat-recambios-alfa-romeo","12":"product_cat-recambios-fiat-brava","13":"product_cat-recambios-fiat-bravo","14":"product_cat-recambios-fiat-coupe","15":"product_cat-recambios-lancia-dedra","16":"product_cat-recambios-lancia-delta","17":"product_cat-recambios-fiat-ducato","18":"product_cat-recambios-fiat","19":"product_cat-recambios-fiat-fiorino","20":"product_cat-recambios-alfa-romeo-gt","21":"product_cat-recambios-lancia","22":"product_cat-recambios-lancia-lybra","23":"product_cat-recambios-fiat-marea","24":"product_cat-recambios-fiat-tempra","25":"product_cat-recambios-fiat-tipo","27":"first","28":"outofstock","29":"taxable","30":"shipping-taxable","31":"purchasable","32":"product-type-simple"},"_links":{"self":[{"href":"https:\/\/galicianparts.com\/shop\/wp-json\/wp\/v2\/product\/69470"}],"collection":[{"href":"https:\/\/galicianparts.com\/shop\/wp-json\/wp\/v2\/product"}],"about":[{"href":"https:\/\/galicianparts.com\/shop\/wp-json\/wp\/v2\/types\/product"}],"wp:featuredmedia":[{"embeddable":true,"href":"https:\/\/galicianparts.com\/shop\/wp-json\/wp\/v2\/media\/69473"}],"wp:attachment":[{"href":"https:\/\/galicianparts.com\/shop\/wp-json\/wp\/v2\/media?parent=69470"}],"wp:term":[{"taxonomy":"product_cat","embeddable":true,"href":"https:\/\/galicianparts.com\/shop\/wp-json\/wp\/v2\/product_cat?post=69470"},{"taxonomy":"product_tag","embeddable":true,"href":"https:\/\/galicianparts.com\/shop\/wp-json\/wp\/v2\/product_tag?post=69470"}],"curies":[{"name":"wp","href":"https:\/\/api.w.org\/{rel}","templated":true}]}}