{"id":69508,"date":"2023-03-06T10:15:09","date_gmt":"2023-03-06T08:15:09","guid":{"rendered":"https:\/\/galicianparts.com\/shop\/producto\/46403658-tornillo-m12-pinon-ciguenal-m-1-2-16v-fiat-punto-bravo-lancia-ypsilon-original\/"},"modified":"2023-03-06T10:18:34","modified_gmt":"2023-03-06T08:18:34","slug":"46403658-tornillo-m12-pinon-ciguenal-m-1-2-16v-fiat-punto-bravo-lancia-ypsilon-original","status":"publish","type":"product","link":"https:\/\/galicianparts.com\/shop\/producto\/46403658-tornillo-m12-pinon-ciguenal-m-1-2-16v-fiat-punto-bravo-lancia-ypsilon-original\/","title":{"rendered":"46403658 Tornillo M12 pi\u00f1\u00f3n cig\u00fce\u00f1al M 1.2 16V Fiat Punto \/Bravo \/Lancia Ypsilon ORIGINAL"},"content":{"rendered":"<p>Tornillo de la polea inferior de la correa de la distribuci\u00f3n de:<br \/>\nM\u00e9trica: 12X1,25<br \/>\nLargo: 45 mm<\/p>\n<p>FIAT &#8211; 1M BRAVA G.98 (1998-2001) 1.2 16V CF2 \/ 1.2 16V CF3<br \/>\nFIAT &#8211; 1L BRAVO G.98 (1998-2001) 1.2 16V CF2 \/ 1.2 16V CF3<br \/>\nFIAT &#8211; 1Q MAREA BZ GAMMA&#8217;99 (1999-2002) 1200 16V<br \/>\nFIAT &#8211; 1N PUNTO BZ (1999-2003) 1.2 16V CF2 \/ 1.2 16V CF3<br \/>\nFIAT &#8211; 1A PUNTO BZ. GAMMA &#8217;97 (1997-1999) 1242 MPI 16V<br \/>\nFIAT &#8211; 1C PUNTO CABRIO GAMMA&#8217;97 (1997-2000) 1242 MPI 16V<br \/>\nLANCIA &#8211; SU Y (1995-2000) 1242 MPI 16V CF2<br \/>\nLANCIA &#8211; TA Y FL.2000 (2000-2003) 1.2 16V<\/p>\n<p>LA PIEZA ES NUEVA Y ORIGINAL.<\/p>\n","protected":false},"excerpt":{"rendered":"<p>Tornillo de la polea inferior de la correa de la distribuci\u00f3n de: M\u00e9trica: 12X1,25 Largo: 45 mm FIAT &#8211; 1M BRAVA G.98 (1998-2001) 1.2 16V CF2 \/ 1.2 16V CF3 FIAT &#8211; 1L BRAVO G.98 (1998-2001) 1.2 16V CF2 \/ 1.2 16V CF3 FIAT &#8211; 1Q MAREA BZ GAMMA&#8217;99 (1999-2002) 1200 16V FIAT &#8211; 1N [&hellip;]<\/p>\n","protected":false},"featured_media":69511,"template":"","meta":{"_seopress_robots_primary_cat":"","_seopress_titles_title":"","_seopress_titles_desc":"","_seopress_robots_index":""},"product_cat":[81,82,20,21,95,101,127],"product_tag":[],"class_list":{"0":"post-69508","1":"product","2":"type-product","3":"status-publish","4":"has-post-thumbnail","6":"product_cat-recambios-fiat-brava","7":"product_cat-recambios-fiat-bravo","8":"product_cat-recambios-fiat","9":"product_cat-recambios-lancia","10":"product_cat-recambios-fiat-marea","11":"product_cat-recambios-fiat-punto","12":"product_cat-recambios-lancia-ypsilon","14":"first","15":"instock","16":"taxable","17":"shipping-taxable","18":"purchasable","19":"product-type-simple"},"_links":{"self":[{"href":"https:\/\/galicianparts.com\/shop\/wp-json\/wp\/v2\/product\/69508"}],"collection":[{"href":"https:\/\/galicianparts.com\/shop\/wp-json\/wp\/v2\/product"}],"about":[{"href":"https:\/\/galicianparts.com\/shop\/wp-json\/wp\/v2\/types\/product"}],"wp:featuredmedia":[{"embeddable":true,"href":"https:\/\/galicianparts.com\/shop\/wp-json\/wp\/v2\/media\/69511"}],"wp:attachment":[{"href":"https:\/\/galicianparts.com\/shop\/wp-json\/wp\/v2\/media?parent=69508"}],"wp:term":[{"taxonomy":"product_cat","embeddable":true,"href":"https:\/\/galicianparts.com\/shop\/wp-json\/wp\/v2\/product_cat?post=69508"},{"taxonomy":"product_tag","embeddable":true,"href":"https:\/\/galicianparts.com\/shop\/wp-json\/wp\/v2\/product_tag?post=69508"}],"curies":[{"name":"wp","href":"https:\/\/api.w.org\/{rel}","templated":true}]}}