{"id":69607,"date":"2023-03-07T11:07:01","date_gmt":"2023-03-07T09:07:01","guid":{"rendered":"https:\/\/galicianparts.com\/shop\/producto\/7738751-tapon-22x18mm-pilar-central-fiat-punto-gt-nuevo-original\/"},"modified":"2023-03-07T11:09:15","modified_gmt":"2023-03-07T09:09:15","slug":"7738751-tapon-22x18mm-pilar-central-fiat-punto-gt-nuevo-original","status":"publish","type":"product","link":"https:\/\/galicianparts.com\/shop\/producto\/7738751-tapon-22x18mm-pilar-central-fiat-punto-gt-nuevo-original\/","title":{"rendered":"7738751 Tap\u00f3n 22X18mm pilar central Fiat Punto GT NUEVO ORIGINAL"},"content":{"rendered":"<p>Tap\u00f3n de goma de aislamiento de la carrocer\u00eda de:<br \/>\nMedidas: 18X22 mm<\/p>\n<p>FIAT &#8211; 1X PALIO 2V EXTRA EUROPA (1997-2002)<br \/>\nFIAT &#8211; 2H PALIO 2V EXTRA EUROPA REST. 2002 (2002-2011)<br \/>\nFIAT &#8211; 3D PALIO 2V REST.2 (2005-2011) FUNCIONAL EXPORT \/ BASE ECONOMY EXPORTACION \/ ELX EXPORT \/ BASE EXPORT<br \/>\nFIAT &#8211; 2G PALIO WE EUROPA REST. (2002-2004)<br \/>\nFIAT &#8211; 1Y PALIO WE EXTRA EUROPA (1997-2002)<br \/>\nFIAT &#8211; 2K PALIO WE EXTRA EUROPA REST. 2002 (2002-2008) EL (PL) \/ HL (PL) \/ SL (TR) \/ EL (TR) \/ HL (TR)<br \/>\nFIAT &#8211; 2K PALIO WE EXTRA EUROPA REST. 2002 (2002-2008) ELX (IND.) \/ ELX (IND.)<br \/>\nFIAT &#8211; 2K PALIO WE EXTRA EUROPA REST. 2002 (2002-2008) EL(CN) \/ ADVENTURE(CN) \/ HL SPEEDGEAR(CN) \/ ELX(CN \/ HL (CN) MY 2004 \/ HLX-T.A. (CN)MY 2004 \/ HL SPEEDGEAR-T.A. (CN) M,Y 2004 \/ HL AUTOMATIC TRANSMISSION (CN) MY 2004 C<br \/>\nFIAT &#8211; 3F PALIO WEEKEND REST.2 (2005-2009)<br \/>\nFIAT &#8211; PY PALIO\/WEEKEND EUROPA (1997-2002)<br \/>\nFIAT &#8211; 3K PERLA CINA (2006-2007)<br \/>\nFIAT &#8211; NV PUNTO 55-60-75-90 (1993-1997)<br \/>\nFIAT &#8211; PF PUNTO CABRIO (1994-1997)<br \/>\nFIAT &#8211; NX PUNTO D-TD (1993-1997)<br \/>\nFIAT &#8211; NW PUNTO GT (1993-1997)<br \/>\nFIAT &#8211; 2A SIENA EXTRA EUROPA (1997-2002)<br \/>\nFIAT &#8211; 2L SIENA EXTRA EUROPA REST.(2002-2012) EL (PL) \/ HL (PL) \/ SL (TR) \/ EL (TR) \/ HL (TR) \/ HL SPEEDGEAR \/ MAXI EL (VN) \/ \u00abMAXI HL\u00bb (VN) \/ BASE &#8211; BASIC-D<br \/>\nFIAT &#8211; 2L SIENA EXTRA EUROPA REST. (2002-2012) ELX\u00a0(EXPORT) \/ EX (MA) \/ ECONOMY (EXPORT)<br \/>\nFIAT &#8211; 2L SIENA EXTRA EUROPA REST. (2002-2012) BASE IRAN \/ FUNCIONAL IRAN<br \/>\nFIAT &#8211; 3E SIENA REST.2 (2005-2011)<br \/>\nFIAT PROFESSIONAL &#8211; 1W DOBLO (2000-2004)<br \/>\nFIAT PROFESSIONAL &#8211; 2W DOBLO MY. 2004 (2004-2005)<br \/>\nFIAT PROFESSIONAL &#8211; 3C DOBLO REST. 2005 (2005-&#8230;.)<br \/>\nFIAT PROFESSIONAL &#8211; 3V NUOVO DOBLO 2009 (2009-&#8230;.)<br \/>\nFIAT PROFESSIONAL &#8211; 3N NUOVO FIORINO-QUBO (2007-&#8230;.)<br \/>\nFIAT PROFESSIONAL &#8211; 1G STRADA (1999-2005) TREKKING ANTERIOR AL  F.L.<br \/>\nFIAT PROFESSIONAL &#8211; 1G STRADA (1999-2005) TREKKING-SIRIA \/ TREKKING F.L.SYRIA<br \/>\nFIAT PROFESSIONAL &#8211; 1G STRADA (1999-2005) TREKKING F.L CABINA CORTA \/ TREKKING F.L. CABINA LUNGA<br \/>\nFIAT PROFESSIONAL &#8211; 52 STRADA 2011 (2011-2014)<br \/>\nFIAT PROFESSIONAL &#8211; 3G STRADA REST. 2 (2005-2011) EL\u00a0(ZA) \/ ELX\u00a0(ZA)<br \/>\nFIAT PROFESSIONAL &#8211; 3G STRADA REST. 2 (2005-2011) TREKKING SHORT CAB \/ TREKKING LONG CAB<\/p>\n<p>LA PIEZA ES NUEVA Y ORIGINAL.<\/p>\n","protected":false},"excerpt":{"rendered":"<p>Tap\u00f3n de goma de aislamiento de la carrocer\u00eda de: Medidas: 18X22 mm FIAT &#8211; 1X PALIO 2V EXTRA EUROPA (1997-2002) FIAT &#8211; 2H PALIO 2V EXTRA EUROPA REST. 2002 (2002-2011) FIAT &#8211; 3D PALIO 2V REST.2 (2005-2011) FUNCIONAL EXPORT \/ BASE ECONOMY EXPORTACION \/ ELX EXPORT \/ BASE EXPORT FIAT &#8211; 2G PALIO WE EUROPA [&hellip;]<\/p>\n","protected":false},"featured_media":69612,"template":"","meta":{"_seopress_robots_primary_cat":"","_seopress_titles_title":"","_seopress_titles_desc":"","_seopress_robots_index":""},"product_cat":[87,20,91,98,100,101,107,109],"product_tag":[],"class_list":{"0":"post-69607","1":"product","2":"type-product","3":"status-publish","4":"has-post-thumbnail","6":"product_cat-recambios-fiat-doblo","7":"product_cat-recambios-fiat","8":"product_cat-recambios-fiat-fiorino","9":"product_cat-recambios-fiat-palio","10":"product_cat-recambios-fiat-perla","11":"product_cat-recambios-fiat-punto","12":"product_cat-recambios-fiat-siena","13":"product_cat-recambios-fiat-strada","15":"first","16":"instock","17":"taxable","18":"shipping-taxable","19":"purchasable","20":"product-type-simple"},"_links":{"self":[{"href":"https:\/\/galicianparts.com\/shop\/wp-json\/wp\/v2\/product\/69607"}],"collection":[{"href":"https:\/\/galicianparts.com\/shop\/wp-json\/wp\/v2\/product"}],"about":[{"href":"https:\/\/galicianparts.com\/shop\/wp-json\/wp\/v2\/types\/product"}],"wp:featuredmedia":[{"embeddable":true,"href":"https:\/\/galicianparts.com\/shop\/wp-json\/wp\/v2\/media\/69612"}],"wp:attachment":[{"href":"https:\/\/galicianparts.com\/shop\/wp-json\/wp\/v2\/media?parent=69607"}],"wp:term":[{"taxonomy":"product_cat","embeddable":true,"href":"https:\/\/galicianparts.com\/shop\/wp-json\/wp\/v2\/product_cat?post=69607"},{"taxonomy":"product_tag","embeddable":true,"href":"https:\/\/galicianparts.com\/shop\/wp-json\/wp\/v2\/product_tag?post=69607"}],"curies":[{"name":"wp","href":"https:\/\/api.w.org\/{rel}","templated":true}]}}