{"id":69681,"date":"2023-03-07T15:26:40","date_gmt":"2023-03-07T13:26:40","guid":{"rendered":"https:\/\/galicianparts.com\/shop\/producto\/5941789-portalamparas-salpicadero-marron-fiat-uno-nuevo-original\/"},"modified":"2023-03-07T15:30:35","modified_gmt":"2023-03-07T13:30:35","slug":"5941789-portalamparas-salpicadero-marron-fiat-uno-nuevo-original","status":"publish","type":"product","link":"https:\/\/galicianparts.com\/shop\/producto\/5941789-portalamparas-salpicadero-marron-fiat-uno-nuevo-original\/","title":{"rendered":"5941789 Portal\u00e1mparas interior marr\u00f3n Fiat Uno NUEVO ORIGINAL LEMA"},"content":{"rendered":"<p>Portabombillas color marr\u00f3n del habit\u00e1culo de:<br \/>\nFIAT UNO<\/p>\n<p>LA PIEZA ES NUEVA Y ORIGINAL LEMA<\/p>\n","protected":false},"excerpt":{"rendered":"<p>Portabombillas color marr\u00f3n del habit\u00e1culo de: FIAT UNO LA PIEZA ES NUEVA Y ORIGINAL LEMA<\/p>\n","protected":false},"featured_media":69682,"template":"","meta":{"_seopress_robots_primary_cat":"","_seopress_titles_title":"","_seopress_titles_desc":"","_seopress_robots_index":""},"product_cat":[20,114],"product_tag":[],"class_list":{"0":"post-69681","1":"product","2":"type-product","3":"status-publish","4":"has-post-thumbnail","6":"product_cat-recambios-fiat","7":"product_cat-recambios-fiat-uno","9":"first","10":"instock","11":"taxable","12":"shipping-taxable","13":"purchasable","14":"product-type-simple"},"_links":{"self":[{"href":"https:\/\/galicianparts.com\/shop\/wp-json\/wp\/v2\/product\/69681"}],"collection":[{"href":"https:\/\/galicianparts.com\/shop\/wp-json\/wp\/v2\/product"}],"about":[{"href":"https:\/\/galicianparts.com\/shop\/wp-json\/wp\/v2\/types\/product"}],"wp:featuredmedia":[{"embeddable":true,"href":"https:\/\/galicianparts.com\/shop\/wp-json\/wp\/v2\/media\/69682"}],"wp:attachment":[{"href":"https:\/\/galicianparts.com\/shop\/wp-json\/wp\/v2\/media?parent=69681"}],"wp:term":[{"taxonomy":"product_cat","embeddable":true,"href":"https:\/\/galicianparts.com\/shop\/wp-json\/wp\/v2\/product_cat?post=69681"},{"taxonomy":"product_tag","embeddable":true,"href":"https:\/\/galicianparts.com\/shop\/wp-json\/wp\/v2\/product_tag?post=69681"}],"curies":[{"name":"wp","href":"https:\/\/api.w.org\/{rel}","templated":true}]}}