{"id":69697,"date":"2023-03-07T20:11:32","date_gmt":"2023-03-07T18:11:32","guid":{"rendered":"https:\/\/galicianparts.com\/shop\/producto\/2000026000-util-medicion-juego-axial-fiat-ducato-250-cambio-mlgu-6m-original\/"},"modified":"2023-03-07T20:20:12","modified_gmt":"2023-03-07T18:20:12","slug":"2000026000-util-medicion-juego-axial-fiat-ducato-250-cambio-mlgu-6m-original","status":"publish","type":"product","link":"https:\/\/galicianparts.com\/shop\/producto\/2000026000-util-medicion-juego-axial-fiat-ducato-250-cambio-mlgu-6m-original\/","title":{"rendered":"2000026000 \u00datil medici\u00f3n juego axial Fiat Ducato 250 cambio MLGU 6M ORIGINAL"},"content":{"rendered":"<p>Herramienta de medici\u00f3n del juego axial y el par de giro de:<br \/>\nFIAT DUCATO (250) caja cambios MLGU 6M<\/p>\n<p>LA PIEZA ES NUEVA Y ORIGINAL.<\/p>\n","protected":false},"excerpt":{"rendered":"<p>Herramienta de medici\u00f3n del juego axial y el par de giro de: FIAT DUCATO (250) caja cambios MLGU 6M LA PIEZA ES NUEVA Y ORIGINAL.<\/p>\n","protected":false},"featured_media":69698,"template":"","meta":{"_seopress_robots_primary_cat":"","_seopress_titles_title":"","_seopress_titles_desc":"","_seopress_robots_index":""},"product_cat":[88,20],"product_tag":[],"class_list":{"0":"post-69697","1":"product","2":"type-product","3":"status-publish","4":"has-post-thumbnail","6":"product_cat-recambios-fiat-ducato","7":"product_cat-recambios-fiat","9":"first","10":"instock","11":"taxable","12":"shipping-taxable","13":"purchasable","14":"product-type-simple"},"_links":{"self":[{"href":"https:\/\/galicianparts.com\/shop\/wp-json\/wp\/v2\/product\/69697"}],"collection":[{"href":"https:\/\/galicianparts.com\/shop\/wp-json\/wp\/v2\/product"}],"about":[{"href":"https:\/\/galicianparts.com\/shop\/wp-json\/wp\/v2\/types\/product"}],"wp:featuredmedia":[{"embeddable":true,"href":"https:\/\/galicianparts.com\/shop\/wp-json\/wp\/v2\/media\/69698"}],"wp:attachment":[{"href":"https:\/\/galicianparts.com\/shop\/wp-json\/wp\/v2\/media?parent=69697"}],"wp:term":[{"taxonomy":"product_cat","embeddable":true,"href":"https:\/\/galicianparts.com\/shop\/wp-json\/wp\/v2\/product_cat?post=69697"},{"taxonomy":"product_tag","embeddable":true,"href":"https:\/\/galicianparts.com\/shop\/wp-json\/wp\/v2\/product_tag?post=69697"}],"curies":[{"name":"wp","href":"https:\/\/api.w.org\/{rel}","templated":true}]}}