{"id":69720,"date":"2023-03-08T10:53:26","date_gmt":"2023-03-08T08:53:26","guid":{"rendered":"https:\/\/galicianparts.com\/shop\/producto\/1349874080-protector-calor-tubo-escape-fiat-ducato-06-citroen-peugeot-original\/"},"modified":"2023-05-03T18:40:43","modified_gmt":"2023-05-03T16:40:43","slug":"1349874080-protector-calor-tubo-escape-fiat-ducato-06-citroen-peugeot-original","status":"publish","type":"product","link":"https:\/\/galicianparts.com\/shop\/producto\/1349874080-protector-calor-tubo-escape-fiat-ducato-06-citroen-peugeot-original\/","title":{"rendered":"1349874080 Protector calor tubo escape Fiat Ducato (06-&#8230;) Citro\u00ebn \/Peugeot ORIGINAL"},"content":{"rendered":"<p>Protecci\u00f3n del dep\u00f3sito de combustible, chapa antical\u00f3rica del silenciador del tubo de escape de:<br \/>\nFIAT PROFESSIONAL &#8211; 2J NUOVO DUCATO 2006 (2006-2014) PUMA \/ 100 CV. \/ 120 CV \/ 130\u00a0CV.<br \/>\nFIAT PROFESSIONAL &#8211; 2J NUOVO DUCATO 2006 (2006-2014) F1A \/ 120 CV \/ 130\u00a0CV.<br \/>\nFIAT PROFESSIONAL &#8211; 2J NUOVO DUCATO 2006 (2006-2014) 150 CV. COMERCIALES \/ 150 CV. COMERCIALES \/ DI\u00c9SEL \/ 140 CV.<br \/>\nFIAT PROFESSIONAL &#8211; 2J NUOVO DUCATO 2006 (2006-2014) CATALIZADOR ESPEC\u00cdFICO \/ VOLUNTARIADO\u00a02\u00a0(LIMITES\u00a0EMISIONES)<br \/>\nFIAT PROFESSIONAL &#8211; 4X NUOVO DUCATO MY 2011 (2011-2014) DEP\u00d3SITO CARBURANTE AUMENTADO \/ FAM. B DS<br \/>\nFIAT PROFESSIONAL &#8211; 4X NUOVO DUCATO MY 2011 (2011-2014) DEP\u00d3SITO CARBURANTE AUMENTADO \/ F1A<br \/>\nFIAT PROFESSIONAL &#8211; 4X NUOVO DUCATO MY 2011 (2011-2014) DEP\u00d3SITO CARBURANTE AUMENTADO \/ F1C<br \/>\nFIAT PROFESSIONAL &#8211; 4Y NUOVO DUCATO MY 2014 (2014-&#8230;.) INCREASED\u00a0CAPACITY\u00a0FUEL\u00a0TANK \/ FAM. B DS \/ LIM.CEE FASE 5<br \/>\nFIAT PROFESSIONAL &#8211; 4Y NUOVO DUCATO MY 2014 (2014-&#8230;.) INCREASED\u00a0CAPACITY\u00a0FUEL\u00a0TANK \/ F1A \/ LIM.CEE FASE 5<br \/>\nFIAT PROFESSIONAL &#8211; 4Y NUOVO DUCATO MY 2014 (2014-&#8230;.) INCREASED\u00a0CAPACITY\u00a0FUEL\u00a0TANK \/ F1C \/ LIM.CEE FASE 5<br \/>\nCITROEN &#8211; JUMPER<br \/>\nPEUGEOT &#8211; BOXER<\/p>\n<p>LA PIEZA ES NUEVA Y ORIGINAL.<\/p>\n","protected":false},"excerpt":{"rendered":"<p>Protecci\u00f3n del dep\u00f3sito de combustible, chapa antical\u00f3rica del silenciador del tubo de escape de: FIAT PROFESSIONAL &#8211; 2J NUOVO DUCATO 2006 (2006-2014) PUMA \/ 100 CV. \/ 120 CV \/ 130\u00a0CV. FIAT PROFESSIONAL &#8211; 2J NUOVO DUCATO 2006 (2006-2014) F1A \/ 120 CV \/ 130\u00a0CV. FIAT PROFESSIONAL &#8211; 2J NUOVO DUCATO 2006 (2006-2014) 150 CV. [&hellip;]<\/p>\n","protected":false},"featured_media":69723,"template":"","meta":{"_seopress_robots_primary_cat":"","_seopress_titles_title":"","_seopress_titles_desc":"","_seopress_robots_index":""},"product_cat":[155,23,88,20,137,24],"product_tag":[],"class_list":{"0":"post-69720","1":"product","2":"type-product","3":"status-publish","4":"has-post-thumbnail","6":"product_cat-recambios-peugeot-boxer","7":"product_cat-recambios-citroen","8":"product_cat-recambios-fiat-ducato","9":"product_cat-recambios-fiat","10":"product_cat-recambios-citroen-jumper","11":"product_cat-recambios-peugeot","13":"first","14":"outofstock","15":"taxable","16":"shipping-taxable","17":"purchasable","18":"product-type-simple"},"_links":{"self":[{"href":"https:\/\/galicianparts.com\/shop\/wp-json\/wp\/v2\/product\/69720"}],"collection":[{"href":"https:\/\/galicianparts.com\/shop\/wp-json\/wp\/v2\/product"}],"about":[{"href":"https:\/\/galicianparts.com\/shop\/wp-json\/wp\/v2\/types\/product"}],"wp:featuredmedia":[{"embeddable":true,"href":"https:\/\/galicianparts.com\/shop\/wp-json\/wp\/v2\/media\/69723"}],"wp:attachment":[{"href":"https:\/\/galicianparts.com\/shop\/wp-json\/wp\/v2\/media?parent=69720"}],"wp:term":[{"taxonomy":"product_cat","embeddable":true,"href":"https:\/\/galicianparts.com\/shop\/wp-json\/wp\/v2\/product_cat?post=69720"},{"taxonomy":"product_tag","embeddable":true,"href":"https:\/\/galicianparts.com\/shop\/wp-json\/wp\/v2\/product_tag?post=69720"}],"curies":[{"name":"wp","href":"https:\/\/api.w.org\/{rel}","templated":true}]}}