{"id":69776,"date":"2023-03-08T12:56:10","date_gmt":"2023-03-08T10:56:10","guid":{"rendered":"https:\/\/galicianparts.com\/shop\/producto\/7627235-abrazadera-tubos-d-20mm-y-10mm-fiat-lancia-alfa-romeo-nueva-original\/"},"modified":"2026-02-28T02:05:14","modified_gmt":"2026-02-28T00:05:14","slug":"7627235-abrazadera-tubos-d-20mm-y-10mm-fiat-lancia-alfa-romeo-nueva-original","status":"publish","type":"product","link":"https:\/\/galicianparts.com\/shop\/producto\/7627235-abrazadera-tubos-d-20mm-y-10mm-fiat-lancia-alfa-romeo-nueva-original\/","title":{"rendered":"7627235 Abrazadera tubos D 22mm y 11mm Fiat \/Lancia \/Alfa Romeo NUEVA ORIGINAL"},"content":{"rendered":"<p>Soporte de sujeci\u00f3n de los latiguillos de servodirecci\u00f3n, latiguillos de freno, manguitos de refrigeraci\u00f3n, calefacci\u00f3n, cable del acelerador, etc&#8230; de:<br \/>\nDi\u00e1metro 1: 22 mm<br \/>\nDi\u00e1metro 2: 11 mm<\/p>\n<p>FIAT &#8211; PK BARCHETTA (1995-2004) 1.8 16V (183A1000)<br \/>\nFIAT &#8211; PK BARCHETTA (1995-2004)<br \/>\nFIAT &#8211; 1V BRAVA (1995-1998) 1800 MPI 16V \/ CONDUCCION\u00a0A DERECHA<br \/>\nFIAT &#8211; 1V BRAVA (1995-1998) CONDUCCION\u00a0A DERECHA \/ 1800 MPI 16V \/ ANTISKID<br \/>\nFIAT &#8211; 1V BRAVA (1995-1998) CONDUCCION A\u00a0IZQUIERDA \/ 1370 SPI 12V 80CV \/ 1370 SPI 12V 75CV<br \/>\nFIAT &#8211; 1M BRAVA G.98 (1998-2001) 1800 16V \/ CONDUCCION\u00a0A DERECHA<br \/>\nFIAT &#8211; 1U BRAVO (1995-1998) 1800 16V \/ CONDUCCION\u00a0A DERECHA<br \/>\nFIAT &#8211; 1U BRAVO (1995-1998) 2000 20V \/ CONDUCCION\u00a0A DERECHA<br \/>\nFIAT &#8211; 1U BRAVO (1995-1998) CONDUCCION A\u00a0IZQUIERDA \/ 1370 SPI 12V 80CV \/ 1370 SPI 12V 75CV<br \/>\nFIAT &#8211; 1L BRAVO G.98 (1998-2001) 1800 16V \/ CONDUCCION\u00a0A DERECHA<br \/>\nFIAT &#8211; MY CROMA IE-IE TB. FL.90 (1990-1996) 2000 8V TURBO USA&#8217;83 \/ 2000 8V USA&#8217;83 (MOT.834B) \/ 2000 8V EM.04 IE BOSCH (SA) \/ 2000 8V EM.04 IE BOSCH (CSI-DZ)<br \/>\nFIAT &#8211; PT MAREA BENZINA (1996-1999) 1800 \/ CONDUCCION\u00a0A DERECHA<br \/>\nFIAT &#8211; PT MAREA BENZINA (1996-1999) 1800 \/ CONDUCCION\u00a0A DERECHA \/ ANTISKID<br \/>\nFIAT &#8211; PT MAREA BENZINA (1996-1999) 1370 12V 80CV (59 KW)<br \/>\nFIAT &#8211; PT MAREA BENZINA (1996-1999) CONDUCCION\u00a0A DERECHA \/ 1800<br \/>\nFIAT &#8211; 1Q MAREA BZ GAMMA&#8217;99 (1999-2002) 1800 16V \/ CONDUCCION\u00a0A DERECHA<br \/>\nFIAT &#8211; 1Q MAREA BZ GAMMA&#8217;99 (1999-2002) CONDUCCION\u00a0A DERECHA \/ 1800 16V<br \/>\nFIAT &#8211; XS MILLE CLIP (1995-1997) 1372 SPI<br \/>\nFIAT &#8211; MX TEMPRA DIESEL-TURBO D. (1989-1993) 1930 ASPIRATO<br \/>\nFIAT &#8211; MX TEMPRA DIESEL-TURBO D. (1989-1993) 1930 TURBO \/ 1930 TURBO USA&#8217;87 (82CV) \/ 1930 TURBO USA&#8217;87 (92CV)<br \/>\nFIAT &#8211; NZ TEMPRA MAQ.93 1750-2000 (&#8217;93-&#8217;96) CONDUCCION A\u00a0IZQUIERDA \/ CAMBIO AUTOMATICO \/ SEDAN \u00abSX\u00bb \/ SEDAN \u00abSLX\u00bb \/ S.W.4X2 \u00abSX\u00bb \/ S.W.4X2 \u00abSLX\u00bb<br \/>\nFIAT &#8211; NZ TEMPRA MAQ.93 1750-2000 (&#8217;93-&#8217;96) CONDUCCION\u00a0A DERECHA \/ CAMBIO AUTOMATICO \/ SEDAN \u00abSX\u00bb \/ SEDAN \u00abSLX\u00bb \/ S.W.4X2 \u00abSX\u00bb \/ S.W.4X2 \u00abSLX\u00bb<br \/>\nFIAT &#8211; NJ TEMPRA MQ.93 D-TD (1993-1996)<br \/>\nFIAT &#8211; MF TIPO DIESEL-T.DS. (1987-1993)<br \/>\nFIAT &#8211; MF TIPO DIESEL-T.DS. (1987-1993) 1697 \/ 1930 ASPIRADO<br \/>\nFIAT &#8211; NT TIPO MAQ.93 D-TD (1993-1995) 1697 \/ 1930 \/ 1930 TURBO<br \/>\nFIAT &#8211; NT TIPO MAQ.93 D-TD (1993-1995) 1697<br \/>\nFIAT &#8211; NU TIPO MQ.93 (1993-1995) CONDUCCION A\u00a0IZQUIERDA \/ (2000 8V \/ CAMBIO AUTOMATICO)<br \/>\nFIAT &#8211; MS UNO R\/89 (1989-1995) CONDUCCION\u00a0A DERECHA \/ (1370 SPI \/ 1370 SPI USA&#8217;83)<br \/>\nFIAT &#8211; MS UNO R\/89 1.1-1370-1.5 (1989-1995) CONDUCCION A\u00a0IZQUIERDA<br \/>\nALFA ROMEO &#8211; U5 155 ASPIRATO (1992-1996) 1.7 T.S. \/ 1.8 T.S. \/ 2.0 T.S. 8 VAL. \/ 2.5 V6 \/ 2.5 V6 (MY.95)<br \/>\nALFA ROMEO &#8211; U5 155 ASPIRATO (1992-1996) 1.7 T.S. \/ 1.8 T.S. \/ 2.0 T.S. 8 VAL.<br \/>\nALFA ROMEO &#8211; U5 155 ASPIRATO (1992-1996) 2.5 V6 \/ 2.5 V6 (MY.95)<br \/>\nALFA ROMEO &#8211; T3 155 GAMMA 96 BZ (1996-1997) 2500 V6<br \/>\nALFA ROMEO &#8211; U6 155 TURBO BZ-DS (1992-1996)<br \/>\nALFA ROMEO &#8211; U6 155 TURBO BZ-DS (1992-1996) AUTOMATIC HEATER \/ MEDIA \/ SUPER \/ DEPORTIVA<br \/>\nALFA ROMEO &#8211; U6 155 TURBO (1992-1996) 1930 TD<br \/>\nALFA ROMEO &#8211; U6 155 TURBO (1992-1996) 2500 TD \/ 2.5 T.DS. CEE F2<br \/>\nALFA ROMEO &#8211; U6 155 TURBO (1992-1996) 2000 TB\/BZ 4X4<br \/>\nLANCIA &#8211; RY DEDRA BENZINA (1989-1994) CONDUCCION\u00a0A DERECHA \/ 1600 \/ 1600 USA&#8217;83 MONOJETRONIC \/ 1600 USA&#8217;83 MONOJMORONIC<br \/>\nLANCIA &#8211; RY DEDRA BENZINA (1989-1994) CONDUCCION\u00a0A DERECHA \/ 1800 \/ 1800 USA&#8217;83 105CV (77KW) \/ 2000 \/ 2000 USA&#8217;83<br \/>\nLANCIA &#8211; RY DEDRA BENZINA (1989-1994) CAMBIO AUTOMATICO \/ 1600 \/ 1600 USA&#8217;83 MONOJETRONIC \/ 1800 \/ 1800 USA&#8217;83 105CV (77KW) \/ 1600 USA&#8217;83 MONOJMORONIC \/ 1800 CC.(USA 83) 90CV (66KW)<br \/>\nLANCIA &#8211; RY DEDRA BENZINA (1989-1994) CAMBIO AUTOMATICO \/ 2000 \/ 2000 USA&#8217;83<br \/>\nLANCIA &#8211; RY DEDRA BENZINA (1989-1994)<br \/>\nLANCIA &#8211; RY DEDRA BENZINA (1989-1994) 1800 \/ 1800 USA&#8217;83 105CV (77KW) \/ 2000 \/ 2000 USA&#8217;83 \/ 1800 CC.(USA 83) 90CV (66KW)<br \/>\nLANCIA &#8211; SL DEDRA FL.94 (1994-1999) 1580 SPI<br \/>\nLANCIA &#8211; SV KAPPA  COUPE&#8217; (1997-2001) 2000 IE. TB 16V<br \/>\nLANCIA &#8211; SP KAPPA BZ (1994-2001) 2000 IE. TB 16V<br \/>\nLANCIA &#8211; SU Y (1995-2000) 1370 12V 80CV (59 KW) \/ 1370 12V 75CV (55KW) \/ 1242 MPI 16V CF2 \/ AIRE ACONDICIONADO<br \/>\nFIAT PROFESSIONAL &#8211; 2E DUCATO RESTYL. (2001-2006) CONDUCCION A\u00a0IZQUIERDA \/ 2000 BZ MPI CF3 \/ 2000 GASOLINA MPI CF3 DECAT.<br \/>\nFIAT PROFESSIONAL &#8211; 2E DUCATO RESTYL. (2001-2006) CONDUCCION A\u00a0IZQUIERDA \/ 2800 TD \/ 2800 TD EGR<br \/>\nFIAT PROFESSIONAL &#8211; PE DUCATO&#8217;94 DIESEL (1994-2002) 2000 JTD EGR \/ CONDUCCION A\u00a0IZQUIERDA<br \/>\nFIAT PROFESSIONAL &#8211; PE DUCATO&#8217;94 DIESEL (1994-2002) CONDUCCION A\u00a0IZQUIERDA \/ 2000 JTD EGR<br \/>\nCITROEN &#8211; JUMPER 2000 HDI<br \/>\nPEUGEOT &#8211; BOXER 2000 HDI<\/p>\n<p>LA PIEZA ES NUEVA Y ORIGINAL.<\/p>\n","protected":false},"excerpt":{"rendered":"<p>Soporte de sujeci\u00f3n de los latiguillos de servodirecci\u00f3n, latiguillos de freno, manguitos de refrigeraci\u00f3n, calefacci\u00f3n, cable del acelerador, etc&#8230; de: Di\u00e1metro 1: 22 mm Di\u00e1metro 2: 11 mm FIAT &#8211; PK BARCHETTA (1995-2004) 1.8 16V (183A1000) FIAT &#8211; PK BARCHETTA (1995-2004) FIAT &#8211; 1V BRAVA (1995-1998) 1800 MPI 16V \/ CONDUCCION\u00a0A DERECHA FIAT &#8211; 1V [&hellip;]<\/p>\n","protected":false},"featured_media":69778,"template":"","meta":{"_seopress_robots_primary_cat":"","_seopress_titles_title":"","_seopress_titles_desc":"","_seopress_robots_index":""},"product_cat":[48,16,80,81,82,86,117,88,20,119,21,95,111,112,114,127],"product_tag":[],"class_list":{"0":"post-69776","1":"product","2":"type-product","3":"status-publish","4":"has-post-thumbnail","6":"product_cat-recambios-alfa-romeo-155","7":"product_cat-recambios-alfa-romeo","8":"product_cat-recambios-fiat-barchetta","9":"product_cat-recambios-fiat-brava","10":"product_cat-recambios-fiat-bravo","11":"product_cat-recambios-fiat-croma","12":"product_cat-recambios-lancia-dedra","13":"product_cat-recambios-fiat-ducato","14":"product_cat-recambios-fiat","15":"product_cat-recambios-lancia-kappa","16":"product_cat-recambios-lancia","17":"product_cat-recambios-fiat-marea","18":"product_cat-recambios-fiat-tempra","19":"product_cat-recambios-fiat-tipo","20":"product_cat-recambios-fiat-uno","21":"product_cat-recambios-lancia-ypsilon","23":"first","24":"outofstock","25":"taxable","26":"shipping-taxable","27":"purchasable","28":"product-type-simple"},"_links":{"self":[{"href":"https:\/\/galicianparts.com\/shop\/wp-json\/wp\/v2\/product\/69776"}],"collection":[{"href":"https:\/\/galicianparts.com\/shop\/wp-json\/wp\/v2\/product"}],"about":[{"href":"https:\/\/galicianparts.com\/shop\/wp-json\/wp\/v2\/types\/product"}],"wp:featuredmedia":[{"embeddable":true,"href":"https:\/\/galicianparts.com\/shop\/wp-json\/wp\/v2\/media\/69778"}],"wp:attachment":[{"href":"https:\/\/galicianparts.com\/shop\/wp-json\/wp\/v2\/media?parent=69776"}],"wp:term":[{"taxonomy":"product_cat","embeddable":true,"href":"https:\/\/galicianparts.com\/shop\/wp-json\/wp\/v2\/product_cat?post=69776"},{"taxonomy":"product_tag","embeddable":true,"href":"https:\/\/galicianparts.com\/shop\/wp-json\/wp\/v2\/product_tag?post=69776"}],"curies":[{"name":"wp","href":"https:\/\/api.w.org\/{rel}","templated":true}]}}