{"id":69844,"date":"2023-03-09T10:03:14","date_gmt":"2023-03-09T08:03:14","guid":{"rendered":"https:\/\/galicianparts.com\/shop\/producto\/7596860-racor-tapa-termostato-lancia-delta-evo-integrale-thema-fiat-croma-original\/"},"modified":"2023-03-31T12:29:22","modified_gmt":"2023-03-31T10:29:22","slug":"7596860-racor-tapa-termostato-lancia-delta-evo-integrale-thema-fiat-croma-original","status":"publish","type":"product","link":"https:\/\/galicianparts.com\/shop\/producto\/7596860-racor-tapa-termostato-lancia-delta-evo-integrale-thema-fiat-croma-original\/","title":{"rendered":"7596860 Racor tapa termostato Lancia Delta Evo \/Integrale \/Thema \/Fiat Croma ORIGINAL"},"content":{"rendered":"<p>Racor de la tapa del termostato de la refrigeraci\u00f3n del motor de:<br \/>\nM\u00e9trica: 9<br \/>\nDi\u00e1metro: 8 mm<br \/>\nLargo total: 34,5 mm<\/p>\n<p>FIAT &#8211; MZ CROMA CHT FL.90 (1990-1992)<br \/>\nFIAT &#8211; MY CROMA FL.90 (1990-1996) 2000 8V EM.04 IE WEBER \/ 2000 8V USA&#8217;83 (MOT.154C3) \/ 2000 8V TURBO EM.04 \/ 2000 8V TURBO USA&#8217;83 \/ 2000 8V USA&#8217;83 (MOT.834B) \/ 2000 8V EM.04 IE BOSCH (SA) \/ 2000 8V EM.04 IE BOSCH (CSI-DZ)<br \/>\nLANCIA &#8211; RT DELTA 4WD (1986-1991) 2000 8V \/ 2000 8V COMP.MIGLIORATA \/ 2000 8V USA 83<br \/>\nLANCIA &#8211; SA DELTA EVOLUZIONE (1991-1994) 2000 8V USA83<br \/>\nLANCIA &#8211; TB DELTA R.86 (1986-1992) 1600 MPI<br \/>\nLANCIA &#8211; TB DELTA R.86 (1986-1992) 1600 SPI USA 83<br \/>\nLANCIA &#8211; SE THEMA I.E. 8V FL.92 (1992-1994)<\/p>\n<p>LA PIEZA ES NUEVA Y ORIGINAL.<\/p>\n","protected":false},"excerpt":{"rendered":"<p>Racor de la tapa del termostato de la refrigeraci\u00f3n del motor de: M\u00e9trica: 9 Di\u00e1metro: 8 mm Largo total: 34,5 mm FIAT &#8211; MZ CROMA CHT FL.90 (1990-1992) FIAT &#8211; MY CROMA FL.90 (1990-1996) 2000 8V EM.04 IE WEBER \/ 2000 8V USA&#8217;83 (MOT.154C3) \/ 2000 8V TURBO EM.04 \/ 2000 8V TURBO USA&#8217;83 \/ [&hellip;]<\/p>\n","protected":false},"featured_media":69849,"template":"","meta":{"_seopress_robots_primary_cat":"","_seopress_titles_title":"","_seopress_titles_desc":"","_seopress_robots_index":""},"product_cat":[86,118,20,21,124],"product_tag":[],"class_list":{"0":"post-69844","1":"product","2":"type-product","3":"status-publish","4":"has-post-thumbnail","6":"product_cat-recambios-fiat-croma","7":"product_cat-recambios-lancia-delta","8":"product_cat-recambios-fiat","9":"product_cat-recambios-lancia","10":"product_cat-recambios-lancia-thema","12":"first","13":"outofstock","14":"taxable","15":"shipping-taxable","16":"purchasable","17":"product-type-simple"},"_links":{"self":[{"href":"https:\/\/galicianparts.com\/shop\/wp-json\/wp\/v2\/product\/69844"}],"collection":[{"href":"https:\/\/galicianparts.com\/shop\/wp-json\/wp\/v2\/product"}],"about":[{"href":"https:\/\/galicianparts.com\/shop\/wp-json\/wp\/v2\/types\/product"}],"wp:featuredmedia":[{"embeddable":true,"href":"https:\/\/galicianparts.com\/shop\/wp-json\/wp\/v2\/media\/69849"}],"wp:attachment":[{"href":"https:\/\/galicianparts.com\/shop\/wp-json\/wp\/v2\/media?parent=69844"}],"wp:term":[{"taxonomy":"product_cat","embeddable":true,"href":"https:\/\/galicianparts.com\/shop\/wp-json\/wp\/v2\/product_cat?post=69844"},{"taxonomy":"product_tag","embeddable":true,"href":"https:\/\/galicianparts.com\/shop\/wp-json\/wp\/v2\/product_tag?post=69844"}],"curies":[{"name":"wp","href":"https:\/\/api.w.org\/{rel}","templated":true}]}}