{"id":69938,"date":"2023-03-09T15:10:42","date_gmt":"2023-03-09T13:10:42","guid":{"rendered":"https:\/\/galicianparts.com\/shop\/producto\/5938701-tapa-marron-informacion-neumaticos-fiat-lancia-seat-clasico-nueva-original\/"},"modified":"2023-03-09T15:13:53","modified_gmt":"2023-03-09T13:13:53","slug":"5938701-tapa-marron-informacion-neumaticos-fiat-lancia-seat-clasico-nueva-original","status":"publish","type":"product","link":"https:\/\/galicianparts.com\/shop\/producto\/5938701-tapa-marron-informacion-neumaticos-fiat-lancia-seat-clasico-nueva-original\/","title":{"rendered":"5938701 Tapa marr\u00f3n informaci\u00f3n neum\u00e1ticos Fiat \/Lancia \/Seat cl\u00e1sico NUEVA ORIGINAL"},"content":{"rendered":"<p>005.144.500 Embellecedor interior marr\u00f3n, indicador de la presi\u00f3n de neum\u00e1ticos en portugu\u00e9s de Fiat \/ Lancia \/ Seat cl\u00e1sico.<\/p>\n<p>LA PIEZA ES NUEVA Y ORIGINAL STARS<\/p>\n","protected":false},"excerpt":{"rendered":"<p>005.144.500 Embellecedor interior marr\u00f3n, indicador de la presi\u00f3n de neum\u00e1ticos en portugu\u00e9s de Fiat \/ Lancia \/ Seat cl\u00e1sico. LA PIEZA ES NUEVA Y ORIGINAL STARS<\/p>\n","protected":false},"featured_media":69939,"template":"","meta":{"_seopress_robots_primary_cat":"","_seopress_titles_title":"","_seopress_titles_desc":"","_seopress_robots_index":""},"product_cat":[20,21,26],"product_tag":[],"class_list":{"0":"post-69938","1":"product","2":"type-product","3":"status-publish","4":"has-post-thumbnail","6":"product_cat-recambios-fiat","7":"product_cat-recambios-lancia","8":"product_cat-recambios-seat","10":"first","11":"instock","12":"taxable","13":"shipping-taxable","14":"purchasable","15":"product-type-simple"},"_links":{"self":[{"href":"https:\/\/galicianparts.com\/shop\/wp-json\/wp\/v2\/product\/69938"}],"collection":[{"href":"https:\/\/galicianparts.com\/shop\/wp-json\/wp\/v2\/product"}],"about":[{"href":"https:\/\/galicianparts.com\/shop\/wp-json\/wp\/v2\/types\/product"}],"wp:featuredmedia":[{"embeddable":true,"href":"https:\/\/galicianparts.com\/shop\/wp-json\/wp\/v2\/media\/69939"}],"wp:attachment":[{"href":"https:\/\/galicianparts.com\/shop\/wp-json\/wp\/v2\/media?parent=69938"}],"wp:term":[{"taxonomy":"product_cat","embeddable":true,"href":"https:\/\/galicianparts.com\/shop\/wp-json\/wp\/v2\/product_cat?post=69938"},{"taxonomy":"product_tag","embeddable":true,"href":"https:\/\/galicianparts.com\/shop\/wp-json\/wp\/v2\/product_tag?post=69938"}],"curies":[{"name":"wp","href":"https:\/\/api.w.org\/{rel}","templated":true}]}}