{"id":6998,"date":"2020-10-27T13:21:57","date_gmt":"2020-10-27T11:21:57","guid":{"rendered":"https:\/\/galicianparts.com\/shop\/producto\/5984044-filtro-aceite-fiat-lancia-alfa-romeo-citroen-peugeot-original\/"},"modified":"2024-06-01T14:17:00","modified_gmt":"2024-06-01T12:17:00","slug":"5984044-filtro-aceite-fiat-lancia-alfa-romeo-citroen-peugeot-original","status":"publish","type":"product","link":"https:\/\/galicianparts.com\/shop\/producto\/5984044-filtro-aceite-fiat-lancia-alfa-romeo-citroen-peugeot-original\/","title":{"rendered":"5984044 Filtro aceite Fiat \/Lancia \/Alfa Romeo \/Citro\u00ebn \/Peugeot ORIGINAL"},"content":{"rendered":"<p>Filtro de aceite ISO 6415 M20 x 1,5 A3-76 Z 100 C447 v\u00e1lido para:<br \/>\nM\u00e9trica: 20&#215;1,5<br \/>\nAltura: 100 mm<br \/>\nDi\u00e1metro: 76 mm<br \/>\nDi\u00e1metro interior 2: 62 mm<br \/>\nDi\u00e1metro exterior 2: 71 mm<\/p>\n<p>ALFA ROMEO 145 (930)<br \/>\n1.9 JTD (930.A4B), A\u00f1o 02.1999 &#8211; 01.2001, 1910 ccm, 105 cv<br \/>\nALFA ROMEO 6 (119)<br \/>\n2.0 (119AA), A\u00f1o 07.1981 &#8211; 12.1986, 1997 ccm, 135 cv<br \/>\nALFA ROMEO 146 (930)<br \/>\n1.8 i.e. 16V T.S. (930.B1A), A\u00f1o 03.1998 &#8211; 01.2001, 1747 ccm, 144 cv<br \/>\n1.9 JTD (930.B4B), A\u00f1o 02.1999 &#8211; 01.2001, 1910 ccm, 105 cv<br \/>\nALFA ROMEO 156 (932)<br \/>\n1.9 JTD (932.A2B00), A\u00f1o 10.2000 &#8211; 05.2001, 1910 ccm, 110 cv<br \/>\n1.9 JTD, A\u00f1o 09.1997 &#8211; 10.2000, 1910 ccm, 105 cv<br \/>\n2.4 JTD, A\u00f1o 10.2000 &#8211; 09.2005, 2387 ccm, 140 cv<br \/>\n2.4 JTD, A\u00f1o 03.2002 &#8211; 09.2005, 2387 ccm, 150 cv<br \/>\n2.4 JTD (932AXF00), A\u00f1o 10.2003 &#8211; 09.2005, 2387 ccm, 175 cv<br \/>\nALFA ROMEO 166 (936)<br \/>\n2.4 JTD, A\u00f1o 10.2000 &#8211; 06.2007, 2387 ccm, 140 cv<br \/>\nALFA ROMEO 147 (937)<br \/>\n1.9 JTD (937.AXF1A, 937.BXF1A), A\u00f1o 06.2003 &#8211; 03.2010, 1910 ccm, 101 cv<\/p>\n<p>AUTOBIANCHI Y10 Hatchback<br \/>\n1.0, A\u00f1o 03.1985 &#8211; 10.1995, 999 ccm, 45 cv<br \/>\n1.0, A\u00f1o 03.1985 &#8211; 10.1995, 1049 ccm, 56 cv<br \/>\n1.0 4WD, A\u00f1o 12.1986 &#8211; 10.1995, 999 ccm, 50 cv<br \/>\n1.0 Cat, A\u00f1o 10.1987 &#8211; 10.1995, 999 ccm, 45 cv<br \/>\n1.1, A\u00f1o 06.1989 &#8211; 10.1995, 1108 ccm, 57 cv<br \/>\n1.1 4WD, A\u00f1o 06.1989 &#8211; 10.1995, 1108 ccm, 57 cv<br \/>\n1.1 i.e. Cat, A\u00f1o 09.1990 &#8211; 10.1995, 1108 ccm, 57 cv<\/p>\n<p>CITRO\u00cbN Jumpy I MPV (A\u00f1o 06.1994 &#8211; 12.2006)<br \/>\n1.6, A\u00f1o 10.1995 &#8211; 08.2000, 1581 ccm, 79 cv<\/p>\n<p>FIAT Cinquecento (170)<br \/>\n1.1 Sporting, A\u00f1o 10.1994 &#8211; 01.1998, 1108 ccm, 54 cv<br \/>\nFIAT Tempra Berlina (159)<br \/>\n1.4 i.e. (159.AA), A\u00f1o 03.1991 &#8211; 08.1996, 1372 ccm, 78 cv<br \/>\n1.4 i.e., A\u00f1o 04.1990 &#8211; 08.1996, 1372 ccm, 69 cv<br \/>\n1.6 i.e., A\u00f1o 06.1994 &#8211; 08.1996, 1581 ccm, 87 cv<br \/>\n1.6 i.e., A\u00f1o 06.1994 &#8211; 08.1996, 1581 ccm, 90 cv<br \/>\n1.6 i.e., A\u00f1o 06.1992 &#8211; 08.1996, 1581 ccm, 75 cv<br \/>\nFIAT Tempra S.W. (159)<br \/>\n1.4 i.e., A\u00f1o 03.1991 &#8211; 08.1996, 1372 ccm, 78 cv<br \/>\n1.4 i.e., A\u00f1o 10.1992 &#8211; 08.1996, 1372 ccm, 69 cv<br \/>\n1.6 i.e., A\u00f1o 10.1990 &#8211; 08.1996, 1581 ccm, 78 cv<br \/>\n1.6 i.e., A\u00f1o 06.1994 &#8211; 08.1996, 1581 ccm, 90 cv<br \/>\n1.6 i.e., A\u00f1o 10.1992 &#8211; 08.1996, 1581 ccm, 75 cv<br \/>\nFIAT Panda I Hatchback (141)<br \/>\n1.0, A\u00f1o 01.1986 &#8211; 04.1992, 999 ccm, 44 cv<br \/>\n1.0, A\u00f1o 01.1985 &#8211; 12.1992, 999 ccm, 50 cv<br \/>\n1.0 4&#215;4, A\u00f1o 01.1986 &#8211; 07.1989, 999 ccm, 44 cv<br \/>\n1.0 4&#215;4, A\u00f1o 05.1986 &#8211; 12.1994, 999 ccm, 45 cv<br \/>\n1000 4&#215;4, A\u00f1o 01.1986 &#8211; 12.1992, 999 ccm, 50 cv<br \/>\n1000 i.e. Cat, A\u00f1o 10.1987 &#8211; 08.1998, 999 ccm, 45 cv<br \/>\n1.1, A\u00f1o 05.1991 &#8211; 12.1999, 1108 ccm, 50 cv<br \/>\n1.1, A\u00f1o 02.1995 &#8211; 09.2003, 1108 ccm, 54 cv<br \/>\n1.1 4&#215;4, A\u00f1o 02.1995 &#8211; 07.2004, 1108 ccm, 54 cv<br \/>\n1.1 Trekking 4&#215;4, A\u00f1o 10.1991 &#8211; 07.2004, 1108 ccm, 50 cv<br \/>\n750, A\u00f1o 01.1986 &#8211; 10.2003, 770 ccm, 34 cv<br \/>\nFIAT Tipo Hatchback (160)<br \/>\n1.1, A\u00f1o 01.1988 &#8211; 10.1991, 1108 ccm, 56 cv<br \/>\n1.4 i.e., A\u00f1o 05.1989 &#8211; 04.1995, 1372 ccm, 78 cv<br \/>\n1.6 i.e., A\u00f1o 10.1992 &#8211; 04.1995, 1581 ccm, 75 cv<br \/>\nFIAT Fiorino II Furg\u00f3n (146)<br \/>\n1.7 TD, A\u00f1o 11.1996 &#8211; 05.2000, 1697 ccm, 63 cv<br \/>\n65 1.7 TD, A\u00f1o 01.1997 &#8211; 05.2001, 1698 ccm, 63 cv<br \/>\n70 i.e. 1.4, A\u00f1o 05.1994 &#8211; 05.2001, 1372 ccm, 67 cv<br \/>\n75 i.e. 1.6, A\u00f1o 10.1993 &#8211; 05.2001, 1581 ccm, 75 cv<br \/>\nFIAT Punto I (176)<br \/>\n1.2 16V, A\u00f1o 04.1997 &#8211; 09.1999, 1242 ccm, 86 cv<br \/>\n1.4 GT Turbo (176AD_), A\u00f1o 10.1993 &#8211; 03.1997, 1372 ccm, 133 cv<br \/>\n1.4 GT Turbo (176AS_), A\u00f1o 09.1996 &#8211; 07.1999, 1372 ccm, 131 cv<br \/>\n1.6, A\u00f1o 01.1994 &#8211; 04.1997, 1581 ccm, 88 cv<br \/>\n1.1 55, A\u00f1o 09.1993 &#8211; 09.1999, 1108 ccm, 54 cv<br \/>\n1.2 60, A\u00f1o 01.1994 &#8211; 09.1999, 1242 ccm, 58 cv<br \/>\n60 1.2 (176AP, 176AR, 176AQ, 176BB), A\u00f1o 09.1993 &#8211; 09.1999, 1242 ccm, 60 cv<br \/>\n1.2 75, A\u00f1o 10.1993 &#8211; 09.1999, 1242 ccm, 73 cv<br \/>\nFIAT Uno Hatchback (146)<br \/>\n1.4 Turbo i.e., A\u00f1o 12.1989 &#8211; 12.1996, 1372 ccm, 118 cv<br \/>\n1.6 R, A\u00f1o 05.1993 &#8211; 12.1995, 1581 ccm, 90 cv<br \/>\n1.0 45, A\u00f1o 06.1986 &#8211; 12.1993, 999 ccm, 44 cv<br \/>\n45 i.e. 1.0 (146E, 146A), A\u00f1o 10.1984 &#8211; 10.1995, 999 ccm, 45 cv<br \/>\n1.1 50, A\u00f1o 01.1986 &#8211; 12.1989, 1116 ccm, 50 cv<br \/>\n1.1 50, A\u00f1o 01.1990 &#8211; 12.1993, 1108 ccm, 50 cv<br \/>\n1.1 i.e. 50, A\u00f1o 06.1992 &#8211; 12.1993, 1116 ccm, 49 cv<br \/>\nFIAT Barchetta (183)<br \/>\n1.8 16V, A\u00f1o 04.1995 &#8211; 05.2005, 1747 ccm, 130 cv<br \/>\nFIAT Brava Hatchback (182)<br \/>\n1.2 16V 80, A\u00f1o 12.1998 &#8211; 12.2002, 1242 ccm, 82 cv<br \/>\n1.4, A\u00f1o 10.1995 &#8211; 10.2001, 1370 ccm, 75 cv<br \/>\n1.4 12 V, A\u00f1o 10.1995 &#8211; 08.1998, 1370 ccm, 80 cv<br \/>\n1.6 16V, A\u00f1o 02.1996 &#8211; 10.2001, 1581 ccm, 103 cv<br \/>\n1.6 16V, A\u00f1o 10.1995 &#8211; 10.2001, 1581 ccm, 90 cv<br \/>\n1.6 16V, A\u00f1o 01.1999 &#8211; 12.2002, 1596 ccm, 103 cv<br \/>\n1.8 GT 16V (182.BC), A\u00f1o 10.1995 &#8211; 08.2001, 1747 ccm, 113 cv<br \/>\n1.9 JTD, A\u00f1o 09.2000 &#8211; 10.2001, 1910 ccm, 100 cv<br \/>\n1.9 JTD 105, A\u00f1o 12.1998 &#8211; 10.2001, 1910 ccm, 105 cv<br \/>\n1.9 TD 100 S, A\u00f1o 03.1996 &#8211; 10.2001, 1910 ccm, 100 cv<br \/>\n1.9 TD 75 S, A\u00f1o 03.1996 &#8211; 10.2001, 1910 ccm, 75 cv<br \/>\nFIAT Bravo I Hatchback (182)<br \/>\n1.2 16V 80, A\u00f1o 12.1998 &#8211; 10.2000, 1242 ccm, 82 cv<br \/>\n1.4, A\u00f1o 10.1995 &#8211; 10.2001, 1370 ccm, 80 cv<br \/>\n1.4, A\u00f1o 10.1995 &#8211; 10.2001, 1370 ccm, 75 cv<br \/>\n1.6 16V, A\u00f1o 03.1996 &#8211; 10.2001, 1581 ccm, 103 cv<br \/>\n1.6 16V, A\u00f1o 10.1995 &#8211; 10.2001, 1581 ccm, 90 cv<br \/>\n1.8 GT, A\u00f1o 10.1995 &#8211; 10.2001, 1747 ccm, 113 cv<br \/>\n1.9 JTD, A\u00f1o 09.2000 &#8211; 10.2001, 1910 ccm, 100 cv<br \/>\n1.9 JTD 105, A\u00f1o 12.1998 &#8211; 10.2001, 1910 ccm, 105 cv<br \/>\n1.9 TD 100 S, A\u00f1o 03.1996 &#8211; 10.2001, 1910 ccm, 100 cv<br \/>\n1.9 TD 75 S, A\u00f1o 03.1996 &#8211; 10.2001, 1910 ccm, 75 cv<br \/>\nFIAT Scudo I (220)<br \/>\n1.6, A\u00f1o 02.1996 &#8211; 12.2006, 1581 ccm, 79 cv<br \/>\nFIAT Marea (185)<br \/>\n1.4 80 12V, A\u00f1o 09.1996 &#8211; 05.2002, 1370 ccm, 80 cv<br \/>\n1.6, A\u00f1o 09.2000 &#8211; 08.2002, 1596 ccm, 103 cv<br \/>\n1.6 100 16V, A\u00f1o 09.1996 &#8211; 05.2002, 1581 ccm, 103 cv<br \/>\n1.6 100 16V Bipower, A\u00f1o 04.1999 &#8211; 05.2002, 1581 ccm, 103 cv<br \/>\n1.6 16V, A\u00f1o 04.1997 &#8211; 02.1999, 1581 ccm, 102 cv<br \/>\n1.9 JTD 105 (185AXN1A), A\u00f1o 12.1998 &#8211; 12.2002, 1910 ccm, 105 cv<br \/>\n1.9 JTD 110 (185AXT1A), A\u00f1o 09.2000 &#8211; 08.2002, 1910 ccm, 110 cv<br \/>\n1.9 TD 100 (185AX_), A\u00f1o 05.1996 &#8211; 12.2002, 1910 ccm, 100 cv<br \/>\n1.9 TD 75, A\u00f1o 09.1996 &#8211; 05.2002, 1910 ccm, 75 cv<br \/>\n2.0 150 20V, A\u00f1o 01.2001 &#8211; 05.2002, 1998 ccm, 150 cv<br \/>\n2.4 JTD 130, A\u00f1o 04.1999 &#8211; 05.2002, 2387 ccm, 130 cv<br \/>\nFIAT Ducato I (290)<br \/>\n2.0, A\u00f1o 06.1990 &#8211; 05.1994, 1971 ccm, 86 cv<br \/>\nFIAT Palio I Hatchback (178)<br \/>\n1.0, A\u00f1o 04.1996 &#8211; 10.2003, 994 ccm, 61 cv<br \/>\n1.2, A\u00f1o 06.1998 &#8211; &#8230;, 1242 ccm, 73 cv<br \/>\n1.4, A\u00f1o 04.1996 &#8211; 10.2002, 1372 ccm, 69 cv<br \/>\n1.4 Cat, A\u00f1o 04.1996 &#8211; 08.2001, 1372 ccm, 69 cv<br \/>\n1.5, A\u00f1o 06.2004 &#8211; &#8230;, 1461 ccm, 84 cv<br \/>\n1.6 16V, A\u00f1o 04.1996 &#8211; 10.2002, 1581 ccm, 100 cv<br \/>\nFIAT Palio I Weekend (178)<br \/>\n1.2, A\u00f1o 04.1996 &#8211; 02.2004, 1242 ccm, 73 cv<br \/>\n1.4, A\u00f1o 07.1997 &#8211; 08.2001, 1372 ccm, 69 cv<br \/>\n1.5, A\u00f1o 02.2002 &#8211; &#8230;, 1461 ccm, 84 cv<br \/>\n1.6 16V, A\u00f1o 02.2001 &#8211; 01.2012, 1596 ccm, 103 cv<br \/>\n1.6 16V (178DXD1A), A\u00f1o 06.1996 &#8211; 02.2001, 1581 ccm, 100 cv<br \/>\n1.7 TD, A\u00f1o 04.1996 &#8211; 03.2001, 1698 ccm, 70 cv<br \/>\n1.9 D, A\u00f1o 03.2001 &#8211; &#8230;, 1910 ccm, 63 cv<br \/>\nFIAT Seicento \/ 600 Hatchback (187)<br \/>\n1.1 (187AXB, 187AXB1A, 187AXC1A02), A\u00f1o 01.1998 &#8211; 01.2010, 1108 ccm, 54 cv<br \/>\nFIAT Multipla (186)<br \/>\n1.6, A\u00f1o 05.2004 &#8211; 08.2005, 1596 ccm, 92 cv<br \/>\n1.6 (186AXC1A, 186BMC1A, 186BXC1A), A\u00f1o 09.2000 &#8211; 06.2010, 1596 ccm, 103 cv<br \/>\n1.6 100 16V, A\u00f1o 04.1999 &#8211; 06.2010, 1581 ccm, 103 cv<br \/>\n1.6 16V, A\u00f1o 04.2002 &#8211; 06.2010, 1596 ccm, 95 cv<br \/>\n1.6 16V Bipower, A\u00f1o 04.1999 &#8211; 06.2010, 1581 ccm, 103 cv<br \/>\n1.6 16V Bipower, A\u00f1o 10.2001 &#8211; 06.2010, 1596 ccm, 103 cv<br \/>\n1.6 16V Blupower, A\u00f1o 04.1999 &#8211; 06.2010, 1581 ccm, 95 cv<br \/>\n1.9 JTD 105 (186AXB1A), A\u00f1o 04.1999 &#8211; 06.2010, 1910 ccm, 105 cv<br \/>\n1.9 JTD 110, A\u00f1o 03.2001 &#8211; 07.2002, 1910 ccm, 110 cv<br \/>\nFIAT Strada Pick-up (178)<br \/>\n1.2, A\u00f1o 06.1999 &#8211; 12.2006, 1242 ccm, 73 cv<br \/>\n1.7 TD, A\u00f1o 06.1999 &#8211; 12.2006, 1698 ccm, 69 cv<br \/>\n1.9 D, A\u00f1o 12.2000 &#8211; &#8230;, 1910 ccm, 63 cv<br \/>\n1.9 JTD, A\u00f1o 04.2003 &#8211; &#8230;, 1910 ccm, 80 cv<br \/>\nFIAT Punto II Hatchback (188)<br \/>\n1.2 60, A\u00f1o 09.1999 &#8211; 12.2010, 1242 ccm, 60 cv<br \/>\n1.9 DS 60, A\u00f1o 09.1999 &#8211; 03.2012, 1910 ccm, 60 cv<br \/>\n1.9 JTD, A\u00f1o 10.2001 &#8211; 03.2012, 1910 ccm, 86 cv<br \/>\n1.9 JTD 80, A\u00f1o 09.1999 &#8211; 03.2012, 1910 ccm, 80 cv<br \/>\nFIAT Fiorino II Pick-up (146)<br \/>\n1.4, A\u00f1o 05.1994 &#8211; 05.2001, 1372 ccm, 67 cv<br \/>\n1.6, A\u00f1o 01.1994 &#8211; 05.2001, 1581 ccm, 75 cv<br \/>\n1.7 TD, A\u00f1o 01.1997 &#8211; 05.2001, 1698 ccm, 63 cv<br \/>\nFIAT Elba<br \/>\n1.5, A\u00f1o 01.1992 &#8211; 12.1996, 1498 ccm, 67 cv<br \/>\nFIAT Siena (178, 172)<br \/>\n1.3 (178CXG1AAM, 178CXG1AAP, 178CXG1AAT), A\u00f1o 09.1998 &#8211; 12.2002, 1242 ccm, 73 cv<br \/>\n1.4, A\u00f1o 04.1996 &#8211; 12.2009, 1372 ccm, 69 cv<br \/>\n1.4 Cat, A\u00f1o 04.1996 &#8211; 12.2009, 1372 ccm, 69 cv<br \/>\n1.5, A\u00f1o 06.2004 &#8211; 12.2009, 1461 ccm, 84 cv<br \/>\n1.6 (178CYC1AAT), A\u00f1o 11.2000 &#8211; 12.2012, 1596 ccm, 103 cv<br \/>\n1.6 16V, A\u00f1o 09.1998 &#8211; 12.2009, 1581 ccm, 101 cv<br \/>\nFIAT Premio<br \/>\n1.6 i.e., A\u00f1o 08.1993 &#8211; 12.1996, 1581 ccm, 82 cv<br \/>\nFIAT Doblo I (119, 223)<br \/>\n1.6 16V, A\u00f1o 10.2001 &#8211; &#8230;, 1596 ccm, 103 cv<br \/>\n1.6 Natural Power, A\u00f1o 09.2002 &#8211; &#8230;, 1596 ccm, 103 cv<br \/>\n1.9 D, A\u00f1o 03.2001 &#8211; &#8230;, 1910 ccm, 63 cv<br \/>\n1.9 JTD, A\u00f1o 07.2003 &#8211; &#8230;, 1910 ccm, 105 cv<br \/>\n1.9 JTD, A\u00f1o 10.2001 &#8211; &#8230;, 1910 ccm, 100 cv<br \/>\nFIAT Stilo (192) (A\u00f1o 10.2001 &#8211; 11.2010)<br \/>\n1.6 16V, A\u00f1o 10.2001 &#8211; 11.2006, 1596 ccm, 103 cv<\/p>\n<p>LANCIA Kappa (838)<br \/>\n2.4 JTD, A\u00f1o 06.1998 &#8211; 10.2001, 2387 ccm, 136 cv<br \/>\nLANCIA Dedra (835)<br \/>\n1.6 16V, A\u00f1o 01.1996 &#8211; 07.1999, 1581 ccm, 103 cv<br \/>\n1.6 LE Cat (835EB), A\u00f1o 07.1994 &#8211; 07.1999, 1581 ccm, 90 cv<br \/>\n1.8 16V LE, A\u00f1o 03.1996 &#8211; 07.1999, 1747 ccm, 113 cv<br \/>\n1.8 GT 16V, A\u00f1o 03.1996 &#8211; 07.1999, 1747 ccm, 131 cv<br \/>\nLANCIA Delta II (836)<br \/>\n1.4 i.e., A\u00f1o 10.1994 &#8211; 08.1999, 1372 ccm, 69 cv<br \/>\n1.6 i.e., A\u00f1o 06.1993 &#8211; 08.1999, 1581 ccm, 75 cv<br \/>\n1.6 i.e., A\u00f1o 03.1996 &#8211; 08.1999, 1581 ccm, 90 cv<br \/>\n1.6 i.e. 16V, A\u00f1o 01.1996 &#8211; 08.1999, 1581 ccm, 103 cv<br \/>\nLANCIA Y10 (156)<br \/>\n1.0 (156C), A\u00f1o 03.1985 &#8211; 07.1989, 1049 ccm, 56 cv<br \/>\n1.0 Fire, A\u00f1o 03.1985 &#8211; 06.1989, 999 ccm, 45 cv<br \/>\n1.0 Fire (156AA, 156AD), A\u00f1o 03.1985 &#8211; 02.1990, 999 ccm, 50 cv<br \/>\n1.0 Fire, A\u00f1o 06.1985 &#8211; 06.1991, 999 ccm, 44 cv<br \/>\n1.0 Fire A las 4 ruedas (156.AD), A\u00f1o 12.1986 &#8211; 02.1989, 999 ccm, 44 cv<br \/>\n1.0 Fire A las 4 ruedas (156AA), A\u00f1o 12.1987 &#8211; 02.1990, 999 ccm, 50 cv<br \/>\n1.0 Fire Allrad, A\u00f1o 12.1987 &#8211; 02.1992, 999 ccm, 45 cv<br \/>\n1.0 Fire Catalytic-Conv (156AE), A\u00f1o 10.1987 &#8211; 02.1992, 999 ccm, 45 cv<br \/>\n1.1 Fire (156AG), A\u00f1o 01.1995 &#8211; 12.1995, 1108 ccm, 54 cv<br \/>\n1.1 Fire A las 4 ruedas (156AG), A\u00f1o 01.1995 &#8211; 12.1995, 1108 ccm, 54 cv<br \/>\n1.1 i.e Fire (156AC), A\u00f1o 08.1989 &#8211; 06.1992, 1108 ccm, 57 cv<br \/>\n1.1 i.e Fire A las 4 ruedas (156AC), A\u00f1o 08.1989 &#8211; 06.1992, 1108 ccm, 57 cv<br \/>\n1.1 i.e. Fire, A\u00f1o 07.1989 &#8211; 09.1995, 1108 ccm, 50 cv<br \/>\n1.1 i.e. Fire Allrad, A\u00f1o 09.1992 &#8211; 12.1995, 1108 ccm, 50 cv<br \/>\nLANCIA Y (840)<br \/>\n1.1, A\u00f1o 11.1995 &#8211; 09.2003, 1108 ccm, 54 cv<br \/>\n1.2, A\u00f1o 03.1996 &#8211; 09.2003, 1242 ccm, 60 cv<br \/>\n1.2 16V, A\u00f1o 04.1997 &#8211; 09.2003, 1242 ccm, 86 cv<br \/>\n1.4 12V, A\u00f1o 10.1996 &#8211; 09.2003, 1370 ccm, 80 cv<br \/>\n1.4 12V, A\u00f1o 03.1996 &#8211; 09.2003, 1370 ccm, 75 cv<br \/>\nLANCIA Lybra (839)<br \/>\n1.6, A\u00f1o 10.2000 &#8211; 10.2005, 1596 ccm, 103 cv<br \/>\n1.6 16V, A\u00f1o 07.1999 &#8211; 10.2005, 1581 ccm, 103 cv<br \/>\n1.9 JTD (839.AXI1A, 839.AXN1A, 839.CXL1A), A\u00f1o 05.2001 &#8211; 10.2005, 1910 ccm, 116 cv<br \/>\n1.9 JTD, A\u00f1o 07.1999 &#8211; 09.2000, 1910 ccm, 105 cv<br \/>\n1.9 JTD, A\u00f1o 09.2000 &#8211; 05.2001, 1910 ccm, 110 cv<br \/>\nLANCIA Thesis (841)<br \/>\n2.4 JTD, A\u00f1o 07.2002 &#8211; 07.2009, 2387 ccm, 150 cv<\/p>\n<p>LA PIEZA ES NUEVA Y ORIGINAL.<\/p>\n","protected":false},"excerpt":{"rendered":"<p>Filtro de aceite ISO 6415 M20 x 1,5 A3-76 Z 100 C447 v\u00e1lido para: M\u00e9trica: 20&#215;1,5 Altura: 100 mm Di\u00e1metro: 76 mm Di\u00e1metro interior 2: 62 mm Di\u00e1metro exterior 2: 71 mm ALFA ROMEO 145 (930) 1.9 JTD (930.A4B), A\u00f1o 02.1999 &#8211; 01.2001, 1910 ccm, 105 cv ALFA ROMEO 6 (119) 2.0 (119AA), A\u00f1o 07.1981 [&hellip;]<\/p>\n","protected":false},"featured_media":80241,"template":"","meta":{"_seopress_robots_primary_cat":"","_seopress_titles_title":"","_seopress_titles_desc":"","_seopress_robots_index":""},"product_cat":[45,46,44,49,57,352,16,25,80,81,82,84,23,117,118,87,88,90,20,91,138,119,21,120,95,96,98,99,386,101,104,106,107,108,109,111,125,112,114,126,64,127],"product_tag":[],"class_list":{"0":"post-6998","1":"product","2":"type-product","3":"status-publish","4":"has-post-thumbnail","6":"product_cat-recambios-alfa-romeo-145","7":"product_cat-recambios-alfa-romeo-146","8":"product_cat-recambios-alfa-romeo-147","9":"product_cat-recambios-alfa-romeo-156","10":"product_cat-recambios-alfa-romeo-166","11":"product_cat-recambios-alfa-romeo-6","12":"product_cat-recambios-alfa-romeo","13":"product_cat-recambios-autobianchi","14":"product_cat-recambios-fiat-barchetta","15":"product_cat-recambios-fiat-brava","16":"product_cat-recambios-fiat-bravo","17":"product_cat-recambios-fiat-cinquecento","18":"product_cat-recambios-citroen","19":"product_cat-recambios-lancia-dedra","20":"product_cat-recambios-lancia-delta","21":"product_cat-recambios-fiat-doblo","22":"product_cat-recambios-fiat-ducato","23":"product_cat-recambios-fiat-elba","24":"product_cat-recambios-fiat","25":"product_cat-recambios-fiat-fiorino","26":"product_cat-recambios-citroen-jumpy","27":"product_cat-recambios-lancia-kappa","28":"product_cat-recambios-lancia","29":"product_cat-recambios-lancia-lybra","30":"product_cat-recambios-fiat-marea","31":"product_cat-recambios-fiat-multipla","32":"product_cat-recambios-fiat-palio","33":"product_cat-recambios-fiat-panda","34":"product_cat-recambios-fiat-premio","35":"product_cat-recambios-fiat-punto","36":"product_cat-recambios-fiat-scudo","37":"product_cat-recambios-fiat-seicento","38":"product_cat-recambios-fiat-siena","39":"product_cat-recambios-fiat-stilo","40":"product_cat-recambios-fiat-strada","41":"product_cat-recambios-fiat-tempra","42":"product_cat-recambios-lancia-thesis","43":"product_cat-recambios-fiat-tipo","44":"product_cat-recambios-fiat-uno","45":"product_cat-recambios-lancia-y10","46":"product_cat-recambios-autobianchi-y10","47":"product_cat-recambios-lancia-ypsilon","49":"first","50":"outofstock","51":"taxable","52":"shipping-taxable","53":"purchasable","54":"product-type-simple"},"_links":{"self":[{"href":"https:\/\/galicianparts.com\/shop\/wp-json\/wp\/v2\/product\/6998"}],"collection":[{"href":"https:\/\/galicianparts.com\/shop\/wp-json\/wp\/v2\/product"}],"about":[{"href":"https:\/\/galicianparts.com\/shop\/wp-json\/wp\/v2\/types\/product"}],"wp:featuredmedia":[{"embeddable":true,"href":"https:\/\/galicianparts.com\/shop\/wp-json\/wp\/v2\/media\/80241"}],"wp:attachment":[{"href":"https:\/\/galicianparts.com\/shop\/wp-json\/wp\/v2\/media?parent=6998"}],"wp:term":[{"taxonomy":"product_cat","embeddable":true,"href":"https:\/\/galicianparts.com\/shop\/wp-json\/wp\/v2\/product_cat?post=6998"},{"taxonomy":"product_tag","embeddable":true,"href":"https:\/\/galicianparts.com\/shop\/wp-json\/wp\/v2\/product_tag?post=6998"}],"curies":[{"name":"wp","href":"https:\/\/api.w.org\/{rel}","templated":true}]}}