{"id":70187,"date":"2023-03-14T11:29:24","date_gmt":"2023-03-14T09:29:24","guid":{"rendered":"https:\/\/galicianparts.com\/shop\/producto\/44187980-pack-5-topes-d9mm-tapizado-fiat-lancia-seat-alfa-romeo-clasico-original\/"},"modified":"2023-03-14T11:34:34","modified_gmt":"2023-03-14T09:34:34","slug":"44187980-pack-5-topes-d9mm-tapizado-fiat-lancia-seat-alfa-romeo-clasico-original","status":"publish","type":"product","link":"https:\/\/galicianparts.com\/shop\/producto\/44187980-pack-5-topes-d9mm-tapizado-fiat-lancia-seat-alfa-romeo-clasico-original\/","title":{"rendered":"44187980 Pack 5 topes D9mm tapizado Fiat \/Lancia \/Seat \/Alfa Romeo cl\u00e1sico ORIGINAL"},"content":{"rendered":"<p>Juego, set de 3 clips de los guarnecidos, paneles interiores de Fiat \/ Lancia \/ Seat \/ Alfa Romeo cl\u00e1sico.<br \/>\nDi\u00e1metro: 9mm<br \/>\nDi\u00e1metro orificio: 7-8 mm<br \/>\nLargo total: 22,5mm<\/p>\n<p>LA PIEZA ES NUEVA Y ORIGINAL.<\/p>\n","protected":false},"excerpt":{"rendered":"<p>Juego, set de 3 clips de los guarnecidos, paneles interiores de Fiat \/ Lancia \/ Seat \/ Alfa Romeo cl\u00e1sico. Di\u00e1metro: 9mm Di\u00e1metro orificio: 7-8 mm Largo total: 22,5mm LA PIEZA ES NUEVA Y ORIGINAL.<\/p>\n","protected":false},"featured_media":70188,"template":"","meta":{"_seopress_robots_primary_cat":"","_seopress_titles_title":"","_seopress_titles_desc":"","_seopress_robots_index":""},"product_cat":[16,20,21,26],"product_tag":[],"class_list":{"0":"post-70187","1":"product","2":"type-product","3":"status-publish","4":"has-post-thumbnail","6":"product_cat-recambios-alfa-romeo","7":"product_cat-recambios-fiat","8":"product_cat-recambios-lancia","9":"product_cat-recambios-seat","11":"first","12":"instock","13":"taxable","14":"shipping-taxable","15":"purchasable","16":"product-type-simple"},"_links":{"self":[{"href":"https:\/\/galicianparts.com\/shop\/wp-json\/wp\/v2\/product\/70187"}],"collection":[{"href":"https:\/\/galicianparts.com\/shop\/wp-json\/wp\/v2\/product"}],"about":[{"href":"https:\/\/galicianparts.com\/shop\/wp-json\/wp\/v2\/types\/product"}],"wp:featuredmedia":[{"embeddable":true,"href":"https:\/\/galicianparts.com\/shop\/wp-json\/wp\/v2\/media\/70188"}],"wp:attachment":[{"href":"https:\/\/galicianparts.com\/shop\/wp-json\/wp\/v2\/media?parent=70187"}],"wp:term":[{"taxonomy":"product_cat","embeddable":true,"href":"https:\/\/galicianparts.com\/shop\/wp-json\/wp\/v2\/product_cat?post=70187"},{"taxonomy":"product_tag","embeddable":true,"href":"https:\/\/galicianparts.com\/shop\/wp-json\/wp\/v2\/product_tag?post=70187"}],"curies":[{"name":"wp","href":"https:\/\/api.w.org\/{rel}","templated":true}]}}