{"id":70192,"date":"2023-03-14T12:07:05","date_gmt":"2023-03-14T10:07:05","guid":{"rendered":"https:\/\/galicianparts.com\/shop\/producto\/4242098-casquillo-superior-biela-fiat-punto-gt-uno-tb-lancia-delta-dedra-original\/"},"modified":"2023-03-14T12:12:34","modified_gmt":"2023-03-14T10:12:34","slug":"4242098-casquillo-superior-biela-fiat-punto-gt-uno-tb-lancia-delta-dedra-original","status":"publish","type":"product","link":"https:\/\/galicianparts.com\/shop\/producto\/4242098-casquillo-superior-biela-fiat-punto-gt-uno-tb-lancia-delta-dedra-original\/","title":{"rendered":"4242098 Casquillo superior biela Fiat Punto GT \/Uno TB \/Lancia Delta \/Dedra ORIGINAL"},"content":{"rendered":"<p>Cojinete superior biela, casquillo del bul\u00f3n del pist\u00f3n del motor de:<br \/>\nLargo: 25 mm<br \/>\nDi\u00e1metro interior: 22 mm<\/p>\n<p>FIAT &#8211; 1V BRAVA (1995-1998) 1580 MPI 16V 103CV \/ 1580 MPI 16V 90CV \/ 1580 MPI 16V EM 04<br \/>\nFIAT &#8211; 1M BRAVA G.98 (1998-2001) 1600 16V \/ 1600 16V EM.04<br \/>\nFIAT &#8211; 1U BRAVO (1995-1998) 1580 MPI 16V 103CV \/ 1580 MPI 16V 90CV<br \/>\nFIAT &#8211; 1L BRAVO G.98 (1998-2001) 1600 16V \/ 1600 16V \u00abSX\u00bb(RICONVERTITA)<br \/>\nFIAT &#8211; XP ELBA CSL (1991-1996) 1500 SPI USA&#8217;83<br \/>\nFIAT &#8211; XP ELBA CSL (1991-1996) 1372 SPI USA&#8217;83 (MONOJETRONIC) \/ 1580 SPI USA&#8217;83 (MONOJETRONIC) \/ 1372 SPI CEE F2 (MONOMOTRONIC) \/ 1580 SPI CEE F2 (MONOMOTRONIC)<br \/>\nFIAT &#8211; PT MAREA BENZINA (1996-1999) 1580 16V 103CV (75 KW) \/ MOTOR 1580 BIPOWER<br \/>\nFIAT &#8211; 1Q MAREA BZ GAMMA&#8217;99 (1999-2002) 1600 16V CF2 (182A4000) \/ 1600 DECAT. \/ 1600 BI-POWER<br \/>\nFIAT &#8211; XS MILLE CLIP (1995-1997) 1372 SPI<br \/>\nFIAT &#8211; 1F MULTIPLA (1998-2010) 1580 16V BZ CF2 \/ 1580 16V BIPOWER CF2 \/ 1580 16V BLUPOWER<br \/>\nFIAT &#8211; 1X PALIO 2V EXTRA EUROPA (1997-2002) 1372 SPI EM.04 \/ 1372 SPI CF2(TR)<br \/>\nFIAT &#8211; 1X PALIO 2V EXTRA EUROPA (1997-2002) 1580 MPI TORQUE 16V CF2 \/ 1580 MPI 16V EM.04 R.L.<br \/>\nFIAT &#8211; 2H PALIO 2V EXTRA EUROPA REST. 2002 (2002-2011) 1580\u00a016V\u00a0MPI\u00a0EM.\u00a004<br \/>\nFIAT &#8211; 1Y PALIO WE EXTRA EUROPA (1997-2002) 1372 SPI CF2 (PL) \/ 1372 SPI EM.04 \/ 1372 SPI CF2 (TR)<br \/>\nFIAT &#8211; 1Y PALIO WE EXTRA EUROPA (1997-2002) 1580 MPI TORQUE 16V CF2 \/ 1580 MPI 16V EM.04 \/ 1580 MPI 16V EM.04 R.L.<br \/>\nFIAT &#8211; PY PALIO\/WEEKEND EUROPA (1997-2002) 1580 SW<br \/>\nFIAT &#8211; NV PUNTO (1993-1997) 1.6 MPI<br \/>\nFIAT &#8211; 1A PUNTO GT GAMMA &#8217;97 (1997-1999) 1372 MPI TURBO<br \/>\nFIAT &#8211; PF PUNTO CABRIO (1994-1997) 1580 MPI<br \/>\nFIAT &#8211; NW PUNTO GT (1993-1997)<br \/>\nFIAT &#8211; 2A SIENA EXTRA EUROPA (1997-2002) 1372 SPI CF2(PL) \/ 1372 SPI EM.04 \/ 1372 SPI CF2(TR-ET)<br \/>\nFIAT &#8211; 2A SIENA EXTRA EUROPA (1997-2002) 1580 MPI TORQUE 16V CF2 \/ 1580 MPI 16V EM.04 R.L.<br \/>\nFIAT &#8211; 2L SIENA EXTRA EUROPA REST. (2002-2012) 1580\u00a016V\u00a0MPI\u00a0EM\u00a004<br \/>\nFIAT &#8211; MV TEMPRA 1370-1580 (1989-1993)<br \/>\nFIAT &#8211; NY TEMPRA MAQ.93 (&#8217;93-&#8217;96) 1372 SPI MJ \/ 1372 CARB. \/ 1372 SPI MM<br \/>\nFIAT &#8211; NY TEMPRA MAQ.93 (&#8217;93-&#8217;96) 1580 SPI \u00abB\u00bb \/ 1580 SPI SELECTA \/ 1580 CARB. \/ 1580 MPI \u00abGM\u00bb \/ 1580 CARB. 91RON<br \/>\nFIAT &#8211; NY TEMPRA MAQ.93 1370-1580 (&#8217;93-&#8217;96)<br \/>\nFIAT &#8211; ME TIPO (1987-1993) 1370 CARB.(69CV) \/ 1370 CARB.(76CV) \/ 1370 CARB.DAV-15 \/ 1370 SPI \/ 1580 CARB.(81CV) \/ 1580 CARB.(85CV) \/ 1580 SPI (78CV) \/ 1580 SPI (75CV)<br \/>\nFIAT &#8211; NS TIPO MQ.93 (1993-1995) 1372 SPI MONOJETRONIC \/ 1372 CARB. \/ 1580 SPI \/ 1580 SPI SELECTA \/ 1580 CARB. (95 RON) \/ 1372 SPI MM<br \/>\nFIAT &#8211; 1D UNO MONDO (1995-2010) 1370 CARB.<br \/>\nFIAT &#8211; MS UNO R\/89 (1989-1995) 1370 SPI \/ 1370 SPI USA&#8217;83 \/ 1370 DAV-15 \/ 1500 SPI USA&#8217;83 \/ 1370 CARB.<br \/>\nFIAT &#8211; MT UNO TURBO R\/89 (1989-1993) 1370 \/ 1370 USA&#8217;83<br \/>\nFIAT &#8211; MT UNO TURBO R\/89 (1989-1993) 1300 USA&#8217;83<br \/>\nLANCIA &#8211; RY DEDRA BENZINA (1989-1994) 1600 \/ 1600 USA&#8217;83 MONOJETRONIC \/ 1600 USA&#8217;83 MONOJMORONIC<br \/>\nLANCIA &#8211; SL DEDRA FL.94 (1994-1999) 1580 MPI 16V<br \/>\nLANCIA &#8211; TB DELTA R.86 (1986-1992) 1300 CARB \/ 1500 CARB<br \/>\nLANCIA &#8211; TB DELTA R.86 (1986-1992) 1600 MPI<br \/>\nLANCIA &#8211; TB DELTA R.86 (1986-1992) 1600 SPI USA 83<br \/>\nLANCIA &#8211; SX LYBRA BZ (1999-2005) 1580 16V CF2<br \/>\nLANCIA &#8211; SF N.DELTA (1993-1999) 1580 CEE F2 16V 103CV \/ 1580 CEE F2 16V 90CV<br \/>\nFIAT PROFESSIONAL &#8211; 2M FIORINO (1991-1993) 1500 SPI USA&#8217;83<br \/>\nFIAT PROFESSIONAL &#8211; 2N FIORINO RL (1993-2000) 1372 SPI \/ 1580 SPI \/ 1372 SPI C.F.2 \/ 1580 SPI C.F.2<br \/>\nFIAT PROFESSIONAL &#8211; PL SCUDO (1995-2004) 1580 BZ<br \/>\nFIAT PROFESSIONAL &#8211; 3G STRADA REST. 2 (2005-2011) 1580\u00a016V\u00a0RL\u00a0GS\u00a0EM04<br \/>\nPEUGEOT &#8211; EXPERT 1580 BZ<br \/>\nCITROEN &#8211; JUMPY 1580 BZ<\/p>\n<p>LA PIEZA ES NUEVA Y ORIGINAL.<\/p>\n","protected":false},"excerpt":{"rendered":"<p>Cojinete superior biela, casquillo del bul\u00f3n del pist\u00f3n del motor de: Largo: 25 mm Di\u00e1metro interior: 22 mm FIAT &#8211; 1V BRAVA (1995-1998) 1580 MPI 16V 103CV \/ 1580 MPI 16V 90CV \/ 1580 MPI 16V EM 04 FIAT &#8211; 1M BRAVA G.98 (1998-2001) 1600 16V \/ 1600 16V EM.04 FIAT &#8211; 1U BRAVO (1995-1998) [&hellip;]<\/p>\n","protected":false},"featured_media":70194,"template":"","meta":{"_seopress_robots_primary_cat":"","_seopress_titles_title":"","_seopress_titles_desc":"","_seopress_robots_index":""},"product_cat":[81,82,23,117,118,90,156,20,91,138,21,120,95,96,98,24,101,104,107,109,111,112,114],"product_tag":[],"class_list":{"0":"post-70192","1":"product","2":"type-product","3":"status-publish","4":"has-post-thumbnail","6":"product_cat-recambios-fiat-brava","7":"product_cat-recambios-fiat-bravo","8":"product_cat-recambios-citroen","9":"product_cat-recambios-lancia-dedra","10":"product_cat-recambios-lancia-delta","11":"product_cat-recambios-fiat-elba","12":"product_cat-recambios-peugeot-expert","13":"product_cat-recambios-fiat","14":"product_cat-recambios-fiat-fiorino","15":"product_cat-recambios-citroen-jumpy","16":"product_cat-recambios-lancia","17":"product_cat-recambios-lancia-lybra","18":"product_cat-recambios-fiat-marea","19":"product_cat-recambios-fiat-multipla","20":"product_cat-recambios-fiat-palio","21":"product_cat-recambios-peugeot","22":"product_cat-recambios-fiat-punto","23":"product_cat-recambios-fiat-scudo","24":"product_cat-recambios-fiat-siena","25":"product_cat-recambios-fiat-strada","26":"product_cat-recambios-fiat-tempra","27":"product_cat-recambios-fiat-tipo","28":"product_cat-recambios-fiat-uno","30":"first","31":"instock","32":"taxable","33":"shipping-taxable","34":"purchasable","35":"product-type-simple"},"_links":{"self":[{"href":"https:\/\/galicianparts.com\/shop\/wp-json\/wp\/v2\/product\/70192"}],"collection":[{"href":"https:\/\/galicianparts.com\/shop\/wp-json\/wp\/v2\/product"}],"about":[{"href":"https:\/\/galicianparts.com\/shop\/wp-json\/wp\/v2\/types\/product"}],"wp:featuredmedia":[{"embeddable":true,"href":"https:\/\/galicianparts.com\/shop\/wp-json\/wp\/v2\/media\/70194"}],"wp:attachment":[{"href":"https:\/\/galicianparts.com\/shop\/wp-json\/wp\/v2\/media?parent=70192"}],"wp:term":[{"taxonomy":"product_cat","embeddable":true,"href":"https:\/\/galicianparts.com\/shop\/wp-json\/wp\/v2\/product_cat?post=70192"},{"taxonomy":"product_tag","embeddable":true,"href":"https:\/\/galicianparts.com\/shop\/wp-json\/wp\/v2\/product_tag?post=70192"}],"curies":[{"name":"wp","href":"https:\/\/api.w.org\/{rel}","templated":true}]}}