{"id":70249,"date":"2023-03-14T14:05:17","date_gmt":"2023-03-14T12:05:17","guid":{"rendered":"https:\/\/galicianparts.com\/shop\/producto\/7672967-set-4-pasadores-zapatas-freno-tambor-fiat-127-panda-ritmo-uno-lancia-delta-y10-original\/"},"modified":"2024-12-04T12:30:22","modified_gmt":"2024-12-04T10:30:22","slug":"7672967-set-4-pasadores-zapatas-freno-tambor-fiat-127-panda-ritmo-uno-lancia-delta-y10-original","status":"publish","type":"product","link":"https:\/\/galicianparts.com\/shop\/producto\/7672967-set-4-pasadores-zapatas-freno-tambor-fiat-127-panda-ritmo-uno-lancia-delta-y10-original\/","title":{"rendered":"7672967 Set 4 pasadores zapatas freno tambor Fiat 127 \/Panda \/Ritmo \/Uno \/Lancia Delta \/Y10 ORIGINAL"},"content":{"rendered":"<p>Juego, pack de 4 bulones, ejes del anclaje de los zapas del freno de tambor de:<br \/>\nFIAT Cinquecento (170) (A\u00f1o 07.1991 &#8211; 07.1999)<br \/>\nFIAT Regata (138) (A\u00f1o 09.1983 &#8211; 08.1995)<br \/>\nFIAT Ritmo I Cabrio (A\u00f1o 10.1979 &#8211; 07.1989)<br \/>\nFIAT Ritmo I Hatchback (138) (A\u00f1o 01.1978 &#8211; 12.1988)<br \/>\nFIAT 126 (126) (A\u00f1o 09.1972 &#8211; 09.2000)<br \/>\nFIAT 127 (127) (A\u00f1o 06.1971 &#8211; 05.1996)<br \/>\nFIAT 128 (128) (A\u00f1o 03.1969 &#8211; 12.1984)<br \/>\nFIAT Panda I (141) (A\u00f1o 03.1980 &#8211; 07.2004)<br \/>\nFIAT Fiorino II Furg\u00f3n (146) (A\u00f1o 01.1988 &#8211; &#8230;)<br \/>\nFIAT Fiorino I Furg\u00f3n (147) (A\u00f1o 01.1980 &#8211; 10.1993)<br \/>\nFIAT Uno (146) (A\u00f1o 01.1983 &#8211; 06.2006)<br \/>\nFIAT 128 Familiare (128) (A\u00f1o 10.1969 &#8211; 10.1982)<br \/>\nFIAT 127 Panorama (127) (A\u00f1o 01.1977 &#8211; 12.1986)<br \/>\nFIAT Seicento (187) (A\u00f1o 01.1998 &#8211; 01.2010)<br \/>\nFIAT Duna (146) (A\u00f1o 01.1987 &#8211; 12.1991)<br \/>\nFIAT Elba (A\u00f1o 10.1985 &#8211; 12.1997)<br \/>\nABARTH Ritmo (138A_) 2.0 TC Abarth 130, A\u00f1o 04.1983 &#8211; 12.1987, 1995 , 130<\/p>\n<p>LANCIA &#8211; TB DELTA R.86 (1986-1992) 1100 CARB \/ 1300 CARB \/ 1500 CARB \/ 1930 TB\/DS<br \/>\nLANCIA &#8211; ZL Y10 FL.89 (1988-1992)<br \/>\nLANCIA &#8211; ZM Y10 R.92 (1992-1995)<br \/>\nAUTOBIANCHI &#8211; Y10<br \/>\nLA PIEZA ES NUEVA Y ORIGINAL.<\/p>\n","protected":false},"excerpt":{"rendered":"<p>Juego, pack de 4 bulones, ejes del anclaje de los zapas del freno de tambor de: FIAT Cinquecento (170) (A\u00f1o 07.1991 &#8211; 07.1999) FIAT Regata (138) (A\u00f1o 09.1983 &#8211; 08.1995) FIAT Ritmo I Cabrio (A\u00f1o 10.1979 &#8211; 07.1989) FIAT Ritmo I Hatchback (138) (A\u00f1o 01.1978 &#8211; 12.1988) FIAT 126 (126) (A\u00f1o 09.1972 &#8211; 09.2000) FIAT [&hellip;]<\/p>\n","protected":false},"featured_media":70253,"template":"","meta":{"_seopress_robots_primary_cat":"","_seopress_titles_title":"","_seopress_titles_desc":"","_seopress_robots_index":""},"product_cat":[67,84,118,89,90,20,91,21,99,106,114],"product_tag":[],"class_list":{"0":"post-70249","1":"product","2":"type-product","3":"status-publish","4":"has-post-thumbnail","6":"product_cat-recambios-fiat-126","7":"product_cat-recambios-fiat-cinquecento","8":"product_cat-recambios-lancia-delta","9":"product_cat-recambios-fiat-duna","10":"product_cat-recambios-fiat-elba","11":"product_cat-recambios-fiat","12":"product_cat-recambios-fiat-fiorino","13":"product_cat-recambios-lancia","14":"product_cat-recambios-fiat-panda","15":"product_cat-recambios-fiat-seicento","16":"product_cat-recambios-fiat-uno","18":"first","19":"instock","20":"taxable","21":"shipping-taxable","22":"purchasable","23":"product-type-simple"},"_links":{"self":[{"href":"https:\/\/galicianparts.com\/shop\/wp-json\/wp\/v2\/product\/70249"}],"collection":[{"href":"https:\/\/galicianparts.com\/shop\/wp-json\/wp\/v2\/product"}],"about":[{"href":"https:\/\/galicianparts.com\/shop\/wp-json\/wp\/v2\/types\/product"}],"wp:featuredmedia":[{"embeddable":true,"href":"https:\/\/galicianparts.com\/shop\/wp-json\/wp\/v2\/media\/70253"}],"wp:attachment":[{"href":"https:\/\/galicianparts.com\/shop\/wp-json\/wp\/v2\/media?parent=70249"}],"wp:term":[{"taxonomy":"product_cat","embeddable":true,"href":"https:\/\/galicianparts.com\/shop\/wp-json\/wp\/v2\/product_cat?post=70249"},{"taxonomy":"product_tag","embeddable":true,"href":"https:\/\/galicianparts.com\/shop\/wp-json\/wp\/v2\/product_tag?post=70249"}],"curies":[{"name":"wp","href":"https:\/\/api.w.org\/{rel}","templated":true}]}}