{"id":70284,"date":"2023-03-15T09:55:56","date_gmt":"2023-03-15T07:55:56","guid":{"rendered":"https:\/\/galicianparts.com\/shop\/producto\/7597537-casquillo-superior-biela-fiat-croma-1-9d-1990-1996-nuevo-original\/"},"modified":"2023-03-15T10:18:17","modified_gmt":"2023-03-15T08:18:17","slug":"7597537-casquillo-superior-biela-fiat-croma-1-9d-1990-1996-nuevo-original","status":"publish","type":"product","link":"https:\/\/galicianparts.com\/shop\/producto\/7597537-casquillo-superior-biela-fiat-croma-1-9d-1990-1996-nuevo-original\/","title":{"rendered":"7597537 Casquillo superior biela Fiat Croma 1.9D (1990-1996) NUEVO ORIGINAL"},"content":{"rendered":"<p>Cojinete superior biela, casquillo del bul\u00f3n del pist\u00f3n del motor de:<br \/>\nLargo: 23,5 mm<\/p>\n<p>FIAT Regata (138)<br \/>\n1.9 Turbodi\u00e9sel 80, A\u00f1o 05.1986 &#8211; 07.1989, 1929 , 80<br \/>\nFIAT Ritmo I Hatchback (138) (A\u00f1o 01.1978 &#8211; 12.1988)<br \/>\n1.9 Turbodi\u00e9sel 80, A\u00f1o 12.1985 &#8211; 12.1987, 1929 , 80<br \/>\nFIAT Croma I Hatchback (154)<br \/>\n1.9 TD i.d., A\u00f1o 11.1992 &#8211; 12.1996, 1929 , 94<br \/>\n1.9 TD i.d., A\u00f1o 08.1987 &#8211; 10.1992, 1929 , 90<br \/>\nFIAT Ducato II Furg\u00f3n (230L)<br \/>\n1.9 D, A\u00f1o 03.1994 &#8211; 04.2002, 1929 , 69<br \/>\n1.9 TD, A\u00f1o 03.1994 &#8211; 04.2002, 1929 , 82<br \/>\n1.9 TD CAT, A\u00f1o 08.1994 &#8211; 04.2002, 1929 , 80<br \/>\nFIAT Tempra (159)<br \/>\n1.9 TD, A\u00f1o 07.1992 &#8211; 08.1996, 1929 , 80<br \/>\n1.9 TD, A\u00f1o 05.1990 &#8211; 08.1996, 1929 , 90<br \/>\nFIAT Tipo Hatchback (160)<br \/>\n1.9 TD, A\u00f1o 03.1992 &#8211; 06.1993, 1929 , 80<br \/>\n1.9 TD, A\u00f1o 09.1990 &#8211; 04.1995, 1929 , 90<br \/>\n1.9 TD (160AR), A\u00f1o 04.1990 &#8211; 10.1992, 1929 , 94<br \/>\nFIAT Fiorino II (146)<br \/>\n1.7 TD, A\u00f1o 11.1996 &#8211; 05.2000, 1697 , 63<br \/>\n1.7 TD, A\u00f1o 01.2004 &#8211; 08.2006, 1698 , 70<br \/>\n65 1.7 TD, A\u00f1o 01.1997 &#8211; 05.2001, 1698 , 63<br \/>\nFIAT Punto I Hatchback (176)<br \/>\n1.7 TD, A\u00f1o 09.1996 &#8211; 09.1999, 1698 , 63<br \/>\n1.7 TD, A\u00f1o 01.1994 &#8211; 09.1999, 1698 , 69<br \/>\n1.7 TD, A\u00f1o 01.1994 &#8211; 09.1999, 1698 , 71<br \/>\nFIAT Uno Hatchback (146)<br \/>\n1.9 D, A\u00f1o 09.1989 &#8211; 03.1994, 1929 , 60<br \/>\nFIAT Ducato I (290)<br \/>\n1.9 TD, A\u00f1o 03.1989 &#8211; 03.1994, 1929 , 82<br \/>\nFIAT Ducato II (230)<br \/>\n1.9 D Combinato, A\u00f1o 06.1995 &#8211; 04.2002, 1929 , 69<br \/>\n1.9 TD Combinato, A\u00f1o 08.1994 &#8211; 04.2002, 1929 , 80<br \/>\n1.9 TD Panorama\/Combinato, A\u00f1o 03.1994 &#8211; 04.2002, 1929 , 82<br \/>\nFIAT Palio I Hatchback (178)<br \/>\n1.7 TD, A\u00f1o 10.2002 &#8211; 01.2012, 1697 , 69<br \/>\n1.7 TD, A\u00f1o 02.1997 &#8211; 10.2003, 1697 , 71<br \/>\n1.7 TD, A\u00f1o 09.2001 &#8211; &#8230;, 1697 , 72<br \/>\nFIAT Palio I Weekend (178)<br \/>\n1.7 TD, A\u00f1o 04.1996 &#8211; 03.2001, 1698 , 70<br \/>\n1.7 TD, A\u00f1o 07.1997 &#8211; 08.2001, 1697 , 71<br \/>\n1.7 TD, A\u00f1o 07.1997 &#8211; &#8230;, 1697 , 72<br \/>\nFIAT Strada Pick-up (178)<br \/>\n1.7 TD, A\u00f1o 06.1999 &#8211; 12.2006, 1698 , 69<br \/>\nFIAT Siena (178, 172)<br \/>\n1.7 TD, A\u00f1o 02.2006 &#8211; 12.2009, 1697 , 69<\/p>\n<p>LANCIA Dedra (835)<br \/>\n1.9 TDS, A\u00f1o 04.1989 &#8211; 07.1999, 1929 , 90<br \/>\nLANCIA Delta I (831)<br \/>\n1.9 Turbo DS, A\u00f1o 10.1986 &#8211; 12.1989, 1929 , 80<br \/>\nLANCIA Delta II (836)<br \/>\n1.9 TD, A\u00f1o 10.1994 &#8211; 08.1999, 1929 , 90<br \/>\nLANCIA Prisma (831)<br \/>\n1.9 Di\u00e9sel, A\u00f1o 01.1983 &#8211; 02.1992, 1911 , 65<br \/>\n1.9 Turbodi\u00e9sel, A\u00f1o 05.1985 &#8211; 12.1989, 1928 , 80<\/p>\n<p>LA PIEZA ES NUEVA Y ORIGINAL.<\/p>\n","protected":false},"excerpt":{"rendered":"<p>Cojinete superior biela, casquillo del bul\u00f3n del pist\u00f3n del motor de: Largo: 23,5 mm FIAT Regata (138) 1.9 Turbodi\u00e9sel 80, A\u00f1o 05.1986 &#8211; 07.1989, 1929 , 80 FIAT Ritmo I Hatchback (138) (A\u00f1o 01.1978 &#8211; 12.1988) 1.9 Turbodi\u00e9sel 80, A\u00f1o 12.1985 &#8211; 12.1987, 1929 , 80 FIAT Croma I Hatchback (154) 1.9 TD i.d., A\u00f1o [&hellip;]<\/p>\n","protected":false},"featured_media":70286,"template":"","meta":{"_seopress_robots_primary_cat":"","_seopress_titles_title":"","_seopress_titles_desc":"","_seopress_robots_index":""},"product_cat":[86,117,118,88,20,91,21,98,123,101,102,107,109,111,112,114],"product_tag":[],"class_list":{"0":"post-70284","1":"product","2":"type-product","3":"status-publish","4":"has-post-thumbnail","6":"product_cat-recambios-fiat-croma","7":"product_cat-recambios-lancia-dedra","8":"product_cat-recambios-lancia-delta","9":"product_cat-recambios-fiat-ducato","10":"product_cat-recambios-fiat","11":"product_cat-recambios-fiat-fiorino","12":"product_cat-recambios-lancia","13":"product_cat-recambios-fiat-palio","14":"product_cat-recambios-lancia-prisma","15":"product_cat-recambios-fiat-punto","16":"product_cat-recambios-fiat-regata","17":"product_cat-recambios-fiat-siena","18":"product_cat-recambios-fiat-strada","19":"product_cat-recambios-fiat-tempra","20":"product_cat-recambios-fiat-tipo","21":"product_cat-recambios-fiat-uno","23":"first","24":"instock","25":"taxable","26":"shipping-taxable","27":"purchasable","28":"product-type-simple"},"_links":{"self":[{"href":"https:\/\/galicianparts.com\/shop\/wp-json\/wp\/v2\/product\/70284"}],"collection":[{"href":"https:\/\/galicianparts.com\/shop\/wp-json\/wp\/v2\/product"}],"about":[{"href":"https:\/\/galicianparts.com\/shop\/wp-json\/wp\/v2\/types\/product"}],"wp:featuredmedia":[{"embeddable":true,"href":"https:\/\/galicianparts.com\/shop\/wp-json\/wp\/v2\/media\/70286"}],"wp:attachment":[{"href":"https:\/\/galicianparts.com\/shop\/wp-json\/wp\/v2\/media?parent=70284"}],"wp:term":[{"taxonomy":"product_cat","embeddable":true,"href":"https:\/\/galicianparts.com\/shop\/wp-json\/wp\/v2\/product_cat?post=70284"},{"taxonomy":"product_tag","embeddable":true,"href":"https:\/\/galicianparts.com\/shop\/wp-json\/wp\/v2\/product_tag?post=70284"}],"curies":[{"name":"wp","href":"https:\/\/api.w.org\/{rel}","templated":true}]}}