{"id":70376,"date":"2023-03-15T14:01:49","date_gmt":"2023-03-15T12:01:49","guid":{"rendered":"https:\/\/galicianparts.com\/shop\/producto\/7691447-junta-tubo-varilla-nivel-aceite-fiat-punto-gt-panda-lancia-delta-dedra-original\/"},"modified":"2023-09-28T11:51:18","modified_gmt":"2023-09-28T09:51:18","slug":"7691447-junta-tubo-varilla-nivel-aceite-fiat-punto-gt-panda-lancia-delta-dedra-original","status":"publish","type":"product","link":"https:\/\/galicianparts.com\/shop\/producto\/7691447-junta-tubo-varilla-nivel-aceite-fiat-punto-gt-panda-lancia-delta-dedra-original\/","title":{"rendered":"7691447 Junta tubo varilla nivel aceite Fiat Punto GT \/Panda \/Lancia Delta \/Dedra ORIGINAL"},"content":{"rendered":"<p>Junta de goma inferior de la gu\u00eda de la cala del nivel de aceite del motor de:<br \/>\nDi\u00e1metro: 23 mm<br \/>\nDi\u00e1metro interior: 10 mm<br \/>\nLargo: 30 mm<\/p>\n<p>FIAT &#8211; 1V BRAVA (1995-1998) 1580 MPI 16V 103CV \/ 1580 MPI 16V 90CV \/ 1580 MPI 16V EM 04<br \/>\nFIAT &#8211; 1U BRAVO (1995-1998) 1580 MPI 16V 103CV \/ 1580 MPI 16V 90CV<br \/>\nFIAT &#8211; NM CINQUECENTO (1992-1998) 903 CARB. \/ 903 SPI\u00bbW\u00bb USA&#8217;83 \/ 899 SPI\u00bbW\u00bb \/ 899 CARB.<br \/>\nFIAT &#8211; PT MAREA BENZINA (1996-1999) 1580 16V 103CV (75 KW) \/ MOTOR 1580 BIPOWER<br \/>\nFIAT &#8211; XS MILLE CLIP (1995-1997) 1372 SPI<br \/>\nFIAT &#8211; 1X PALIO 2V EXTRA EUROPA (1997-2002) 1580 MPI TORQUE 16V CF2 \/ 1580 MPI 16V EM.04 R.L. \/ 1596 16V CF3<br \/>\nFIAT &#8211; 1X PALIO 2V EXTRA EUROPA (1997-2002) 994 MPI CF2<br \/>\nFIAT &#8211; 1Y PALIO WE EXTRA EUROPA (1997-2002) 1580 MPI TORQUE 16V CF2 \/ 1580 MPI 16V EM.04 \/ 1580 MPI 16V EM.04 R.L. \/ 1596 MPI TORQUE 16V CF3<br \/>\nFIAT &#8211; PY PALIO\/WEEKEND EUROPA (1997-2002) 1580 SW<br \/>\nFIAT &#8211; 1S PANDA 4X2 MAQ 91 (1991-2003) 900 SPI USA 83<br \/>\nFIAT &#8211; NV PUNTO (1993-1997) 1.6 MPI<br \/>\nFIAT &#8211; 1A PUNTO BZ. GAMMA &#8217;97 (1997-1999) 1372 MPI TURBO<br \/>\nFIAT &#8211; PF PUNTO CABRIO (1994-1997) 1580 MPI<br \/>\nFIAT &#8211; NW PUNTO GT (1993-1997)<br \/>\nFIAT &#8211; 1E SEICENTO (1998-2010) 899 SPI<br \/>\nFIAT &#8211; 2A SIENA EXTRA EUROPA (1997-2002) 1372 SPI CF2(PL) \/ 1372 SPI EM.04 \/ 1372 SPI CF2(TR-ET)<br \/>\nFIAT &#8211; 2A SIENA EXTRA EUROPA (1997-2002) 1580 MPI TORQUE 16V CF2 \/ 1580 MPI 16V EM.04 R.L. \/ 1596 16V CF3<br \/>\nFIAT &#8211; MV TEMPRA 1370-1580 (1989-1993) CAMBIO AUTOMATICO<br \/>\nFIAT &#8211; NY TEMPRA MAQ.93 (&#8217;93-&#8217;96) 1580 SPI \u00abB\u00bb \/ 1580 SPI SELECTA \/ 1580 MPI \u00abGM\u00bb<br \/>\nFIAT &#8211; ME TIPO (1987-1993) CAMBIO AUTOMATICO \/ 1370 CARB.(69CV) \/ 1370 CARB.(76CV) \/ 1370 CARB.DAV-15 \/ 1370 SPI \/ 1580 CARB.(81CV) \/ 1580 CARB.(85CV) \/ 1580 SPI (78CV) \/ 1580 SPI (75CV)<br \/>\nFIAT &#8211; ME TIPO (1987-1993) CAMBIO AUTOMATICO \/ SERVO DIRECCION \/ (1370 SPI \/ 1580 SPI (78CV) \/ 1580 SPI (75CV))<br \/>\nFIAT &#8211; NS TIPO MQ.93 (1993-1995) 1580 SPI \/ 1580 SPI SELECTA<br \/>\nFIAT &#8211; 1D UNO MONDO (1995-2010) 1370 CARB.<br \/>\nFIAT &#8211; MS UNO R\/89 (1989-1995) 1370 SPI \/ 1370 SPI USA&#8217;83 \/ 1370 DAV-15 \/ 1370 CARB.<br \/>\nLANCIA &#8211; RY DEDRA BENZINA (1989-1994) 1600 USA&#8217;83 MONOJMORONIC<br \/>\nLANCIA &#8211; SL DEDRA FL.94 (1994-1999) 1580 MPI 8V<br \/>\nLANCIA &#8211; SF N.DELTA (1993-1999) 1580 8V<br \/>\nLANCIA &#8211; SF N.DELTA (1993-1999) 1580 CEE F2 16V 103CV \/ 1580 CEE F2 16V 90CV<\/p>\n<p>LA PIEZA ES NUEVA Y ORIGINAL.<\/p>\n","protected":false},"excerpt":{"rendered":"<p>Junta de goma inferior de la gu\u00eda de la cala del nivel de aceite del motor de: Di\u00e1metro: 23 mm Di\u00e1metro interior: 10 mm Largo: 30 mm FIAT &#8211; 1V BRAVA (1995-1998) 1580 MPI 16V 103CV \/ 1580 MPI 16V 90CV \/ 1580 MPI 16V EM 04 FIAT &#8211; 1U BRAVO (1995-1998) 1580 MPI 16V [&hellip;]<\/p>\n","protected":false},"featured_media":70377,"template":"","meta":{"_seopress_robots_primary_cat":"","_seopress_titles_title":"","_seopress_titles_desc":"","_seopress_robots_index":""},"product_cat":[81,82,84,117,118,20,21,95,98,99,101,106,107,111,112,114],"product_tag":[],"class_list":{"0":"post-70376","1":"product","2":"type-product","3":"status-publish","4":"has-post-thumbnail","6":"product_cat-recambios-fiat-brava","7":"product_cat-recambios-fiat-bravo","8":"product_cat-recambios-fiat-cinquecento","9":"product_cat-recambios-lancia-dedra","10":"product_cat-recambios-lancia-delta","11":"product_cat-recambios-fiat","12":"product_cat-recambios-lancia","13":"product_cat-recambios-fiat-marea","14":"product_cat-recambios-fiat-palio","15":"product_cat-recambios-fiat-panda","16":"product_cat-recambios-fiat-punto","17":"product_cat-recambios-fiat-seicento","18":"product_cat-recambios-fiat-siena","19":"product_cat-recambios-fiat-tempra","20":"product_cat-recambios-fiat-tipo","21":"product_cat-recambios-fiat-uno","23":"first","24":"outofstock","25":"taxable","26":"shipping-taxable","27":"purchasable","28":"product-type-simple"},"_links":{"self":[{"href":"https:\/\/galicianparts.com\/shop\/wp-json\/wp\/v2\/product\/70376"}],"collection":[{"href":"https:\/\/galicianparts.com\/shop\/wp-json\/wp\/v2\/product"}],"about":[{"href":"https:\/\/galicianparts.com\/shop\/wp-json\/wp\/v2\/types\/product"}],"wp:featuredmedia":[{"embeddable":true,"href":"https:\/\/galicianparts.com\/shop\/wp-json\/wp\/v2\/media\/70377"}],"wp:attachment":[{"href":"https:\/\/galicianparts.com\/shop\/wp-json\/wp\/v2\/media?parent=70376"}],"wp:term":[{"taxonomy":"product_cat","embeddable":true,"href":"https:\/\/galicianparts.com\/shop\/wp-json\/wp\/v2\/product_cat?post=70376"},{"taxonomy":"product_tag","embeddable":true,"href":"https:\/\/galicianparts.com\/shop\/wp-json\/wp\/v2\/product_tag?post=70376"}],"curies":[{"name":"wp","href":"https:\/\/api.w.org\/{rel}","templated":true}]}}