{"id":70435,"date":"2023-03-17T13:12:51","date_gmt":"2023-03-17T11:12:51","guid":{"rendered":"https:\/\/galicianparts.com\/shop\/producto\/51855462-cableado-cambio-robotizado-fiat-grande-punto-2005-2009-nuevo-original\/"},"modified":"2023-03-17T13:39:08","modified_gmt":"2023-03-17T11:39:08","slug":"51855462-cableado-cambio-robotizado-fiat-grande-punto-2005-2009-nuevo-original","status":"publish","type":"product","link":"https:\/\/galicianparts.com\/shop\/producto\/51855462-cableado-cambio-robotizado-fiat-grande-punto-2005-2009-nuevo-original\/","title":{"rendered":"51855462 Cableado cambio robotizado Fiat Grande Punto (2005-2009) NUEVO ORIGINAL"},"content":{"rendered":"<p>Cableado el\u00e9ctrico, instalaci\u00f3n el\u00e9ctrica del cambio autom\u00e1tico selespeed de:<br \/>\nFIAT &#8211; 2Y GRANDE PUNTO (2005-2008) MANDO CAMBIO ROBOTIZADO SELESPEED<br \/>\nFIAT &#8211; 4C GRANDE PUNTO (2008-2009) SELESPEED\u00a0(MANDO\u00a0CAMBIO\u00a0ROBOTIZADO) \/ 8 V\u00c1LVULAS \/ (1100-1199 \/ 1370) \/ <\/p>\n<p>LA PIEZA ES NUEVA Y ORIGINAL.<\/p>\n","protected":false},"excerpt":{"rendered":"<p>Cableado el\u00e9ctrico, instalaci\u00f3n el\u00e9ctrica del cambio autom\u00e1tico selespeed de: FIAT &#8211; 2Y GRANDE PUNTO (2005-2008) MANDO CAMBIO ROBOTIZADO SELESPEED FIAT &#8211; 4C GRANDE PUNTO (2008-2009) SELESPEED\u00a0(MANDO\u00a0CAMBIO\u00a0ROBOTIZADO) \/ 8 V\u00c1LVULAS \/ (1100-1199 \/ 1370) \/ LA PIEZA ES NUEVA Y ORIGINAL.<\/p>\n","protected":false},"featured_media":70436,"template":"","meta":{"_seopress_robots_primary_cat":"","_seopress_titles_title":"","_seopress_titles_desc":"","_seopress_robots_index":""},"product_cat":[20,92],"product_tag":[],"class_list":{"0":"post-70435","1":"product","2":"type-product","3":"status-publish","4":"has-post-thumbnail","6":"product_cat-recambios-fiat","7":"product_cat-recambios-fiat-grande-punto","9":"first","10":"instock","11":"taxable","12":"shipping-taxable","13":"purchasable","14":"product-type-simple"},"_links":{"self":[{"href":"https:\/\/galicianparts.com\/shop\/wp-json\/wp\/v2\/product\/70435"}],"collection":[{"href":"https:\/\/galicianparts.com\/shop\/wp-json\/wp\/v2\/product"}],"about":[{"href":"https:\/\/galicianparts.com\/shop\/wp-json\/wp\/v2\/types\/product"}],"wp:featuredmedia":[{"embeddable":true,"href":"https:\/\/galicianparts.com\/shop\/wp-json\/wp\/v2\/media\/70436"}],"wp:attachment":[{"href":"https:\/\/galicianparts.com\/shop\/wp-json\/wp\/v2\/media?parent=70435"}],"wp:term":[{"taxonomy":"product_cat","embeddable":true,"href":"https:\/\/galicianparts.com\/shop\/wp-json\/wp\/v2\/product_cat?post=70435"},{"taxonomy":"product_tag","embeddable":true,"href":"https:\/\/galicianparts.com\/shop\/wp-json\/wp\/v2\/product_tag?post=70435"}],"curies":[{"name":"wp","href":"https:\/\/api.w.org\/{rel}","templated":true}]}}