{"id":70518,"date":"2023-03-20T13:54:18","date_gmt":"2023-03-20T11:54:18","guid":{"rendered":"https:\/\/galicianparts.com\/shop\/producto\/82476607-pack-2-casquillos-travesano-frente-lancia-delta-ii-1993-1999-nuevo-original\/"},"modified":"2023-03-20T13:59:17","modified_gmt":"2023-03-20T11:59:17","slug":"82476607-pack-2-casquillos-travesano-frente-lancia-delta-ii-1993-1999-nuevo-original","status":"publish","type":"product","link":"https:\/\/galicianparts.com\/shop\/producto\/82476607-pack-2-casquillos-travesano-frente-lancia-delta-ii-1993-1999-nuevo-original\/","title":{"rendered":"82476607 Pack 2 casquillos travesa\u00f1o frente Lancia Delta II (1993-1999) NUEVO ORIGINAL"},"content":{"rendered":"<p>Juego, set de 2 casquillos pl\u00e1sticos del travesa\u00f1o superior del armaz\u00f3n del frente de:<br \/>\nDi\u00e1metro interior: 12 mm<br \/>\nDi\u00e1metro exterior: 13 mm<br \/>\nLargo: 30 mm<\/p>\n<p>LANCIA &#8211; SF N.DELTA 1400-1600-1800 (1993-1999)<br \/>\nLANCIA &#8211; SG N.DELTA 2.0 -1750 132CV (&#8217;93-&#8217;99)<br \/>\nLANCIA &#8211; SQ N.DELTA TB\/DS (1994-1999)<\/p>\n<p>LA PIEZA ES NUEVA Y ORIGINAL.<\/p>\n","protected":false},"excerpt":{"rendered":"<p>Juego, set de 2 casquillos pl\u00e1sticos del travesa\u00f1o superior del armaz\u00f3n del frente de: Di\u00e1metro interior: 12 mm Di\u00e1metro exterior: 13 mm Largo: 30 mm LANCIA &#8211; SF N.DELTA 1400-1600-1800 (1993-1999) LANCIA &#8211; SG N.DELTA 2.0 -1750 132CV (&#8217;93-&#8217;99) LANCIA &#8211; SQ N.DELTA TB\/DS (1994-1999) LA PIEZA ES NUEVA Y ORIGINAL.<\/p>\n","protected":false},"featured_media":70520,"template":"","meta":{"_seopress_robots_primary_cat":"","_seopress_titles_title":"","_seopress_titles_desc":"","_seopress_robots_index":""},"product_cat":[118,21],"product_tag":[],"class_list":{"0":"post-70518","1":"product","2":"type-product","3":"status-publish","4":"has-post-thumbnail","6":"product_cat-recambios-lancia-delta","7":"product_cat-recambios-lancia","9":"first","10":"instock","11":"taxable","12":"shipping-taxable","13":"purchasable","14":"product-type-simple"},"_links":{"self":[{"href":"https:\/\/galicianparts.com\/shop\/wp-json\/wp\/v2\/product\/70518"}],"collection":[{"href":"https:\/\/galicianparts.com\/shop\/wp-json\/wp\/v2\/product"}],"about":[{"href":"https:\/\/galicianparts.com\/shop\/wp-json\/wp\/v2\/types\/product"}],"wp:featuredmedia":[{"embeddable":true,"href":"https:\/\/galicianparts.com\/shop\/wp-json\/wp\/v2\/media\/70520"}],"wp:attachment":[{"href":"https:\/\/galicianparts.com\/shop\/wp-json\/wp\/v2\/media?parent=70518"}],"wp:term":[{"taxonomy":"product_cat","embeddable":true,"href":"https:\/\/galicianparts.com\/shop\/wp-json\/wp\/v2\/product_cat?post=70518"},{"taxonomy":"product_tag","embeddable":true,"href":"https:\/\/galicianparts.com\/shop\/wp-json\/wp\/v2\/product_tag?post=70518"}],"curies":[{"name":"wp","href":"https:\/\/api.w.org\/{rel}","templated":true}]}}