{"id":70697,"date":"2023-03-22T10:44:08","date_gmt":"2023-03-22T08:44:08","guid":{"rendered":"https:\/\/galicianparts.com\/shop\/producto\/9609284180-junta-superior-velocimetro-fiat-ducato-94-02-scudo-ulysse-lancia-citroen-peugeot-original\/"},"modified":"2025-07-14T13:48:29","modified_gmt":"2025-07-14T11:48:29","slug":"9609284180-junta-superior-velocimetro-fiat-ducato-94-02-scudo-ulysse-lancia-citroen-peugeot-original","status":"publish","type":"product","link":"https:\/\/galicianparts.com\/shop\/producto\/9609284180-junta-superior-velocimetro-fiat-ducato-94-02-scudo-ulysse-lancia-citroen-peugeot-original\/","title":{"rendered":"9609284180 Junta superior veloc\u00edmetro Fiat Ducato (94-02) Scudo \/Ulysse \/Lancia \/Citro\u00ebn \/Peugeot ORIGINAL"},"content":{"rendered":"<p>Junta del tap\u00f3n superior del medidor del cuentakil\u00f3metros del diferencial de:<br \/>\nDi\u00e1metro exterior: 16,2 mm<br \/>\nDi\u00e1metro interior: 8 mm<\/p>\n<p>FIAT &#8211; PG ULYSSE (1994-2002) 2000 IE \/ 1750 I.E. CEE FASE 2 \/ 2000 BZ 16V CEE F3<br \/>\nFIAT &#8211; PG ULYSSE (1994-2002) 2000 IE TB \/ 1905 T.D.EM.08 \/ 1905 T.D.USA 87 \/ 1905 T.D. CEE FASE 2<br \/>\nLANCIA &#8211; SK \u00abZ\u00bb (1994-2002) 2000 I.E. TB.<br \/>\nFIAT PROFESSIONAL &#8211; PD DUCATO &#8217;94 BENZINA (1994-2002) CON CAPACIDAD 10Q \/ CON CAPACIDAD 14Q \/ FURGON 4X2 \/ CAMIONETA 4X2 \/ COCHE VITRINA 4 X 2<br \/>\nFIAT PROFESSIONAL &#8211; PD DUCATO &#8217;94 BENZINA (1994-2002) FURGON 4X4 \/ PANORAMA 4X4 \/ COMBINATO 4X4 \/ AMBULANCIA 4X4 \/ COCHE VITRINA 4 X 4<br \/>\nFIAT PROFESSIONAL &#8211; PD DUCATO &#8217;94 BENZINA (1994-2002) CON CAPACIDAD 18Q \/ FURGON 4X2 \/ CAMIONETA 4X2 \/ COCHE VITRINA 4 X 2<br \/>\nFIAT PROFESSIONAL &#8211; PE DUCATO&#8217;94 DIESEL (1994-2002) 2500 DS \/ CON CAPACIDAD 18Q<br \/>\nFIAT PROFESSIONAL &#8211; PE DUCATO&#8217;94 DIESEL (1994-2002) 2500 TD \/ 2500 TD EGR \/ 2500 TD ECO<br \/>\nFIAT PROFESSIONAL &#8211; PE DUCATO&#8217;94 DIESEL (1994-2002) 1905 W3 \/ 1905 TD W3<br \/>\nFIAT PROFESSIONAL &#8211; PE DUCATO&#8217;94 DIESEL (1994-2002) 2800 ASP. \/ CON CAPACIDAD 10Q \/ CON CAPACIDAD 14Q<br \/>\nFIAT PROFESSIONAL &#8211; PE DUCATO&#8217;94 DIESEL (1994-2002) 2800 ASP. \/ CON CAPACIDAD 18Q<br \/>\nFIAT PROFESSIONAL &#8211; PE DUCATO&#8217;94 DIESEL (1994-2002) 2800 TD \/ 2800 TD EGR<br \/>\nFIAT PROFESSIONAL &#8211; PE DUCATO&#8217;94 DIESEL (1994-2002) 2800 JTD \/ 2800 JTD EGR<br \/>\nFIAT PROFESSIONAL &#8211; PE DUCATO&#8217;94 DIESEL (1994-2002) 2000 JTD EGR<br \/>\nFIAT PROFESSIONAL &#8211; PL SCUDO (1995-2004) 1580 BZ \/ 1905 DS \/ 1867 DS CF2 \/ 2000 BZ 16V CEE F3 \/ 1867 DS CF3<br \/>\nFIAT PROFESSIONAL &#8211; PL SCUDO (1995-2004) 1905 TURBO DS EM.09<br \/>\nFIAT PROFESSIONAL &#8211; PL SCUDO (1995-2004) 1905 TURBO DS EM.09 \/ 1905 TURBO DS CEE FASE 2 \/ 1867 DS CF2<br \/>\nPEUGEOT &#8211; EXPERT<br \/>\nPEUGEOT &#8211; BOXER<br \/>\nCITROEN &#8211; JUMPY<br \/>\nCITROEN &#8211; JUMPER<\/p>\n<p>LA PIEZA ES NUEVA Y ORIGINAL.<\/p>\n","protected":false},"excerpt":{"rendered":"<p>Junta del tap\u00f3n superior del medidor del cuentakil\u00f3metros del diferencial de: Di\u00e1metro exterior: 16,2 mm Di\u00e1metro interior: 8 mm FIAT &#8211; PG ULYSSE (1994-2002) 2000 IE \/ 1750 I.E. CEE FASE 2 \/ 2000 BZ 16V CEE F3 FIAT &#8211; PG ULYSSE (1994-2002) 2000 IE TB \/ 1905 T.D.EM.08 \/ 1905 T.D.USA 87 \/ 1905 [&hellip;]<\/p>\n","protected":false},"featured_media":70698,"template":"","meta":{"_seopress_robots_primary_cat":"","_seopress_titles_title":"","_seopress_titles_desc":"","_seopress_robots_index":""},"product_cat":[155,23,88,156,20,137,138,21,24,104,113,128],"product_tag":[],"class_list":{"0":"post-70697","1":"product","2":"type-product","3":"status-publish","4":"has-post-thumbnail","6":"product_cat-recambios-peugeot-boxer","7":"product_cat-recambios-citroen","8":"product_cat-recambios-fiat-ducato","9":"product_cat-recambios-peugeot-expert","10":"product_cat-recambios-fiat","11":"product_cat-recambios-citroen-jumper","12":"product_cat-recambios-citroen-jumpy","13":"product_cat-recambios-lancia","14":"product_cat-recambios-peugeot","15":"product_cat-recambios-fiat-scudo","16":"product_cat-recambios-fiat-ulysse","17":"product_cat-recambios-lancia-z","19":"first","20":"outofstock","21":"taxable","22":"shipping-taxable","23":"purchasable","24":"product-type-simple"},"_links":{"self":[{"href":"https:\/\/galicianparts.com\/shop\/wp-json\/wp\/v2\/product\/70697"}],"collection":[{"href":"https:\/\/galicianparts.com\/shop\/wp-json\/wp\/v2\/product"}],"about":[{"href":"https:\/\/galicianparts.com\/shop\/wp-json\/wp\/v2\/types\/product"}],"wp:featuredmedia":[{"embeddable":true,"href":"https:\/\/galicianparts.com\/shop\/wp-json\/wp\/v2\/media\/70698"}],"wp:attachment":[{"href":"https:\/\/galicianparts.com\/shop\/wp-json\/wp\/v2\/media?parent=70697"}],"wp:term":[{"taxonomy":"product_cat","embeddable":true,"href":"https:\/\/galicianparts.com\/shop\/wp-json\/wp\/v2\/product_cat?post=70697"},{"taxonomy":"product_tag","embeddable":true,"href":"https:\/\/galicianparts.com\/shop\/wp-json\/wp\/v2\/product_tag?post=70697"}],"curies":[{"name":"wp","href":"https:\/\/api.w.org\/{rel}","templated":true}]}}