{"id":70740,"date":"2023-03-22T12:31:19","date_gmt":"2023-03-22T10:31:19","guid":{"rendered":"https:\/\/galicianparts.com\/shop\/producto\/4713265-platillo-taque-esp-485-fiat-ducato-131-132-242-lancia-thema-original\/"},"modified":"2023-05-03T13:21:09","modified_gmt":"2023-05-03T11:21:09","slug":"4713265-platillo-taque-esp-485-fiat-ducato-131-132-242-lancia-thema-original","status":"publish","type":"product","link":"https:\/\/galicianparts.com\/shop\/producto\/4713265-platillo-taque-esp-485-fiat-ducato-131-132-242-lancia-thema-original\/","title":{"rendered":"4713265 Platillo taqu\u00e9 esp. 4,85 Fiat Ducato \/131 \/132 \/242 \/Lancia Thema ORIGINAL"},"content":{"rendered":"<p>Disco de ajuste de los taqu\u00e9s de las v\u00e1lvulas del motor de:<br \/>\nEspesor: 4,85 mm<br \/>\nDi\u00e1metro: 40 mm<\/p>\n<p>FIAT 131 (131)<br \/>\n2.5 D, A\u00f1o 06.1978 &#8211; 02.1984, 2445 , 72<br \/>\nFIAT Croma I Hatchback (154)<br \/>\n2.5 D, A\u00f1o 12.1985 &#8211; 12.1989, 2499 , 75<br \/>\n2.5 TD, A\u00f1o 12.1985 &#8211; 08.1989, 2445 , 101<br \/>\n2.5 TD, A\u00f1o 05.1989 &#8211; 08.1996, 2500 , 115<br \/>\nFIAT Argenta (132)<br \/>\n2.5 Di\u00e9sel, A\u00f1o 06.1981 &#8211; 11.1985, 2445 , 72<br \/>\nFIAT 242-Serie Furg\u00f3n<br \/>\n2.5 D, A\u00f1o 08.1980 &#8211; 07.1982, 2498 , 71<br \/>\nFIAT 132 (132_)<br \/>\n2.5 D, A\u00f1o 07.1978 &#8211; 07.1982, 2445 , 72<br \/>\nFIAT Ducato I (280)<br \/>\n2.5 D, A\u00f1o 01.1986 &#8211; 08.1990, 2500 , 75<br \/>\n2.5 D, A\u00f1o 09.1986 &#8211; 05.1990, 2499 , 92<br \/>\n2.5 D 4&#215;4, A\u00f1o 01.1987 &#8211; 08.1990, 2500 , 75<br \/>\n2.5 D 4&#215;4, A\u00f1o 09.1986 &#8211; 05.1990, 2499 , 92<br \/>\n2.5 TD, A\u00f1o 01.1987 &#8211; 08.1990, 2445 , 92<br \/>\n2.5 TD 4&#215;4, A\u00f1o 01.1986 &#8211; 08.1990, 2445 , 92<\/p>\n<p>LANCIA Thema (834)<br \/>\n2.4 2500 Turbo D, A\u00f1o 11.1984 &#8211; 09.1988, 2445 , 101<br \/>\n2.5 Turbo DS, A\u00f1o 06.1988 &#8211; 05.1992, 2499 , 115<br \/>\n2.5 Turbo DS, A\u00f1o 05.1988 &#8211; 07.1992, 2500 , 105<br \/>\n2.5 Turbo DS, A\u00f1o 05.1992 &#8211; 07.1994, 2500 , 116<\/p>\n<p>LA PIEZA ES NUEVA Y ORIGINAL.<\/p>\n","protected":false},"excerpt":{"rendered":"<p>Disco de ajuste de los taqu\u00e9s de las v\u00e1lvulas del motor de: Espesor: 4,85 mm Di\u00e1metro: 40 mm FIAT 131 (131) 2.5 D, A\u00f1o 06.1978 &#8211; 02.1984, 2445 , 72 FIAT Croma I Hatchback (154) 2.5 D, A\u00f1o 12.1985 &#8211; 12.1989, 2499 , 75 2.5 TD, A\u00f1o 12.1985 &#8211; 08.1989, 2445 , 101 2.5 TD, [&hellip;]<\/p>\n","protected":false},"featured_media":70741,"template":"","meta":{"_seopress_robots_primary_cat":"","_seopress_titles_title":"","_seopress_titles_desc":"","_seopress_robots_index":""},"product_cat":[70,71,73,79,86,88,20,21,124],"product_tag":[],"class_list":{"0":"post-70740","1":"product","2":"type-product","3":"status-publish","4":"has-post-thumbnail","6":"product_cat-recambios-fiat-131","7":"product_cat-recambios-fiat-132","8":"product_cat-recambios-fiat-242","9":"product_cat-recambios-fiat-argenta","10":"product_cat-recambios-fiat-croma","11":"product_cat-recambios-fiat-ducato","12":"product_cat-recambios-fiat","13":"product_cat-recambios-lancia","14":"product_cat-recambios-lancia-thema","16":"first","17":"instock","18":"taxable","19":"shipping-taxable","20":"purchasable","21":"product-type-simple"},"_links":{"self":[{"href":"https:\/\/galicianparts.com\/shop\/wp-json\/wp\/v2\/product\/70740"}],"collection":[{"href":"https:\/\/galicianparts.com\/shop\/wp-json\/wp\/v2\/product"}],"about":[{"href":"https:\/\/galicianparts.com\/shop\/wp-json\/wp\/v2\/types\/product"}],"wp:featuredmedia":[{"embeddable":true,"href":"https:\/\/galicianparts.com\/shop\/wp-json\/wp\/v2\/media\/70741"}],"wp:attachment":[{"href":"https:\/\/galicianparts.com\/shop\/wp-json\/wp\/v2\/media?parent=70740"}],"wp:term":[{"taxonomy":"product_cat","embeddable":true,"href":"https:\/\/galicianparts.com\/shop\/wp-json\/wp\/v2\/product_cat?post=70740"},{"taxonomy":"product_tag","embeddable":true,"href":"https:\/\/galicianparts.com\/shop\/wp-json\/wp\/v2\/product_tag?post=70740"}],"curies":[{"name":"wp","href":"https:\/\/api.w.org\/{rel}","templated":true}]}}