{"id":70987,"date":"2023-03-24T12:06:50","date_gmt":"2023-03-24T10:06:50","guid":{"rendered":"https:\/\/galicianparts.com\/shop\/producto\/46405249-soporte-tubos-tapa-distribucion-m-1-4-12v-lancia-ypsilon-fiat-bravo-original\/"},"modified":"2025-03-12T12:03:19","modified_gmt":"2025-03-12T10:03:19","slug":"46405249-soporte-tubos-tapa-distribucion-m-1-4-12v-lancia-ypsilon-fiat-bravo-original","status":"publish","type":"product","link":"https:\/\/galicianparts.com\/shop\/producto\/46405249-soporte-tubos-tapa-distribucion-m-1-4-12v-lancia-ypsilon-fiat-bravo-original\/","title":{"rendered":"46405249 Soporte tubos tapa distribuci\u00f3n M 1.4 12V Lancia Ypsilon \/Fiat Bravo ORIGINAL"},"content":{"rendered":"<p>Anclaje, abrazadera de manguitos y cables de la tapa de protecci\u00f3n de la correa dentada del motor de:<br \/>\nDi\u00e1metro tubo 1: 16 mm<br \/>\nDi\u00e1metro tubo 2: 10 mm<\/p>\n<p>FIAT &#8211; 1V BRAVA (1995-1998) 1370 SPI 12V 80CV \/ 1370 SPI 12V 75CV<br \/>\nFIAT &#8211; 1U BRAVO (1995-1998) 1370 SPI 12V 80CV \/ 1370 SPI 12V 75CV<br \/>\nFIAT &#8211; PT MAREA BENZINA (1996-1999) 1370 12V 80CV (59 KW)<br \/>\nLANCIA &#8211; SU Y (1995-2000) 1370 12V 80CV (59 KW) \/ 1370 12V 75CV (55KW)<\/p>\n<p>LA PIEZA ES NUEVA Y ORIGINAL.<\/p>\n","protected":false},"excerpt":{"rendered":"<p>Anclaje, abrazadera de manguitos y cables de la tapa de protecci\u00f3n de la correa dentada del motor de: Di\u00e1metro tubo 1: 16 mm Di\u00e1metro tubo 2: 10 mm FIAT &#8211; 1V BRAVA (1995-1998) 1370 SPI 12V 80CV \/ 1370 SPI 12V 75CV FIAT &#8211; 1U BRAVO (1995-1998) 1370 SPI 12V 80CV \/ 1370 SPI 12V [&hellip;]<\/p>\n","protected":false},"featured_media":70992,"template":"","meta":{"_seopress_robots_primary_cat":"","_seopress_titles_title":"","_seopress_titles_desc":"","_seopress_robots_index":""},"product_cat":[81,82,20,21,95,127],"product_tag":[],"class_list":{"0":"post-70987","1":"product","2":"type-product","3":"status-publish","4":"has-post-thumbnail","6":"product_cat-recambios-fiat-brava","7":"product_cat-recambios-fiat-bravo","8":"product_cat-recambios-fiat","9":"product_cat-recambios-lancia","10":"product_cat-recambios-fiat-marea","11":"product_cat-recambios-lancia-ypsilon","13":"first","14":"outofstock","15":"taxable","16":"shipping-taxable","17":"purchasable","18":"product-type-simple"},"_links":{"self":[{"href":"https:\/\/galicianparts.com\/shop\/wp-json\/wp\/v2\/product\/70987"}],"collection":[{"href":"https:\/\/galicianparts.com\/shop\/wp-json\/wp\/v2\/product"}],"about":[{"href":"https:\/\/galicianparts.com\/shop\/wp-json\/wp\/v2\/types\/product"}],"wp:featuredmedia":[{"embeddable":true,"href":"https:\/\/galicianparts.com\/shop\/wp-json\/wp\/v2\/media\/70992"}],"wp:attachment":[{"href":"https:\/\/galicianparts.com\/shop\/wp-json\/wp\/v2\/media?parent=70987"}],"wp:term":[{"taxonomy":"product_cat","embeddable":true,"href":"https:\/\/galicianparts.com\/shop\/wp-json\/wp\/v2\/product_cat?post=70987"},{"taxonomy":"product_tag","embeddable":true,"href":"https:\/\/galicianparts.com\/shop\/wp-json\/wp\/v2\/product_tag?post=70987"}],"curies":[{"name":"wp","href":"https:\/\/api.w.org\/{rel}","templated":true}]}}