{"id":7101,"date":"2020-10-28T14:01:09","date_gmt":"2020-10-28T12:01:09","guid":{"rendered":"https:\/\/galicianparts.com\/shop\/producto\/5975341-valvula-escape-lancia-delta-beta-fiat-131-ritmo-argenta-132-original\/"},"modified":"2024-04-09T09:05:46","modified_gmt":"2024-04-09T07:05:46","slug":"5975341-valvula-escape-lancia-delta-beta-fiat-131-ritmo-argenta-132-original","status":"publish","type":"product","link":"https:\/\/galicianparts.com\/shop\/producto\/5975341-valvula-escape-lancia-delta-beta-fiat-131-ritmo-argenta-132-original\/","title":{"rendered":"5975341 Pack 4 v\u00e1lvulas escape Lancia Beta \/Thema \/Fiat 131 \/Ritmo \/132 \/Seat 131 ORIGINAL"},"content":{"rendered":"<p>Juego, set de cuatro v\u00e1lvulas de escape del motor bi\u00e1rbol de:<br \/>\nDi\u00e1metro plato v\u00e1lvula: 36 mm<br \/>\nDi\u00e1metro v\u00e1stago v\u00e1lvula: 8 mm<br \/>\nLongitud: 106 mm<\/p>\n<p>FIAT Regata (138)<br \/>\n1.6 Super 100, A\u00f1o 10.1983 &#8211; 12.1990, 1585 ccm, 101 cv<br \/>\nFIAT Ritmo I (138)<br \/>\n1.6, A\u00f1o 12.1985 &#8211; 12.1987, 1585 ccm, 90 cv<br \/>\n1.6, A\u00f1o 01.1983 &#8211; 12.1987, 1585 ccm, 100 cv<br \/>\n1.6, A\u00f1o 05.1981 &#8211; 12.1987, 1585 ccm, 105 cv<br \/>\nFIAT 131 (131)<br \/>\n1.4 Mirafiori, A\u00f1o 11.1980 &#8211; 01.1984, 1367 ccm, 70 cv<br \/>\n1.4 Super Mirafiori, A\u00f1o 04.1981 &#8211; 12.1983, 1367 ccm, 75 cv<br \/>\n1.6 Super Mirafiori, A\u00f1o 03.1979 &#8211; 03.1982, 1585 ccm, 98 cv<br \/>\n2.0 Super, A\u00f1o 01.1981 &#8211; 12.1984, 1995 ccm, 113 cv<br \/>\nFIAT 132<br \/>\n1.6 Bi\u00e1rbol<br \/>\n2.0 Bi\u00e1rbol<br \/>\nFIAT Croma I Hatchback (154)<br \/>\n2.0 CHT, A\u00f1o 01.1991 &#8211; 09.1992, 1995 ccm, 100 cv<br \/>\n2.0 CHT, A\u00f1o 12.1985 &#8211; 02.1989, 1995 ccm, 90 cv<br \/>\n2.0 i.e., A\u00f1o 03.1987 &#8211; 09.1992, 1995 ccm, 120 cv<br \/>\nFIAT Argenta (132)<br \/>\n1.6, A\u00f1o 04.1981 &#8211; 12.1985, 1585 ccm, 98 cv<br \/>\n1.6 i.e, A\u00f1o 04.1981 &#8211; 12.1985, 1585 ccm, 90 cv<br \/>\n2.0 A\u00f1o 06.1978 &#8211; 12.1985, 1995 ccm, 113 cv<br \/>\nFIAT Tempra Berlina (159)<br \/>\n1.8 i.e., A\u00f1o 03.1990 &#8211; 08.1996, 1756 ccm, 110 cv<br \/>\n2.0, A\u00f1o 05.1994 &#8211; 12.1998, 1995 ccm, 103 cv<br \/>\n2.0, A\u00f1o 04.1990 &#8211; 06.1993, 1995 ccm, 109 cv<br \/>\n2.0, A\u00f1o 05.1994 &#8211; 12.1998, 1995 ccm, 110 cv<br \/>\n2.0 i.e. (159.AP), A\u00f1o 10.1990 &#8211; 09.1996, 1995 ccm, 113 cv<br \/>\nFIAT Tempra S.W. (159)<br \/>\n1.8 i.e. (159.AM), A\u00f1o 03.1990 &#8211; 08.1996, 1756 ccm, 110 cv<br \/>\n2.0, A\u00f1o 04.1991 &#8211; 06.1993, 1995 ccm, 109 cv<br \/>\n2.0, A\u00f1o 03.1995 &#8211; 12.1996, 1995 ccm, 110 cv<br \/>\n2.0 i.e., A\u00f1o 01.1991 &#8211; 03.1995, 1995 ccm, 113 cv<br \/>\n2.0 i.e. 4&#215;4, A\u00f1o 03.1992 &#8211; 03.1995, 1995 ccm, 113 cv<br \/>\nFIAT Tipo Hatchback (160)<br \/>\n1.8 i.e., A\u00f1o 10.1990 &#8211; 06.1993, 1756 ccm, 110 cv<br \/>\n1.8 i.e., A\u00f1o 10.1994 &#8211; 10.1995, 1756 ccm, 101 cv<br \/>\n2.0, A\u00f1o 10.1990 &#8211; 10.1992, 1995 ccm, 116 cv<br \/>\n2.0 i.e., A\u00f1o 03.1990 &#8211; 04.1995, 1995 ccm, 113 cv<\/p>\n<p>LANCIA Delta I (831)<br \/>\n1.6 GT (831AB.06), A\u00f1o 11.1982 &#8211; 04.1986, 1585 ccm, 105 cv<br \/>\nLANCIA Thema Berlina (834)<br \/>\n2.0 i.e., A\u00f1o 11.1984 &#8211; 09.1988, 1995 ccm, 120 cv<br \/>\nLANCIA Beta H.P.E. (828)<br \/>\n1.6, A\u00f1o 08.1980 &#8211; 09.1984, 1585 ccm, 101 cv<br \/>\n2000 (828.BF), A\u00f1o 04.1979 &#8211; 09.1984, 1995 ccm, 116 cv<br \/>\n2000 (828.BF), A\u00f1o 05.1976 &#8211; 05.1978, 1995 ccm, 120 cv<br \/>\n2000 i.e. (828BF), A\u00f1o 05.1981 &#8211; 09.1984, 1995 ccm, 122 cv<br \/>\nLANCIA Trevi (828)<br \/>\n1.6, A\u00f1o 05.1980 &#8211; 01.1987, 1585 ccm, 100 cv<br \/>\n2000 i.e. (828DB13), A\u00f1o 05.1980 &#8211; 01.1987, 1995 ccm, 122 cv<br \/>\nLANCIA Prisma (831)<br \/>\n1.6 (831AB), A\u00f1o 01.1983 &#8211; 04.1986, 1585 ccm, 105 cv<br \/>\nLANCIA Beta (828)<br \/>\n1.6, A\u00f1o 04.1976 &#8211; 12.1984, 1585 ccm, 101 cv<br \/>\n2000 (828.BC), A\u00f1o 04.1976 &#8211; 12.1984, 1995 ccm, 120 cv<br \/>\n2000 (828BC_), A\u00f1o 01.1981 &#8211; 12.1984, 1991 ccm, 116 cv<br \/>\n2000 i.e. (828.BC), A\u00f1o 12.1981 &#8211; 12.1984, 1995 ccm, 122 cv<br \/>\nLANCIA Beta (828)<br \/>\n1.6, A\u00f1o 05.1976 &#8211; 10.1986, 1585 ccm, 100 cv<br \/>\n2.0, A\u00f1o 04.1979 &#8211; 10.1986, 1995 ccm, 116 cv<br \/>\n2.0, A\u00f1o 05.1976 &#8211; 11.1979, 1995 ccm, 120 cv<br \/>\nLANCIA Beta Hatchback (828)<br \/>\n1.6, A\u00f1o 08.1973 &#8211; 07.1982, 1585 ccm, 101 cv<br \/>\n2.0, A\u00f1o 07.1978 &#8211; 07.1982, 1995 ccm, 115 cv<br \/>\n2.0, A\u00f1o 04.1976 &#8211; 07.1978, 1995 ccm, 120 cv<\/p>\n<p>SEAT 131<br \/>\n2.0, A\u00f1o 06.1978 &#8211; 12.1985, 1994 ccm, 116 cv<\/p>\n<p>LA PIEZA ES NUEVA Y ORIGINAL.<\/p>\n","protected":false},"excerpt":{"rendered":"<p>Juego, set de cuatro v\u00e1lvulas de escape del motor bi\u00e1rbol de: Di\u00e1metro plato v\u00e1lvula: 36 mm Di\u00e1metro v\u00e1stago v\u00e1lvula: 8 mm Longitud: 106 mm FIAT Regata (138) 1.6 Super 100, A\u00f1o 10.1983 &#8211; 12.1990, 1585 ccm, 101 cv FIAT Ritmo I (138) 1.6, A\u00f1o 12.1985 &#8211; 12.1987, 1585 ccm, 90 cv 1.6, A\u00f1o 01.1983 &#8211; [&hellip;]<\/p>\n","protected":false},"featured_media":84002,"template":"","meta":{"_seopress_robots_primary_cat":"","_seopress_titles_title":"","_seopress_titles_desc":"","_seopress_robots_index":""},"product_cat":[199,70,71,79,116,86,118,20,21,123,102,103,26,111,124,112,225],"product_tag":[],"class_list":{"0":"post-7101","1":"product","2":"type-product","3":"status-publish","4":"has-post-thumbnail","6":"product_cat-recambios-seat-131","7":"product_cat-recambios-fiat-131","8":"product_cat-recambios-fiat-132","9":"product_cat-recambios-fiat-argenta","10":"product_cat-recambios-lancia-beta","11":"product_cat-recambios-fiat-croma","12":"product_cat-recambios-lancia-delta","13":"product_cat-recambios-fiat","14":"product_cat-recambios-lancia","15":"product_cat-recambios-lancia-prisma","16":"product_cat-recambios-fiat-regata","17":"product_cat-recambios-fiat-ritmo","18":"product_cat-recambios-seat","19":"product_cat-recambios-fiat-tempra","20":"product_cat-recambios-lancia-thema","21":"product_cat-recambios-fiat-tipo","22":"product_cat-recambios-lancia-trevi","24":"first","25":"outofstock","26":"taxable","27":"shipping-taxable","28":"purchasable","29":"product-type-simple"},"_links":{"self":[{"href":"https:\/\/galicianparts.com\/shop\/wp-json\/wp\/v2\/product\/7101"}],"collection":[{"href":"https:\/\/galicianparts.com\/shop\/wp-json\/wp\/v2\/product"}],"about":[{"href":"https:\/\/galicianparts.com\/shop\/wp-json\/wp\/v2\/types\/product"}],"wp:featuredmedia":[{"embeddable":true,"href":"https:\/\/galicianparts.com\/shop\/wp-json\/wp\/v2\/media\/84002"}],"wp:attachment":[{"href":"https:\/\/galicianparts.com\/shop\/wp-json\/wp\/v2\/media?parent=7101"}],"wp:term":[{"taxonomy":"product_cat","embeddable":true,"href":"https:\/\/galicianparts.com\/shop\/wp-json\/wp\/v2\/product_cat?post=7101"},{"taxonomy":"product_tag","embeddable":true,"href":"https:\/\/galicianparts.com\/shop\/wp-json\/wp\/v2\/product_tag?post=7101"}],"curies":[{"name":"wp","href":"https:\/\/api.w.org\/{rel}","templated":true}]}}