{"id":71014,"date":"2023-03-24T12:48:15","date_gmt":"2023-03-24T10:48:15","guid":{"rendered":"https:\/\/galicianparts.com\/shop\/producto\/1475414080-latiguillo-cremallera-direccion-fiat-scudo-95-04-ulysse-citroen-peugeot-original\/"},"modified":"2023-10-26T17:46:36","modified_gmt":"2023-10-26T15:46:36","slug":"1475414080-latiguillo-cremallera-direccion-fiat-scudo-95-04-ulysse-citroen-peugeot-original","status":"publish","type":"product","link":"https:\/\/galicianparts.com\/shop\/producto\/1475414080-latiguillo-cremallera-direccion-fiat-scudo-95-04-ulysse-citroen-peugeot-original\/","title":{"rendered":"1475414080 Latiguillo cremallera direcci\u00f3n Fiat Scudo (95-04) Ulysse \/Citro\u00ebn \/Peugeot ORIGINAL"},"content":{"rendered":"<p>Tubo de retorno de la cremallera al dep\u00f3sito del l\u00edquido de direcci\u00f3n de:<br \/>\nFIAT &#8211; PG ULYSSE (1994-2002) CONDUCCION A\u00a0IZQUIERDA \/ 1905 T.D.EM.08 \/ 1905 T.D.USA 87 \/ 1905 T.D. CEE FASE 2<br \/>\nFIAT &#8211; PG ULYSSE (1994-2002) CONDUCCION\u00a0A DERECHA \/ 2000 IE<br \/>\nFIAT PROFESSIONAL &#8211; PL SCUDO (1995-2004) 1905 DS \/ 1905 TURBO DS EM.09<br \/>\nFIAT PROFESSIONAL &#8211; PL SCUDO (1995-2004) 1905 DS<br \/>\nPEUGEOT &#8211; EXPERT 1905 DS \/ 1905 TURBO DS<br \/>\nPEUGEOT &#8211; JUMPY 1905 DS \/ 1905 TURBO DS<\/p>\n<p>LA PIEZA ES NUEVA Y ORIGINAL.<\/p>\n","protected":false},"excerpt":{"rendered":"<p>Tubo de retorno de la cremallera al dep\u00f3sito del l\u00edquido de direcci\u00f3n de: FIAT &#8211; PG ULYSSE (1994-2002) CONDUCCION A\u00a0IZQUIERDA \/ 1905 T.D.EM.08 \/ 1905 T.D.USA 87 \/ 1905 T.D. CEE FASE 2 FIAT &#8211; PG ULYSSE (1994-2002) CONDUCCION\u00a0A DERECHA \/ 2000 IE FIAT PROFESSIONAL &#8211; PL SCUDO (1995-2004) 1905 DS \/ 1905 TURBO DS [&hellip;]<\/p>\n","protected":false},"featured_media":71018,"template":"","meta":{"_seopress_robots_primary_cat":"","_seopress_titles_title":"","_seopress_titles_desc":"","_seopress_robots_index":""},"product_cat":[23,156,20,138,24,104,113],"product_tag":[],"class_list":{"0":"post-71014","1":"product","2":"type-product","3":"status-publish","4":"has-post-thumbnail","6":"product_cat-recambios-citroen","7":"product_cat-recambios-peugeot-expert","8":"product_cat-recambios-fiat","9":"product_cat-recambios-citroen-jumpy","10":"product_cat-recambios-peugeot","11":"product_cat-recambios-fiat-scudo","12":"product_cat-recambios-fiat-ulysse","14":"first","15":"instock","16":"taxable","17":"shipping-taxable","18":"purchasable","19":"product-type-simple"},"_links":{"self":[{"href":"https:\/\/galicianparts.com\/shop\/wp-json\/wp\/v2\/product\/71014"}],"collection":[{"href":"https:\/\/galicianparts.com\/shop\/wp-json\/wp\/v2\/product"}],"about":[{"href":"https:\/\/galicianparts.com\/shop\/wp-json\/wp\/v2\/types\/product"}],"wp:featuredmedia":[{"embeddable":true,"href":"https:\/\/galicianparts.com\/shop\/wp-json\/wp\/v2\/media\/71018"}],"wp:attachment":[{"href":"https:\/\/galicianparts.com\/shop\/wp-json\/wp\/v2\/media?parent=71014"}],"wp:term":[{"taxonomy":"product_cat","embeddable":true,"href":"https:\/\/galicianparts.com\/shop\/wp-json\/wp\/v2\/product_cat?post=71014"},{"taxonomy":"product_tag","embeddable":true,"href":"https:\/\/galicianparts.com\/shop\/wp-json\/wp\/v2\/product_tag?post=71014"}],"curies":[{"name":"wp","href":"https:\/\/api.w.org\/{rel}","templated":true}]}}