{"id":71193,"date":"2023-03-29T11:39:21","date_gmt":"2023-03-29T09:39:21","guid":{"rendered":"https:\/\/galicianparts.com\/shop\/producto\/5891851-kit-juntas-culata-lancia-delta-2-0-8v-integrale-thema-fiat-croma-original\/"},"modified":"2023-04-25T13:05:26","modified_gmt":"2023-04-25T11:05:26","slug":"5891851-kit-juntas-culata-lancia-delta-2-0-8v-integrale-thema-fiat-croma-original","status":"publish","type":"product","link":"https:\/\/galicianparts.com\/shop\/producto\/5891851-kit-juntas-culata-lancia-delta-2-0-8v-integrale-thema-fiat-croma-original\/","title":{"rendered":"5891851 Kit juntas culata Lancia Delta 2.0 8V Integrale \/Thema \/Fiat Croma ORIGINAL"},"content":{"rendered":"<p>5882240 Juego de descarbonizaci\u00f3n, set de juntas de la culata del motor de:<br \/>\nLANCIA Delta I (831)<br \/>\n2.0 8V HF Integrale, A\u00f1o 11.1986 &#8211; 08.1988, 1995 , 166<br \/>\n2.0 8V HF Integrale, A\u00f1o 10.1987 &#8211; 12.1991, 1995 , 181<br \/>\nLANCIA Thema (834)<br \/>\n2.0 i.e.Turbo, A\u00f1o 07.1986 &#8211; 05.1990, 1995 , 150<br \/>\n2.0 i.e.Turbo, A\u00f1o 07.1986 &#8211; 05.1990, 1995 , 150<\/p>\n<p>FIAT Croma I Hatchback (154)<br \/>\n2.0 i.e. Turbo, A\u00f1o 12.1985 &#8211; 06.1990, 1995 , 155<\/p>\n<p>LA PIEZA ES NUEVA Y ORIGINAL.<\/p>\n","protected":false},"excerpt":{"rendered":"<p>5882240 Juego de descarbonizaci\u00f3n, set de juntas de la culata del motor de: LANCIA Delta I (831) 2.0 8V HF Integrale, A\u00f1o 11.1986 &#8211; 08.1988, 1995 , 166 2.0 8V HF Integrale, A\u00f1o 10.1987 &#8211; 12.1991, 1995 , 181 LANCIA Thema (834) 2.0 i.e.Turbo, A\u00f1o 07.1986 &#8211; 05.1990, 1995 , 150 2.0 i.e.Turbo, A\u00f1o 07.1986 [&hellip;]<\/p>\n","protected":false},"featured_media":71207,"template":"","meta":{"_seopress_robots_primary_cat":"","_seopress_titles_title":"","_seopress_titles_desc":"","_seopress_robots_index":""},"product_cat":[86,118,20,21,124],"product_tag":[],"class_list":{"0":"post-71193","1":"product","2":"type-product","3":"status-publish","4":"has-post-thumbnail","6":"product_cat-recambios-fiat-croma","7":"product_cat-recambios-lancia-delta","8":"product_cat-recambios-fiat","9":"product_cat-recambios-lancia","10":"product_cat-recambios-lancia-thema","12":"first","13":"outofstock","14":"taxable","15":"shipping-taxable","16":"purchasable","17":"product-type-simple"},"_links":{"self":[{"href":"https:\/\/galicianparts.com\/shop\/wp-json\/wp\/v2\/product\/71193"}],"collection":[{"href":"https:\/\/galicianparts.com\/shop\/wp-json\/wp\/v2\/product"}],"about":[{"href":"https:\/\/galicianparts.com\/shop\/wp-json\/wp\/v2\/types\/product"}],"wp:featuredmedia":[{"embeddable":true,"href":"https:\/\/galicianparts.com\/shop\/wp-json\/wp\/v2\/media\/71207"}],"wp:attachment":[{"href":"https:\/\/galicianparts.com\/shop\/wp-json\/wp\/v2\/media?parent=71193"}],"wp:term":[{"taxonomy":"product_cat","embeddable":true,"href":"https:\/\/galicianparts.com\/shop\/wp-json\/wp\/v2\/product_cat?post=71193"},{"taxonomy":"product_tag","embeddable":true,"href":"https:\/\/galicianparts.com\/shop\/wp-json\/wp\/v2\/product_tag?post=71193"}],"curies":[{"name":"wp","href":"https:\/\/api.w.org\/{rel}","templated":true}]}}