{"id":71244,"date":"2023-03-29T19:04:41","date_gmt":"2023-03-29T17:04:41","guid":{"rendered":"https:\/\/galicianparts.com\/shop\/producto\/4398402-pack-2-arandelas-friccion-zapatas-freno-fiat-850-127-128-500-126-original\/"},"modified":"2023-03-29T19:09:42","modified_gmt":"2023-03-29T17:09:42","slug":"4398402-pack-2-arandelas-friccion-zapatas-freno-fiat-850-127-128-500-126-original","status":"publish","type":"product","link":"https:\/\/galicianparts.com\/shop\/producto\/4398402-pack-2-arandelas-friccion-zapatas-freno-fiat-850-127-128-500-126-original\/","title":{"rendered":"4398402 Pack 2 arandelas fricci\u00f3n zapatas freno Fiat 850 \/127 \/128 \/500 \/126 ORIGINAL"},"content":{"rendered":"<p>986340 Juego, set de 2 arandelas de fricci\u00f3n de autoajuste de las zapatas del tambor de freno de:<br \/>\nDi\u00e1metro interior: 16,4 m<br \/>\nDi\u00e1metro exterior :31mm<br \/>\nEspesor: 3mm<\/p>\n<p>FIAT 500<br \/>\nFIAT 126<br \/>\nFIAT 127<br \/>\nFIAT 128<br \/>\nFIAT 850<\/p>\n<p>LA PIEZA ES NUEVA Y ORIGINAL.<\/p>\n","protected":false},"excerpt":{"rendered":"<p>986340 Juego, set de 2 arandelas de fricci\u00f3n de autoajuste de las zapatas del tambor de freno de: Di\u00e1metro interior: 16,4 m Di\u00e1metro exterior :31mm Espesor: 3mm FIAT 500 FIAT 126 FIAT 127 FIAT 128 FIAT 850 LA PIEZA ES NUEVA Y ORIGINAL.<\/p>\n","protected":false},"featured_media":71245,"template":"","meta":{"_seopress_robots_primary_cat":"","_seopress_titles_title":"","_seopress_titles_desc":"","_seopress_robots_index":""},"product_cat":[67,68,69,74,76,20],"product_tag":[],"class_list":{"0":"post-71244","1":"product","2":"type-product","3":"status-publish","4":"has-post-thumbnail","6":"product_cat-recambios-fiat-126","7":"product_cat-recambios-fiat-127","8":"product_cat-recambios-fiat-128","9":"product_cat-recambios-fiat-500","10":"product_cat-recambios-fiat-850","11":"product_cat-recambios-fiat","13":"first","14":"instock","15":"taxable","16":"shipping-taxable","17":"purchasable","18":"product-type-simple"},"_links":{"self":[{"href":"https:\/\/galicianparts.com\/shop\/wp-json\/wp\/v2\/product\/71244"}],"collection":[{"href":"https:\/\/galicianparts.com\/shop\/wp-json\/wp\/v2\/product"}],"about":[{"href":"https:\/\/galicianparts.com\/shop\/wp-json\/wp\/v2\/types\/product"}],"wp:featuredmedia":[{"embeddable":true,"href":"https:\/\/galicianparts.com\/shop\/wp-json\/wp\/v2\/media\/71245"}],"wp:attachment":[{"href":"https:\/\/galicianparts.com\/shop\/wp-json\/wp\/v2\/media?parent=71244"}],"wp:term":[{"taxonomy":"product_cat","embeddable":true,"href":"https:\/\/galicianparts.com\/shop\/wp-json\/wp\/v2\/product_cat?post=71244"},{"taxonomy":"product_tag","embeddable":true,"href":"https:\/\/galicianparts.com\/shop\/wp-json\/wp\/v2\/product_tag?post=71244"}],"curies":[{"name":"wp","href":"https:\/\/api.w.org\/{rel}","templated":true}]}}