{"id":71283,"date":"2023-03-31T09:28:21","date_gmt":"2023-03-31T07:28:21","guid":{"rendered":"https:\/\/galicianparts.com\/shop\/producto\/5999221-pack-5-tornillos-m10-corona-diferencial-fiat-panda-uno-lancia-delta-original\/"},"modified":"2023-03-31T09:31:01","modified_gmt":"2023-03-31T07:31:01","slug":"5999221-pack-5-tornillos-m10-corona-diferencial-fiat-panda-uno-lancia-delta-original","status":"publish","type":"product","link":"https:\/\/galicianparts.com\/shop\/producto\/5999221-pack-5-tornillos-m10-corona-diferencial-fiat-panda-uno-lancia-delta-original\/","title":{"rendered":"5999221 Pack 5 tornillos M10 corona diferencial Fiat Panda \/Uno \/Lancia Delta ORIGINAL"},"content":{"rendered":"<p>Juego, set de 5 tornillos del pi\u00f1\u00f3n del diferencial del cambio de:<br \/>\nM\u00e9trica: 10<br \/>\nLargo total: 39,5 mm<\/p>\n<p>FIAT &#8211; 1V BRAVA (1995-1998) 1930 DS EM 08 \/ SPECIFIC GEAR TYPE M38<br \/>\nFIAT &#8211; 1U BRAVO (1995-1998) 1930 DS EM 08-65CV \/ SPECIFIC GEAR TYPE M38<br \/>\nFIAT &#8211; NM CINQUECENTO (1992-1998) 903 CARB. \/ 903 SPI\u00bbW\u00bb USA&#8217;83 \/ 899 SPI\u00bbW\u00bb \/ 899 CARB.<br \/>\nFIAT &#8211; NM CINQUECENTO (1992-1998) 899 SPI\u00bbW\u00bb \/ 899 CARB.<br \/>\nFIAT &#8211; 2B DUNA BENZINA\/DIESEL (1986-1990)<br \/>\nFIAT &#8211; XP ELBA CSL (1991-1996) 1300 CARB. \/ 1500 SPI USA&#8217;83 \/ 1697 DS<br \/>\nFIAT &#8211; XP ELBA CSL (1991-1996) 1372 SPI USA&#8217;83 (MONOJETRONIC) \/ 1580 SPI USA&#8217;83 (MONOJETRONIC) \/ 1697 DS \/ 1372 SPI CEE F2 (MONOMOTRONIC) \/ 1580 SPI CEE F2 (MONOMOTRONIC)<br \/>\nFIAT &#8211; XR MILLE (1994-1995) 1000 SPI<br \/>\nFIAT &#8211; XR MILLE (1994-1995) 1697 DS<br \/>\nFIAT &#8211; XS MILLE CLIP (1995-1997)<br \/>\nFIAT &#8211; 2H PALIO 2V EXTRA EUROPA REST. 2002 (2002-2011) 1461\u00a0MPI\u00a0CF2\/CF3 \/ EL (CN) \/ ELX (CN) \/ HL (CN) MY 2004 \/ FX\u00a0(CN)\u00a0MY\u00a02005\u00a0CF2<br \/>\nFIAT &#8211; 2K PALIO WE EXTRA EUROPA REST. 2002 (2002-2008) 1461 MPI CF2 \/ EL(CN) \/ ADVENTURE(CN) \/ ELX(CN \/ HL (CN) MY 2004 \/ HLX-T.A. (CN)MY 2004<br \/>\nFIAT &#8211; 1S PANDA 4X2 MAQ 91 (1991-2003) 750 ACB CARB \/ 750 ACT CARB \/ 750 ACT CARB.DAV. \/ 900 ACB CARB \/ 1000 CARB. \/ 1000 CARB.DAV.<br \/>\nFIAT &#8211; 1S PANDA 4X2 MAQ 91 (1991-2003) 1000 SPI USA 83 WEBER \/ 1100 SPI USA 83 \/ 900 SPI USA 83 \/ 1000 SPI CF2 \/ 1100 SPI CF2 \/ 1000\u00a0SPI\u00a0USA\u00a083\u00a0BOSCH<br \/>\nFIAT &#8211; 1S PANDA 4X2 MAQ 91 (1991-2003) 1100 MPI CF3<br \/>\nFIAT &#8211; 2P PANDA DS (1986-1993)<br \/>\nFIAT &#8211; 1E SEICENTO (1998-2010) 899 SPI<br \/>\nFIAT &#8211; 1E SEICENTO (1998-2010) CAMBIO ESPECIF. (OPT. 157) \/ 1108 SPI \/ 1108 MPI<br \/>\nFIAT &#8211; 2L SIENA EXTRA EUROPA REST. (2002-2012) 1461 MPI CF2 \/ EL (CN) \/ ELX (CN) \/ EX (CN) MY 2004 CF2 \/ HL (CN) MY 2004 \/ HLX (CN) MY 2004<br \/>\nFIAT &#8211; MV TEMPRA 1370-1580 (1989-1993)<br \/>\nFIAT &#8211; MX TEMPRA DIESEL-TURBO D. (1989-1993) 1930 ASPIRATO<br \/>\nFIAT &#8211; NY TEMPRA MAQ.93 (&#8217;93-&#8217;96) 1372 SPI MJ \/ 1580 SPI \u00abB\u00bb \/ 1580 CARB. \/ 1580 MPI \u00abGM\u00bb \/ 1372 CARB. \/ 1372 SPI MM \/ 1580 CARB. 91RON<br \/>\nFIAT &#8211; NJ TEMPRA MQ.93 D-TD (1993-1996) 1930 ASPIRATO<br \/>\nFIAT &#8211; ME TIPO 1100-1370-1580 (1987-1993)<br \/>\nFIAT &#8211; MF TIPO DIESEL-T.DS. (1987-1993) 1697 \/ 1930 ASPIRADO<br \/>\nFIAT &#8211; NT TIPO MAQ.93 D-TD (1993-1995) 1697 \/ 1930<br \/>\nFIAT &#8211; NS TIPO MQ.93 (1993-1995) 1372 SPI MONOJETRONIC \/ 1372 CARB. \/ 1580 SPI \/ 1580 CARB.(95 RON) \/ 1108 SPI \/ 1372 SPI MM<br \/>\nFIAT &#8211; ML UNO CS (1988-1990)<br \/>\nFIAT &#8211; MU UNO DIESEL R\/89 (1989-1995) 1300 ASPIRADO<br \/>\nFIAT &#8211; MU UNO DIESEL R\/89 (1989-1995) 1367 TURBO \/ 1697 ASPIRADO \/ 1930 ASPIRADO<br \/>\nFIAT &#8211; 1D UNO MONDO (1995-2010) 1000 CARB.<br \/>\nFIAT &#8211; MS UNO R\/89 (1989-1995) 1370 SPI \/ 1370 SPI USA&#8217;83 \/ 1370 DAV-15 \/ 1500 SPI USA&#8217;83 \/ 1370 CARB.<br \/>\nFIAT &#8211; MS UNO R\/89 (1989-1995) 1116 \/ 1116 TREND<br \/>\nFIAT &#8211; MR UNO R\/89 (1989-1995) 903 \/ 994 CARB. \/ 1000 \/ 1108 \/ 1000 DAV.<br \/>\nFIAT &#8211; MR UNO R\/89 (1989-1995) 1000 USA&#8217;83<br \/>\nFIAT &#8211; MR UNO R\/89 (1989-1995) 1108 USA&#8217;83 (51CV)<br \/>\nFIAT &#8211; MR UNO R\/89 (1989-1995) 994 SPI<br \/>\nLANCIA &#8211; RY DEDRA BENZINA (1989-1994) 1600 \/ 1600 USA&#8217;83 MONOJETRONIC \/ 1600 USA&#8217;83 MONOJMORONIC<br \/>\nLANCIA &#8211; SL DEDRA FL.94 (1994-1999) 1580 MPI 8V<br \/>\nLANCIA &#8211; TB DELTA R.86 (1986-1992) 1100 CARB \/ 1300 CARB \/ 1500 CARB<br \/>\nLANCIA &#8211; SF N.DELTA (1993-1999) 1372 SPI\u00bbMJ\u00bb \/ 1580 8V \/ 1372 SPI\u00bbMM\u00bb CEE F2<br \/>\nLANCIA &#8211; ZL Y10 FL.89 (1988-1992) FIRE \/ FIRE LX \/ GT<br \/>\nFIAT PROFESSIONAL &#8211; 2M FIORINO (1991-1993)<br \/>\nFIAT PROFESSIONAL &#8211; 2N FIORINO RL (1993-2000) CONDUCCION A\u00a0IZQUIERDA \/ 1372 SPI \/ 1580 SPI \/ 1372 SPI C.F.2 \/ 1580 SPI C.F.2<br \/>\nFIAT PROFESSIONAL &#8211; 2N FIORINO RL (1993-2000) 1301 CARB.<br \/>\nFIAT PROFESSIONAL &#8211; 2N FIORINO RL (1993-2000) CONDUCCION\u00a0A DERECHA \/ 1372 SPI C.F.2<br \/>\nFIAT PROFESSIONAL &#8211; 2N FIORINO RL (1993-2000) 1697 DS<br \/>\nAUTOBIANCHI &#8211; Y10<\/p>\n<p>LA PIEZA ES NUEVA Y ORIGINAL.<\/p>\n","protected":false},"excerpt":{"rendered":"<p>Juego, set de 5 tornillos del pi\u00f1\u00f3n del diferencial del cambio de: M\u00e9trica: 10 Largo total: 39,5 mm FIAT &#8211; 1V BRAVA (1995-1998) 1930 DS EM 08 \/ SPECIFIC GEAR TYPE M38 FIAT &#8211; 1U BRAVO (1995-1998) 1930 DS EM 08-65CV \/ SPECIFIC GEAR TYPE M38 FIAT &#8211; NM CINQUECENTO (1992-1998) 903 CARB. \/ 903 [&hellip;]<\/p>\n","protected":false},"featured_media":71285,"template":"","meta":{"_seopress_robots_primary_cat":"","_seopress_titles_title":"","_seopress_titles_desc":"","_seopress_robots_index":""},"product_cat":[25,81,82,84,117,118,89,90,20,91,21,98,99,106,107,111,112,114,126,64],"product_tag":[],"class_list":{"0":"post-71283","1":"product","2":"type-product","3":"status-publish","4":"has-post-thumbnail","6":"product_cat-recambios-autobianchi","7":"product_cat-recambios-fiat-brava","8":"product_cat-recambios-fiat-bravo","9":"product_cat-recambios-fiat-cinquecento","10":"product_cat-recambios-lancia-dedra","11":"product_cat-recambios-lancia-delta","12":"product_cat-recambios-fiat-duna","13":"product_cat-recambios-fiat-elba","14":"product_cat-recambios-fiat","15":"product_cat-recambios-fiat-fiorino","16":"product_cat-recambios-lancia","17":"product_cat-recambios-fiat-palio","18":"product_cat-recambios-fiat-panda","19":"product_cat-recambios-fiat-seicento","20":"product_cat-recambios-fiat-siena","21":"product_cat-recambios-fiat-tempra","22":"product_cat-recambios-fiat-tipo","23":"product_cat-recambios-fiat-uno","24":"product_cat-recambios-lancia-y10","25":"product_cat-recambios-autobianchi-y10","27":"first","28":"instock","29":"taxable","30":"shipping-taxable","31":"purchasable","32":"product-type-simple"},"_links":{"self":[{"href":"https:\/\/galicianparts.com\/shop\/wp-json\/wp\/v2\/product\/71283"}],"collection":[{"href":"https:\/\/galicianparts.com\/shop\/wp-json\/wp\/v2\/product"}],"about":[{"href":"https:\/\/galicianparts.com\/shop\/wp-json\/wp\/v2\/types\/product"}],"wp:featuredmedia":[{"embeddable":true,"href":"https:\/\/galicianparts.com\/shop\/wp-json\/wp\/v2\/media\/71285"}],"wp:attachment":[{"href":"https:\/\/galicianparts.com\/shop\/wp-json\/wp\/v2\/media?parent=71283"}],"wp:term":[{"taxonomy":"product_cat","embeddable":true,"href":"https:\/\/galicianparts.com\/shop\/wp-json\/wp\/v2\/product_cat?post=71283"},{"taxonomy":"product_tag","embeddable":true,"href":"https:\/\/galicianparts.com\/shop\/wp-json\/wp\/v2\/product_tag?post=71283"}],"curies":[{"name":"wp","href":"https:\/\/api.w.org\/{rel}","templated":true}]}}