{"id":7130,"date":"2020-10-28T18:24:33","date_gmt":"2020-10-28T16:24:33","guid":{"rendered":"https:\/\/galicianparts.com\/shop\/producto\/5983958-filtro-gasoil-fiat-citroen-peugeot-alfa-romeo-original\/"},"modified":"2024-10-09T21:32:24","modified_gmt":"2024-10-09T19:32:24","slug":"5983958-filtro-gasoil-fiat-citroen-peugeot-alfa-romeo-original","status":"publish","type":"product","link":"https:\/\/galicianparts.com\/shop\/producto\/5983958-filtro-gasoil-fiat-citroen-peugeot-alfa-romeo-original\/","title":{"rendered":"5983958 Filtro gasoil Fiat \/Citro\u00ebn \/Peugeot \/Alfa Romeo ORIGINAL"},"content":{"rendered":"<p>Filtro de combustible de:<br \/>\nAltura: 72 mm<br \/>\nDi\u00e1metro: 87 mm<br \/>\nDi\u00e1metro interior superior: 19 mm<br \/>\nDi\u00e1metro interior inferior: 16 mm<\/p>\n<p>ALFA ROMEO Giulia Berlina (105)<br \/>\n1.8 D, A\u00f1o 06.1976 &#8211; 12.1978, 1760 ccm, 52 cv<br \/>\nALFA ROMEO Giulietta Berlina (116)<br \/>\n2.0 TD (116A2), A\u00f1o 01.1983 &#8211; 12.1985, 1995 ccm, 83 cv<br \/>\nALFA ROMEO AR8 Cami\u00f3n de plataforma\/Chasis (280)<br \/>\n2.4 D (280), A\u00f1o 04.1978 &#8211; 08.1986, 2445 ccm, 72 cv<\/p>\n<p>CITRO\u00cbN Jumper I (230)<br \/>\n1.9 D, A\u00f1o 07.1999 &#8211; 04.2002, 1905 ccm, 68 cv<br \/>\n1.9 D, A\u00f1o 01.1999 &#8211; 04.2002, 1905 ccm, 69 cv<br \/>\n1.9 TD, A\u00f1o 08.1994 &#8211; 04.2002, 1905 ccm, 90 cv<br \/>\n1.9 TD, A\u00f1o 02.1994 &#8211; 04.2002, 1905 ccm, 92 cv<br \/>\n1.9 TD 4&#215;4, A\u00f1o 08.1996 &#8211; 04.2002, 1905 ccm, 92 cv<br \/>\n2.5 D, A\u00f1o 08.1994 &#8211; 04.2002, 2446 ccm, 86 cv<br \/>\n2.5 D 4&#215;4, A\u00f1o 08.1996 &#8211; 04.2002, 2446 ccm, 86 cv<br \/>\n2.5 TD, A\u00f1o 08.1994 &#8211; 04.2002, 2446 ccm, 103 cv<br \/>\n2.5 TD 4&#215;4, A\u00f1o 08.1996 &#8211; 04.2002, 2446 ccm, 103 cv<br \/>\n2.5 TDi, A\u00f1o 12.1996 &#8211; 11.2000, 2446 ccm, 107 cv<br \/>\n2.5 TDI 4&#215;4, A\u00f1o 12.1996 &#8211; 11.2000, 2446 ccm, 107 cv<br \/>\nCITRO\u00cbN CX I<br \/>\n2.2 D, A\u00f1o 08.1976 &#8211; 02.1979, 2175 ccm, 67 cv<br \/>\n2500 D, A\u00f1o 02.1978 &#8211; 08.1985, 2499 ccm, 75 cv<br \/>\nCITRO\u00cbN CX II<br \/>\n25 D, A\u00f1o 08.1985 &#8211; 12.1992, 2499 ccm, 73 cv<br \/>\nCITRO\u00cbN C25 Bus (A\u00f1o 07.1981 &#8211; 02.1994)<br \/>\n2.5 D, A\u00f1o 10.1985 &#8211; 02.1994, 2498 ccm, 73 cv<br \/>\n2.5 D, A\u00f1o 11.1981 &#8211; 01.1994, 2498 ccm, 75 cv<br \/>\n2.5 D 4&#215;4, A\u00f1o 01.1987 &#8211; 02.1994, 2498 ccm, 73 cv<br \/>\nCITRO\u00cbN Visa Hatchback<br \/>\n17 D, A\u00f1o 04.1984 &#8211; 03.1991, 1769 ccm, 60 cv<br \/>\nCITRO\u00cbN C25 Furg\u00f3n<br \/>\n1.9 D 1400, A\u00f1o 01.1988 &#8211; 01.1994, 1905 ccm, 69 cv<br \/>\n2.5 D, A\u00f1o 02.1985 &#8211; 07.1994, 2498 ccm, 73 cv<br \/>\n2.5 D, A\u00f1o 11.1981 &#8211; 01.1994, 2498 ccm, 75 cv<br \/>\n2.5 D 4&#215;4, A\u00f1o 11.1983 &#8211; 12.1986, 2498 ccm, 75 cv<br \/>\nCITRO\u00cbN C35 Bus<br \/>\n2.5 D, A\u00f1o 02.1980 &#8211; 01.1994, 2498 ccm, 69 cv<br \/>\nCITRO\u00cbN C35 Van<br \/>\n2.2 D, A\u00f1o 11.1973 &#8211; 01.1980, 2175 ccm, 61 cv<br \/>\n2.5 D, A\u00f1o 02.1980 &#8211; 01.1994, 2498 ccm, 69 cv<\/p>\n<p>FIAT Regata Berlina (138)<br \/>\n1.7 Di\u00e9sel 60, A\u00f1o 09.1983 &#8211; 12.1986, 1714 ccm, 58 cv<br \/>\n1.7 Di\u00e9sel 60, A\u00f1o 05.1985 &#8211; 03.1989, 1698 ccm, 60 cv<br \/>\n1.9 Di\u00e9sel 65, A\u00f1o 04.1984 &#8211; 07.1989, 1929 ccm, 65 cv<br \/>\nFIAT Ritmo I Hatchback (138)<br \/>\n1.7 Diesel, A\u00f1o 10.1979 &#8211; 09.1982, 1714 ccm, 55 cv<br \/>\n1.7 Diesel, A\u00f1o 05.1985 &#8211; 12.1987, 1698 ccm, 60 cv<br \/>\nFIAT 131 Berlina (131)<br \/>\n2.0 D, A\u00f1o 03.1978 &#8211; 03.1987, 1995 ccm, 60 cv<br \/>\n2.5 D, A\u00f1o 06.1978 &#8211; 02.1984, 2445 ccm, 72 cv<br \/>\nFIAT Ducato II Furg\u00f3n (230L)<br \/>\n1.9 D, A\u00f1o 04.1998 &#8211; 04.2002, 1905 ccm, 68 cv<br \/>\n1.9 D, A\u00f1o 03.1994 &#8211; 04.2002, 1929 ccm, 69 cv<br \/>\n1.9 TD, A\u00f1o 05.1998 &#8211; 11.2001, 1905 ccm, 80 cv<br \/>\n1.9 TD, A\u00f1o 03.1994 &#8211; 04.2002, 1929 ccm, 82 cv<br \/>\n1.9 TD, A\u00f1o 04.1998 &#8211; 04.2002, 1905 ccm, 90 cv<br \/>\n1.9 TD CAT, A\u00f1o 08.1994 &#8211; 04.2002, 1929 ccm, 80 cv<br \/>\nFIAT Argenta (132)<br \/>\n2.5 Di\u00e9sel, A\u00f1o 06.1981 &#8211; 11.1985, 2445 ccm, 72 cv<br \/>\nFIAT 242-Serie Furg\u00f3n<br \/>\n2.2 D, A\u00f1o 10.1975 &#8211; 08.1980, 2175 ccm, 63 cv<br \/>\n2.5 D, A\u00f1o 08.1980 &#8211; 07.1982, 2498 ccm, 71 cv<br \/>\nFIAT Ducato I (290)<br \/>\n2.5 D, A\u00f1o 07.1990 &#8211; 03.1994, 2500 ccm, 75 cv<br \/>\n2.5 D 4&#215;4, A\u00f1o 07.1990 &#8211; 03.1994, 2500 ccm, 75 cv<br \/>\n2.5 TD, A\u00f1o 06.1990 &#8211; 05.1994, 2499 ccm, 95 cv<br \/>\n2.5 TD 4&#215;4, A\u00f1o 01.1991 &#8211; 03.1994, 2500 ccm, 95 cv<br \/>\n2.5 TD 4&#215;4, A\u00f1o 06.1990 &#8211; 05.1994, 2499 ccm, 95 cv<br \/>\nFIAT Ducato II (230)<br \/>\n1.9 D, A\u00f1o 04.1998 &#8211; 04.2002, 1905 ccm, 68 cv<br \/>\n1.9 D, A\u00f1o 05.1998 &#8211; 11.2001, 1905 ccm, 80 cv<br \/>\n1.9 D Combinato, A\u00f1o 06.1995 &#8211; 04.2002, 1929 ccm, 69 cv<br \/>\n1.9 TD, A\u00f1o 04.1998 &#8211; 04.2002, 1905 ccm, 90 cv<br \/>\n1.9 TD Combinato, A\u00f1o 08.1994 &#8211; 04.2002, 1929 ccm, 80 cv<br \/>\n1.9 TD Panorama\/Combinato, A\u00f1o 03.1994 &#8211; 04.2002, 1929 ccm, 82 cv<br \/>\nFIAT Ducato I (280)<br \/>\n2.4 D, A\u00f1o 01.1982 &#8211; 08.1990, 2428 ccm, 72 cv<br \/>\n2.5 D, A\u00f1o 01.1982 &#8211; 08.1990, 2500 ccm, 75 cv<br \/>\n2.5 D, A\u00f1o 09.1986 &#8211; 05.1990, 2445 ccm, 75 cv<br \/>\n2.5 D 4&#215;4, A\u00f1o 09.1986 &#8211; 10.1987, 2445 ccm, 72 cv<br \/>\n2.5 D 4&#215;4, A\u00f1o 03.1989 &#8211; 08.1990, 2500 ccm, 75 cv<br \/>\n2.5 D 4&#215;4, A\u00f1o 09.1986 &#8211; 05.1990, 2445 ccm, 75 cv<br \/>\n2.5 TD 4&#215;4, A\u00f1o 09.1986 &#8211; 09.1990, 2445 ccm, 92 cv<br \/>\nFIAT 132 (132_)<br \/>\n2.5 D, A\u00f1o 07.1978 &#8211; 07.1982, 2445 ccm, 72 cv<\/p>\n<p>PEUGEOT J5 Bus (280)<br \/>\n2.5 D, A\u00f1o 09.1981 &#8211; 09.1990, 2498 ccm, 73 cv<br \/>\n2.5 DT, A\u00f1o 01.1986 &#8211; 08.1990, 2498 ccm, 95 cv<br \/>\nPEUGEOT 305 I<br \/>\n1.5 Di\u00e9sel, A\u00f1o 08.1980 &#8211; 09.1982, 1548 ccm, 49 cv<br \/>\nPEUGEOT 305 II<br \/>\n1.8 D, A\u00f1o 11.1982 &#8211; 12.1988, 1769 ccm, 60 cv<br \/>\n1.9 Di\u00e9sel, A\u00f1o 10.1982 &#8211; 12.1988, 1905 ccm, 64 cv<br \/>\n1.9 Di\u00e9sel, A\u00f1o 10.1982 &#8211; 12.1988, 1905 ccm, 65 cv<br \/>\nPEUGEOT Boxer (230)<br \/>\n1.9 D, A\u00f1o 03.1994 &#8211; 04.2002, 1905 ccm, 69 cv<br \/>\n1.9 TD, A\u00f1o 08.1994 &#8211; 04.2002, 1905 ccm, 90 cv<br \/>\n1.9 TD, A\u00f1o 03.1994 &#8211; 04.2002, 1905 ccm, 92 cv<br \/>\n1.9 TD 4&#215;4, A\u00f1o 07.1996 &#8211; 04.2002, 1905 ccm, 92 cv<br \/>\n2.5 D, A\u00f1o 08.1994 &#8211; 04.2002, 2446 ccm, 86 cv<br \/>\n2.5 D 4&#215;4, A\u00f1o 07.1996 &#8211; 04.2002, 2446 ccm, 86 cv<br \/>\n2.5 DT, A\u00f1o 10.1997 &#8211; 11.2001, 2499 ccm, 84 cv<br \/>\n2.5 TD, A\u00f1o 07.1994 &#8211; 12.1997, 2446 ccm, 103 cv<br \/>\n2.5 TD 4&#215;4, A\u00f1o 07.1996 &#8211; 04.2002, 2446 ccm, 103 cv<br \/>\n2.5 TDI, A\u00f1o 01.1997 &#8211; 04.2002, 2446 ccm, 107 cv<br \/>\n2.5 TDI 4&#215;4, A\u00f1o 01.1997 &#8211; 04.2002, 2446 ccm, 107 cv<br \/>\nPEUGEOT 504 Berlina<br \/>\n1.9 D, A\u00f1o 03.1973 &#8211; 07.1986, 1948 ccm, 54 cv<br \/>\n2.1 D, A\u00f1o 09.1979 &#8211; 08.1982, 2112 ccm, 58 cv<br \/>\n2.1 D, A\u00f1o 09.1979 &#8211; 08.1982, 2112 ccm, 67 cv<br \/>\n2.1 D, A\u00f1o 02.1971 &#8211; 07.1986, 2112 ccm, 65 cv<br \/>\n2.3 D, A\u00f1o 07.1975 &#8211; 12.1983, 2304 ccm, 69 cv<br \/>\nPEUGEOT 505 Berlina<br \/>\n2.3 Turbodi\u00e9sel, A\u00f1o 09.1980 &#8211; 06.1986, 2304 ccm, 80 cv<br \/>\n2.5 Di\u00e9sel, A\u00f1o 10.1981 &#8211; 11.1990, 2498 ccm, 69 cv<br \/>\n2.5 Di\u00e9sel, A\u00f1o 06.1981 &#8211; 12.1993, 2498 ccm, 75 cv<br \/>\n2.5 Turbodi\u00e9sel, A\u00f1o 10.1983 &#8211; 12.1993, 2498 ccm, 90 cv<br \/>\n2.5 Turbodi\u00e9sel, A\u00f1o 10.1983 &#8211; 12.1990, 2498 ccm, 95 cv<br \/>\n2.5 Turbodi\u00e9sel, A\u00f1o 10.1986 &#8211; 12.1993, 2498 ccm, 105 cv<br \/>\nPEUGEOT 504 Pick-up<br \/>\n1.9 D, A\u00f1o 01.1980 &#8211; 12.1989, 1948 ccm, 54 cv<br \/>\n1.9 D, A\u00f1o 08.1981 &#8211; 10.1986, 1948 ccm, 56 cv<br \/>\n2.3 D, A\u00f1o 01.1980 &#8211; 12.1989, 2304 ccm, 69 cv<br \/>\nPEUGEOT J7<br \/>\n1.9 D, A\u00f1o 08.1968 &#8211; 07.1978, 1948 ccm, 55 cv<br \/>\n2.1 D, A\u00f1o 08.1968 &#8211; 07.1977, 2112 ccm, 57 cv<br \/>\n2.3 D, A\u00f1o 07.1977 &#8211; 03.1980, 2304 ccm, 67 cv<br \/>\nPEUGEOT J9<br \/>\n2.1 D, A\u00f1o 03.1980 &#8211; 06.1987, 2112 ccm, 56 cv<br \/>\n2.3 D, A\u00f1o 03.1980 &#8211; 07.1982, 2304 ccm, 67 cv<br \/>\n2.5 D, A\u00f1o 07.1982 &#8211; 06.1987, 2497 ccm, 72 cv<br \/>\nPEUGEOT 504 Familiar<br \/>\n2.1 D, A\u00f1o 04.1971 &#8211; 07.1986, 2112 ccm, 65 cv<br \/>\n2.3 D, A\u00f1o 07.1975 &#8211; 07.1986, 2304 ccm, 69 cv<br \/>\nPEUGEOT J5 Furg\u00f3n (280)<br \/>\n1.9 D, A\u00f1o 09.1987 &#8211; 08.1990, 1905 ccm, 69 cv<br \/>\n2.5 D, A\u00f1o 09.1981 &#8211; 08.1990, 2498 ccm, 73 cv<br \/>\n2.5 DT, A\u00f1o 09.1981 &#8211; 08.1990, 2498 ccm, 95 cv<br \/>\n2.5 DT A las 4 ruedas, A\u00f1o 09.1981 &#8211; 08.1990, 2498 ccm, 95 cv<br \/>\nPEUGEOT J5 (290)<br \/>\n1.9 D, A\u00f1o 10.1990 &#8211; 02.1994, 1905 ccm, 70 cv<br \/>\n2.5 D, A\u00f1o 10.1990 &#8211; 02.1994, 2500 ccm, 73 cv<br \/>\n2.5 D 4&#215;4, A\u00f1o 10.1990 &#8211; 02.1994, 2500 ccm, 73 cv<br \/>\n2.5 TD, A\u00f1o 10.1990 &#8211; 02.1994, 2500 ccm, 95 cv<br \/>\n2.5 TD 4&#215;4, A\u00f1o 10.1990 &#8211; 02.1994, 2500 ccm, 95 cv<br \/>\nPEUGEOT Boxer Furg\u00f3n (230)<br \/>\n1.9 D, A\u00f1o 07.1999 &#8211; 04.2002, 1905 ccm, 68 cv<br \/>\n1.9 D, A\u00f1o 03.1994 &#8211; 04.2002, 1905 ccm, 69 cv<br \/>\n1.9 DT 4&#215;4, A\u00f1o 03.1996 &#8211; 09.1998, 1905 ccm, 90 cv<br \/>\n1.9 TD, A\u00f1o 07.1999 &#8211; 04.2002, 1905 ccm, 90 cv<br \/>\n1.9 TD, A\u00f1o 03.1994 &#8211; 04.2002, 1905 ccm, 92 cv<br \/>\n2.5 D, A\u00f1o 03.1994 &#8211; 04.2002, 2446 ccm, 86 cv<br \/>\n2.5 D 4&#215;4, A\u00f1o 07.1999 &#8211; 04.2002, 2446 ccm, 86 cv<br \/>\n2.5 DT, A\u00f1o 10.1997 &#8211; 11.2001, 2499 ccm, 84 cv<br \/>\n2.5 TD, A\u00f1o 03.1994 &#8211; 12.1997, 2446 ccm, 103 cv<br \/>\n2.5 TDI, A\u00f1o 01.1997 &#8211; 04.2002, 2446 ccm, 107 cv<br \/>\n2.5 TDI 4&#215;4, A\u00f1o 07.1999 &#8211; 04.2002, 2446 ccm, 107 cv<br \/>\nPEUGEOT 505 Familiar<br \/>\n2.3 Di\u00e9sel, A\u00f1o 04.1982 &#8211; 06.1986, 2304 ccm, 80 cv<br \/>\n2.5 D, A\u00f1o 10.1985 &#8211; 08.1991, 2498 ccm, 95 cv<br \/>\n2.5 Di\u00e9sel, A\u00f1o 01.1986 &#8211; 12.1993, 2498 ccm, 70 cv<br \/>\n2.5 Di\u00e9sel, A\u00f1o 08.1983 &#8211; 12.1993, 2498 ccm, 75 cv<br \/>\n2.5 Turbodi\u00e9sel, A\u00f1o 10.1985 &#8211; 11.1987, 2498 ccm, 90 cv<br \/>\n2.5 Turbodi\u00e9sel, A\u00f1o 10.1986 &#8211; 12.1993, 2498 ccm, 105 cv<\/p>\n<p>SEAT Ronda (022A)<br \/>\n1.7 Di\u00e9sel, A\u00f1o 06.1982 &#8211; 12.1986, 1714 ccm, 54 cv<br \/>\n1.7 Di\u00e9sel, A\u00f1o 06.1982 &#8211; 12.1986, 1714 ccm, 56 cv<br \/>\nSEAT Malaga (023A)<br \/>\n1.7 D, A\u00f1o 05.1985 &#8211; 12.1993, 1714 ccm, 54 cv<br \/>\n1.7 D, A\u00f1o 05.1990 &#8211; 12.1993, 1714 ccm, 57 cv<br \/>\nSEAT Ibiza I Hatchback (021A)<br \/>\n1.7 D, A\u00f1o 06.1984 &#8211; 05.1993, 1714 ccm, 54 cv<br \/>\n1.7 D, A\u00f1o 08.1990 &#8211; 05.1993, 1714 ccm, 57 cv<br \/>\nSEAT 131<br \/>\n2.4 Di\u00e9sel, A\u00f1o 06.1978 &#8211; 12.1986, 2445 ccm, 72 cv<br \/>\nSEAT Ritmo (138) (A\u00f1o 07.1978 &#8211; 09.1983)<br \/>\n1.7 D, A\u00f1o 10.1979 &#8211; 09.1983, 1714 ccm, 56 cv<\/p>\n<p>LA PIEZA ES NUEVA Y ORIGINAL.<\/p>\n","protected":false},"excerpt":{"rendered":"<p>Filtro de combustible de: Altura: 72 mm Di\u00e1metro: 87 mm Di\u00e1metro interior superior: 19 mm Di\u00e1metro interior inferior: 16 mm ALFA ROMEO Giulia Berlina (105) 1.8 D, A\u00f1o 06.1976 &#8211; 12.1978, 1760 ccm, 52 cv ALFA ROMEO Giulietta Berlina (116) 2.0 TD (116A2), A\u00f1o 01.1983 &#8211; 12.1985, 1995 ccm, 83 cv ALFA ROMEO AR8 Cami\u00f3n [&hellip;]<\/p>\n","protected":false},"featured_media":79175,"template":"","meta":{"_seopress_robots_primary_cat":"","_seopress_titles_title":"","_seopress_titles_desc":"","_seopress_robots_index":""},"product_cat":[70,199,71,73,194,195,153,16,185,79,155,132,133,23,136,88,20,193,53,162,157,196,197,137,164,24,102,103,165,26,140],"product_tag":[],"class_list":{"0":"post-7130","1":"product","2":"type-product","3":"status-publish","4":"has-post-thumbnail","6":"product_cat-recambios-fiat-131","7":"product_cat-recambios-seat-131","8":"product_cat-recambios-fiat-132","9":"product_cat-recambios-fiat-242","10":"product_cat-recambios-peugeot-305","11":"product_cat-recambios-peugeot-504","12":"product_cat-recambios-peugeot-505","13":"product_cat-recambios-alfa-romeo","14":"product_cat-recambios-alfa-romeo-ar8","15":"product_cat-recambios-fiat-argenta","16":"product_cat-recambios-peugeot-boxer","17":"product_cat-recambios-citroen-c25","18":"product_cat-recambios-citroen-c35","19":"product_cat-recambios-citroen","20":"product_cat-recambios-citroen-cx","21":"product_cat-recambios-fiat-ducato","22":"product_cat-recambios-fiat","23":"product_cat-recambios-alfa-romeo-giulia","24":"product_cat-recambios-alfa-romeo-giulietta","25":"product_cat-recambios-seat-ibiza","26":"product_cat-recambios-peugeot-j5","27":"product_cat-recambios-peugeot-j7","28":"product_cat-recambios-peugeot-j9","29":"product_cat-recambios-citroen-jumper","30":"product_cat-recambios-seat-malaga","31":"product_cat-recambios-peugeot","32":"product_cat-recambios-fiat-regata","33":"product_cat-recambios-fiat-ritmo","34":"product_cat-recambios-seat-ronda","35":"product_cat-recambios-seat","36":"product_cat-recambios-citroen-visa","38":"first","39":"instock","40":"taxable","41":"shipping-taxable","42":"purchasable","43":"product-type-simple"},"_links":{"self":[{"href":"https:\/\/galicianparts.com\/shop\/wp-json\/wp\/v2\/product\/7130"}],"collection":[{"href":"https:\/\/galicianparts.com\/shop\/wp-json\/wp\/v2\/product"}],"about":[{"href":"https:\/\/galicianparts.com\/shop\/wp-json\/wp\/v2\/types\/product"}],"wp:featuredmedia":[{"embeddable":true,"href":"https:\/\/galicianparts.com\/shop\/wp-json\/wp\/v2\/media\/79175"}],"wp:attachment":[{"href":"https:\/\/galicianparts.com\/shop\/wp-json\/wp\/v2\/media?parent=7130"}],"wp:term":[{"taxonomy":"product_cat","embeddable":true,"href":"https:\/\/galicianparts.com\/shop\/wp-json\/wp\/v2\/product_cat?post=7130"},{"taxonomy":"product_tag","embeddable":true,"href":"https:\/\/galicianparts.com\/shop\/wp-json\/wp\/v2\/product_tag?post=7130"}],"curies":[{"name":"wp","href":"https:\/\/api.w.org\/{rel}","templated":true}]}}