{"id":71335,"date":"2023-03-31T11:33:54","date_gmt":"2023-03-31T09:33:54","guid":{"rendered":"https:\/\/galicianparts.com\/shop\/producto\/7741775-pack-3-topes-soporte-cables-y-tubos-fiat-punto-gt-barchetta-lancia-alfa-original\/"},"modified":"2023-03-31T11:40:53","modified_gmt":"2023-03-31T09:40:53","slug":"7741775-pack-3-topes-soporte-cables-y-tubos-fiat-punto-gt-barchetta-lancia-alfa-original","status":"publish","type":"product","link":"https:\/\/galicianparts.com\/shop\/producto\/7741775-pack-3-topes-soporte-cables-y-tubos-fiat-punto-gt-barchetta-lancia-alfa-original\/","title":{"rendered":"7741775 Pack 3 topes soporte cables y tubos Fiat Punto GT \/Barchetta \/Lancia \/Alfa ORIGINAL"},"content":{"rendered":"<p>Juego, set de 3 clips de sujeci\u00f3n, abrazadera de manguitos, cable cerradura cap\u00f3 y maletero, cableado el\u00e9ctrico, etc&#8230; de:<br \/>\nDi\u00e1metro: 10 mm<\/p>\n<p>FIAT &#8211; PK BARCHETTA (1995-2004)<br \/>\nFIAT &#8211; 2T CROMA (2005-2010) 1910\u00a0JTD\u00a0CF4\u00a08V\u00a0115CV\/85KW\u00a0MENOR POTENCIA BELGICA \/ 1900 JTD 8V 120 HP\/88KW \/ CLASSIC \/ ACTIVE \/ DYNAMIC \/ EMOTION<br \/>\nFIAT &#8211; 3M LINEA (2007-&#8230;.) 1.6 16V TRITEC 110CV \/ 1.8 16V ETORQ 124CV \/ IZQUIERDA \/ ABS \/ CONTROL DINAMICO DE ESTABILIDAD (VDC)<br \/>\nFIAT &#8211; 1F MULTIPLA (1998-2010) SX MY 2002 \/ ELX MY 2002 \/ ACTIVE\u00a0FLP\u00a02004 \/ DYNAMIC\u00a0FLP\u00a02004<br \/>\nFIAT &#8211; 1F MULTIPLA (1998-2010) ACTIVE\u00a0MT\u00a02006 \/ DYNAMIC\u00a0MY\u00a02006<br \/>\nFIAT &#8211; 1F MULTIPLA (1998-2010)<br \/>\nFIAT &#8211; 2H PALIO 2V EXTRA EUROPA REST. 2002 (2002-2011) 1242 8V CF3 EOBD \/ 1400\u00a08V\u00a080CV\/59KW \/ 1596 TQ CF3 \/ 1596 TQ CF3 SPORT \/ 1242\u00a016V\u00a0CF3 \/ 1250\u00a0MJTD\u00a070CV\/51KW<br \/>\nFIAT &#8211; 2H PALIO 2V EXTRA EUROPA REST. 2002 (2002-2011) ELX\u00a0(EXPORT) \/ EX (MA) \/ BASIS ECONOMY (EXPORT)<br \/>\nFIAT &#8211; 3D PALIO 2V REST.2 (2005-2011) 1300 MJET 75 CV CF3 INDIA<br \/>\nFIAT &#8211; 3D PALIO 2V REST.2 (2005-2011) FUNCIONAL EXPORT \/ BASE ECONOMY EXPORTACION \/ ELX EXPORT \/ BASE EXPORT<br \/>\nFIAT &#8211; 2K PALIO WE EXTRA EUROPA REST. 2002 (2002-2008) ELX\u00a0(EXPORT)<br \/>\nFIAT &#8211; 3F PALIO WEEKEND REST.2 (2005-2009)<br \/>\nFIAT &#8211; NV PUNTO 55-60-75-90 (1993-1997)<br \/>\nFIAT &#8211; 1N PUNTO BZ (1999-2003) 1.2 8V CF3 (OPT.229) \/ 1.2\u00a08V\u00a0CF3<br \/>\nFIAT &#8211; 1N PUNTO BZ (1999-2003) 1.2 8V CF2<br \/>\nFIAT &#8211; 1N PUNTO BZ (1999-2003) 1242 8V CF3 BZ\/MET<br \/>\nFIAT &#8211; 1A PUNTO BZ. GAMMA &#8217;97 (1997-1999)<br \/>\nFIAT &#8211; PF PUNTO CABRIO (1994-1997)<br \/>\nFIAT &#8211; 1C PUNTO CABRIO GAMMA&#8217;97 (1997-2000)<br \/>\nFIAT &#8211; NX PUNTO D-TD (1993-1997)<br \/>\nFIAT &#8211; 2U PUNTO FL.&#8217;03 (2003-2010) 1242 8V \/ 1.2\u00a08V\u00a0(OPC.229)<br \/>\nFIAT &#8211; NW PUNTO GT (1993-1997)<br \/>\nFIAT &#8211; 1B PUNTO TB.DS. GAMMA&#8217;97 (1997-1999)<br \/>\nFIAT &#8211; 2L SIENA EXTRA EUROPA REST.(2002-2012) ELX\u00a0(EXPORT) \/ EX (MA) \/ ECONOMY (EXPORT)<br \/>\nFIAT &#8211; 3E SIENA REST.2 (2005-2011) ELX\u00a0(EXPORT) \/ BASE\u00a0(EXPORT)<br \/>\nALFA ROMEO &#8211; W8 147 BZ\/DS (2000-2010)<br \/>\nALFA ROMEO &#8211; T4 155 GAMMA 96 DS (1996-1997) 1930 TD<br \/>\nALFA ROMEO &#8211; X8 159 MY11 (2010-2011) 3200\u00a0CF4<br \/>\nALFA ROMEO &#8211; X8 159 MY11 (2010-2011) 1742-1796\u00a0CC \/<br \/>\nALFA ROMEO &#8211; X8 159 MY11 (2010-2011) DI\u00c9SEL<br \/>\nALFA ROMEO &#8211; X8 159 MY11 (2010-2011)<br \/>\nALFA ROMEO &#8211; X8 159 MY11 (2010-2011) BN. 3 VOLUMENES<br \/>\nALFA ROMEO &#8211; W9 166 BZ-DS (1998-2007) SEDAN 98<br \/>\nALFA ROMEO &#8211; W9 166 BZ-DS (1998-2007) FL 03 PROGRESSION \/ FL 03 DISTINCTIVE \/ FL 03 BASIS<br \/>\nALFA ROMEO &#8211; X3 ALFA 159  (2005-2008) 1.8 130 CV \/ 1.9 GS GDI E4 \/ 2.2\u00a0GASOLINA\u00a0GDI\u00a0E4 \/ 3.2 GS V6<br \/>\nALFA ROMEO &#8211; X3 ALFA 159  (2005-2008) 1910\u00a0JTD\u00a0CF4\u00a08V\u00a0115CV\/85KW\u00a0MENOR POTENCIA BELGICA \/ 1.9 JTD 8V E4 \/ 1910JTD\u00a0CF4\u00a016V\u00a0136CV\/100KW\u00a0MENOR POT. BELGICA \/ 1.9 JTD 16V E4 \/ 2.4 JTD 20V E4 \/ 2400 JTD CF4 20V 4X2 210CV 154 KW<br \/>\nALFA ROMEO &#8211; X3 ALFA 159  (2005-2008) 1.9 GS GDI E4 \/ BN BASIS \/ SW BASIS \/ BN MEDIUM \/ SW MEDIUM \/ BN HIGH \/ SW HIGH \/ BN TI \/ SW TI<br \/>\nALFA ROMEO &#8211; X3 ALFA 159  (2005-2008)<br \/>\nALFA ROMEO &#8211; X3 ALFA 159  (2005-2008) BN BASIS \/ BN MEDIUM \/ BN HIGH \/ BN TI<br \/>\nALFA ROMEO &#8211; X9 ALFA 159 (2008-2010)  2198\u00a0CF4 \/ 1742-1796\u00a0CC \/ ASPIRADO \/ 1858-1910\u00a0CC \/ GASOLINA \/ 3200\u00a0CF4 \/ 2 RUEDAS MOTRICES \/ 4 RUEDAS MOTRICES \/ 200\u00a0CV<br \/>\nALFA ROMEO &#8211; X9 ALFA 159 (2008-2010)<br \/>\nALFA ROMEO &#8211; X9 ALFA 159 (2008-2010)  1858-1910\u00a0CC \/ GASOLINA<br \/>\nALFA ROMEO &#8211; X4 BRERA COUPE&#8217; (2005-2008) 2.4 JTD 20V CF4 200CV\/147 KW \/ 2400\u00a0JTD\u00a0CF4\u00a020V\u00a04X2\u00a0210CV\/\u00a0154KW<br \/>\nALFA ROMEO &#8211; X4 BRERA COUPE&#8217; (2005-2008)<br \/>\nALFA ROMEO &#8211; 12 BRERA COUPE&#8217; M.Y. (2008-2010) 1956 CF5 121 KW \/ DA DEFIN.(2300~2399)<br \/>\nALFA ROMEO &#8211; 12 BRERA COUPE&#8217; M.Y. (2008-2010)<br \/>\nALFA ROMEO &#8211; X2 GT (2003-2010)<br \/>\nALFA ROMEO &#8211; X2 GT (2003-2010) 2000 JTS \/ SELESPEED \/ BOQUILLAS CALEFACTADAS PARA LIMPIA LUNAS<br \/>\nALFA ROMEO &#8211; X5 NUOVO SPIDER (2006-2008) 2.4\u00a0JTD\u00a020V\u00a0CF4\u00a0200CV\/147KW<br \/>\nALFA ROMEO &#8211; X5 NUOVO SPIDER (2006-2008)<br \/>\nALFA ROMEO &#8211; 13 NUOVO SPIDER M.Y. (2008-2010) 1956 CF5 121 KW \/ DA DEFIN.(2300~2399)<br \/>\nALFA ROMEO &#8211; 13 NUOVO SPIDER M.Y. (2008-2010)<br \/>\nLANCIA &#8211; SV KAPPA  COUPE&#8217; (1997-2001)<br \/>\nLANCIA &#8211; SJ THESIS (2001-2007) ADDITIONAL MONITOR WITH VIDEO LINE-IN<br \/>\nLANCIA &#8211; SJ THESIS (2001-2007)<br \/>\nLANCIA &#8211; SU Y (1995-2000)<br \/>\nLANCIA &#8211; TA Y FL.2000 (2000-2003)<br \/>\nLANCIA &#8211; TE YPSILON (2003-2009) 1400\u00a08V\u00a0GPL<br \/>\nLANCIA &#8211; TE YPSILON (2003-2009)<br \/>\nLANCIA &#8211; TI YPSILON (2009-2011) (1242\u00a0-1248\u00a0CC) \/ 16 V\u00c1LVULAS \/ 8 V\u00c1LVULAS<br \/>\nLANCIA &#8211; TI YPSILON (2009-2011) ALIMENTACI\u00d3N GLP (EST\u00c1NDAR ITALIA)<br \/>\nLANCIA &#8211; TI YPSILON (2009-2011)<br \/>\nFIAT PROFESSIONAL &#8211; 1W DOBLO (2000-2004) ANTISKID \/ 1242 MPI 8V CF3 \/ 1596 16V CF3<br \/>\nFIAT PROFESSIONAL &#8211; 1W DOBLO (2000-2004) ANTISKID \/ 1.9 DS CF3 \/ 1910 JTD CF3 \/ 1910 JTD CF3 105 CV<br \/>\nFIAT PROFESSIONAL &#8211; 1W DOBLO (2000-2004)<br \/>\nFIAT PROFESSIONAL &#8211; 2W DOBLO MY. 2004 (2004-2005) ANTISKID \/ CONDUCCION A\u00a0IZQUIERDA<br \/>\nFIAT PROFESSIONAL &#8211; 2W DOBLO MY. 2004 (2004-2005) ANTISKID \/ CONDUCCION\u00a0A DERECHA<br \/>\nFIAT PROFESSIONAL &#8211; 2W DOBLO MY. 2004 (2004-2005)<br \/>\nFIAT PROFESSIONAL &#8211; 3C DOBLO REST. 2005 (2005-&#8230;.) ANTISKID \/ CONDUCCION\u00a0A DERECHA<br \/>\nFIAT PROFESSIONAL &#8211; 3C DOBLO REST. 2005 (2005-&#8230;.)<\/p>\n<p>LA PIEZA ES NUEVA Y ORIGINAL.<\/p>\n","protected":false},"excerpt":{"rendered":"<p>Juego, set de 3 clips de sujeci\u00f3n, abrazadera de manguitos, cable cerradura cap\u00f3 y maletero, cableado el\u00e9ctrico, etc&#8230; de: Di\u00e1metro: 10 mm FIAT &#8211; PK BARCHETTA (1995-2004) FIAT &#8211; 2T CROMA (2005-2010) 1910\u00a0JTD\u00a0CF4\u00a08V\u00a0115CV\/85KW\u00a0MENOR POTENCIA BELGICA \/ 1900 JTD 8V 120 HP\/88KW \/ CLASSIC \/ ACTIVE \/ DYNAMIC \/ EMOTION FIAT &#8211; 3M LINEA (2007-&#8230;.) 1.6 [&hellip;]<\/p>\n","protected":false},"featured_media":71340,"template":"","meta":{"_seopress_robots_primary_cat":"","_seopress_titles_title":"","_seopress_titles_desc":"","_seopress_robots_index":""},"product_cat":[44,48,51,57,16,80,52,86,87,20,50,119,21,94,96,98,101,107,56,125,127],"product_tag":[],"class_list":{"0":"post-71335","1":"product","2":"type-product","3":"status-publish","4":"has-post-thumbnail","6":"product_cat-recambios-alfa-romeo-147","7":"product_cat-recambios-alfa-romeo-155","8":"product_cat-recambios-alfa-romeo-159","9":"product_cat-recambios-alfa-romeo-166","10":"product_cat-recambios-alfa-romeo","11":"product_cat-recambios-fiat-barchetta","12":"product_cat-recambios-alfa-romeo-brera","13":"product_cat-recambios-fiat-croma","14":"product_cat-recambios-fiat-doblo","15":"product_cat-recambios-fiat","16":"product_cat-recambios-alfa-romeo-gt","17":"product_cat-recambios-lancia-kappa","18":"product_cat-recambios-lancia","19":"product_cat-recambios-fiat-linea","20":"product_cat-recambios-fiat-multipla","21":"product_cat-recambios-fiat-palio","22":"product_cat-recambios-fiat-punto","23":"product_cat-recambios-fiat-siena","24":"product_cat-recambios-alfa-romeo-spider","25":"product_cat-recambios-lancia-thesis","26":"product_cat-recambios-lancia-ypsilon","28":"first","29":"instock","30":"taxable","31":"shipping-taxable","32":"purchasable","33":"product-type-simple"},"_links":{"self":[{"href":"https:\/\/galicianparts.com\/shop\/wp-json\/wp\/v2\/product\/71335"}],"collection":[{"href":"https:\/\/galicianparts.com\/shop\/wp-json\/wp\/v2\/product"}],"about":[{"href":"https:\/\/galicianparts.com\/shop\/wp-json\/wp\/v2\/types\/product"}],"wp:featuredmedia":[{"embeddable":true,"href":"https:\/\/galicianparts.com\/shop\/wp-json\/wp\/v2\/media\/71340"}],"wp:attachment":[{"href":"https:\/\/galicianparts.com\/shop\/wp-json\/wp\/v2\/media?parent=71335"}],"wp:term":[{"taxonomy":"product_cat","embeddable":true,"href":"https:\/\/galicianparts.com\/shop\/wp-json\/wp\/v2\/product_cat?post=71335"},{"taxonomy":"product_tag","embeddable":true,"href":"https:\/\/galicianparts.com\/shop\/wp-json\/wp\/v2\/product_tag?post=71335"}],"curies":[{"name":"wp","href":"https:\/\/api.w.org\/{rel}","templated":true}]}}