{"id":7149,"date":"2020-10-28T20:13:34","date_gmt":"2020-10-28T18:13:34","guid":{"rendered":"https:\/\/galicianparts.com\/shop\/producto\/5992408-sensor-presion-admision-fiat-lancia-alfa-romeo-citroen-peugeot-kia\/"},"modified":"2025-03-18T20:15:08","modified_gmt":"2025-03-18T18:15:08","slug":"5992408-sensor-presion-admision-fiat-lancia-alfa-romeo-citroen-peugeot-kia","status":"publish","type":"product","link":"https:\/\/galicianparts.com\/shop\/producto\/5992408-sensor-presion-admision-fiat-lancia-alfa-romeo-citroen-peugeot-kia\/","title":{"rendered":"5992408 Sensor presi\u00f3n admisi\u00f3n Fiat Punto \/Lancia Delta \/Citroen \/Peugeot \/Kia ORIGINAL"},"content":{"rendered":"<p>7696064 Sensor map, sensor de presi\u00f3n de colector de admisi\u00f3n de:<\/p>\n<p>FIAT Tempra (159)<br \/>\n1.6 i.e., A\u00f1o 06.1994 &#8211; 08.1996, 1581 ccm, 87 cv<br \/>\n1.6 i.e., A\u00f1o 06.1994 &#8211; 08.1996, 1581 ccm, 90 cv<br \/>\nFIAT Punto I Hatchback (176)<br \/>\n1.6, A\u00f1o 01.1994 &#8211; 04.1997, 1581 ccm, 88 cv<br \/>\nFIAT Punto I Cabrio (176)<br \/>\n1.6 90, A\u00f1o 04.1994 &#8211; 04.1997, 1581 ccm, 88 cv<\/p>\n<p>LANCIA Dedra Berlina (835)<br \/>\n1.6 16V, A\u00f1o 01.1996 &#8211; 07.1999, 1581 ccm, 103 cv<br \/>\n1.6 LE Cat (835EB), A\u00f1o 07.1994 &#8211; 07.1999, 1581 ccm, 90 cv<br \/>\nLANCIA Delta I (831)<br \/>\n1.6 GT i.e., A\u00f1o 05.1987 &#8211; 08.1992, 1585 ccm, 90 cv<br \/>\n1.6 GT i.e., A\u00f1o 08.1986 &#8211; 08.1988, 1585 ccm, 109 cv<br \/>\n1.6 HF Turbo, A\u00f1o 08.1986 &#8211; 08.1988, 1585 ccm, 140 cv<br \/>\n1.6 HF Turbo, A\u00f1o 04.1987 &#8211; 03.1989, 1585 ccm, 132 cv<br \/>\nLANCIA Dedra Familiar (835)<br \/>\n1.6, A\u00f1o 10.1994 &#8211; 07.1999, 1581 ccm, 90 cv<br \/>\n1.6 16V, A\u00f1o 01.1996 &#8211; 07.1999, 1581 ccm, 103 cv<\/p>\n<p>ALFA ROMEO 145 (930)<br \/>\n1.6 i.e. (930.A2), A\u00f1o 10.1994 &#8211; 12.1996, 1596 ccm, 103 cv<br \/>\nALFA ROMEO 146 (930)<br \/>\n1.6 i.e. (930.B2), A\u00f1o 12.1994 &#8211; 12.1996, 1596 ccm, 103 cv<\/p>\n<p>CITRO\u00cbN XM I Hatchback (Y3)<br \/>\n3.0 V6, A\u00f1o 05.1989 &#8211; 06.1994, 2963 ccm, 167 cv<br \/>\n3.0 V6 24V, A\u00f1o 07.1990 &#8211; 06.1994, 2963 ccm, 200 cv<br \/>\nCITRO\u00cbN BX Hatchback<br \/>\n1.9 E, A\u00f1o 06.1988 &#8211; 02.1993, 1905 ccm, 109 cv<br \/>\nCITRO\u00cbN BX Familiar<br \/>\n1.9, A\u00f1o 06.1988 &#8211; 12.1994, 1905 ccm, 109 cv<br \/>\n1.9 4&#215;4, A\u00f1o 10.1990 &#8211; 05.1991, 1905 ccm, 109 cv<br \/>\nCITRO\u00cbN Berlingo \/ Berlingo First I Furgoneta (M)<br \/>\n1.4 bivalent, A\u00f1o 11.2002 &#8211; 12.2011, 1360 ccm, 65 cv<br \/>\n1.4 i bivalent, A\u00f1o 04.2003 &#8211; 10.2005, 1360 ccm, 75 cv<br \/>\nCITRO\u00cbN Berlingo \/ Berlingo First I (MF, GJK, GFK)<br \/>\n1.4 bivalent, A\u00f1o 11.2002 &#8211; 12.2011, 1360 ccm, 65 cv<br \/>\n1.4 i bivalent, A\u00f1o 04.2003 &#8211; 10.2008, 1360 ccm, 75 cv<br \/>\nCITRO\u00cbN Xsara (N1)<br \/>\n1.8 i 16V, A\u00f1o 04.1997 &#8211; 09.2000, 1761 ccm, 110 cv<br \/>\nCITRO\u00cbN XM II (Y4)<br \/>\n3.0 V6 (UFZ (ZPJ\/Z)), A\u00f1o 05.1994 &#8211; 10.2000, 2963 ccm, 167 cv<br \/>\n3.0 V6 24V, A\u00f1o 05.1994 &#8211; 10.2000, 2963 ccm, 200 cv<br \/>\nCITRO\u00cbN Xsara Coup\u00e9 (N0)<br \/>\n1.8 i 16V, A\u00f1o 02.1998 &#8211; 09.2000, 1761 ccm, 110 cv<\/p>\n<p>PEUGEOT 605 Berlina<br \/>\n3.0 SV 24, A\u00f1o 08.1989 &#8211; 09.1999, 2963 ccm, 200 cv<br \/>\nPEUGEOT 406<br \/>\n1.8 16V, A\u00f1o 11.1995 &#8211; 10.2000, 1761 ccm, 110 cv<br \/>\n1.8 16V, A\u00f1o 10.2000 &#8211; 05.2004, 1749 ccm, 116 cv<br \/>\nPEUGEOT Partner I Furgoneta<br \/>\n1.4 BiFuel, A\u00f1o 04.2003 &#8211; 10.2006, 1360 ccm, 75 cv<br \/>\nPEUGEOT Partner I Combispace<br \/>\n1.4, A\u00f1o 06.1996 &#8211; 12.2015, 1360 ccm, 75 cv<\/p>\n<p>HYUNDAI Accent I Hatchback (X-3)<br \/>\n1.3, A\u00f1o 10.1994 &#8211; 01.2000, 1341 ccm, 60 cv<br \/>\n1.3, A\u00f1o 10.1994 &#8211; 01.2000, 1341 ccm, 75 cv<br \/>\n1.3 i 12V, A\u00f1o 10.1994 &#8211; 01.2000, 1341 ccm, 84 cv<br \/>\n1.5 i 12V, A\u00f1o 10.1994 &#8211; 01.2000, 1495 ccm, 88 cv<br \/>\nHYUNDAI Lantra I Berlina (J-1)<br \/>\n1.5 i.e., A\u00f1o 10.1990 &#8211; 11.1995, 1468 ccm, 86 cv<br \/>\n1.6 i.e. 16V, A\u00f1o 10.1990 &#8211; 11.1995, 1596 ccm, 106 cv<br \/>\n1.6 i.e. 16V, A\u00f1o 10.1990 &#8211; 11.1995, 1596 ccm, 114 cv<br \/>\n1.8 i.e. 16V, A\u00f1o 10.1990 &#8211; 11.1995, 1836 ccm, 127 cv<br \/>\nHYUNDAI Pony Hatchback (X-2)<br \/>\n1.5 i, A\u00f1o 10.1989 &#8211; 01.1995, 1468 ccm, 83 cv<br \/>\n1.5 i, A\u00f1o 10.1989 &#8211; 01.1995, 1468 ccm, 84 cv<br \/>\nHYUNDAI Pony \/ Excel Berlina (X-2)<br \/>\n1.5, A\u00f1o 01.1990 &#8211; 01.1995, 1468 ccm, 72 cv<br \/>\n1.5 i, A\u00f1o 01.1990 &#8211; 01.1995, 1468 ccm, 83 cv<br \/>\n1.5 i, A\u00f1o 01.1990 &#8211; 01.1995, 1468 ccm, 84 cv<br \/>\nHYUNDAI S-Coup\u00e9 (SLC)<br \/>\n1.5 i, A\u00f1o 02.1990 &#8211; 05.1996, 1468 ccm, 84 cv<br \/>\n1.5 i, A\u00f1o 04.1992 &#8211; 05.1996, 1495 ccm, 88 cv<br \/>\nHYUNDAI Lantra II Familiar (J-2)<br \/>\n1.5 12V, A\u00f1o 04.1997 &#8211; 10.2000, 1495 ccm, 88 cv<br \/>\n1.6 16V, A\u00f1o 02.1996 &#8211; 10.2000, 1599 ccm, 114 cv<br \/>\n1.6 i, A\u00f1o 02.1996 &#8211; 10.2000, 1599 ccm, 90 cv<br \/>\n1.8 16V, A\u00f1o 02.1996 &#8211; 10.2000, 1795 ccm, 128 cv<br \/>\n2.0 16V, A\u00f1o 11.1995 &#8211; 10.2000, 1975 ccm, 139 cv<br \/>\nHYUNDAI Coupe I (RD)<br \/>\n1.6 i 16V, A\u00f1o 12.1996 &#8211; 04.2002, 1599 ccm, 114 cv<br \/>\n2.0 16V, A\u00f1o 08.1996 &#8211; 04.2002, 1975 ccm, 139 cv<br \/>\nHYUNDAI Lantra II Berlina (J-2)<br \/>\n1.5 12V, A\u00f1o 12.1996 &#8211; 09.2000, 1495 ccm, 88 cv<br \/>\n1.6 16V (G4GR), A\u00f1o 11.1995 &#8211; 09.2000, 1599 ccm, 114 cv<br \/>\n1.6 i, A\u00f1o 11.1995 &#8211; 09.2000, 1599 ccm, 90 cv<br \/>\n1.8 16V, A\u00f1o 11.1995 &#8211; 09.2000, 1795 ccm, 128 cv<br \/>\n2.0 16V, A\u00f1o 08.1996 &#8211; 09.2000, 1975 ccm, 139 cv<br \/>\nHYUNDAI Accent I Berlina (X-3)<br \/>\n1.3, A\u00f1o 10.1994 &#8211; 01.2000, 1341 ccm, 60 cv<br \/>\n1.3, A\u00f1o 10.1994 &#8211; 01.2000, 1341 ccm, 75 cv<br \/>\n1.3 i 12V, A\u00f1o 10.1994 &#8211; 01.2000, 1341 ccm, 84 cv<br \/>\n1.5 i 12V, A\u00f1o 10.1994 &#8211; 01.2000, 1495 ccm, 88 cv<\/p>\n<p>KIA Sephia I Berlina (FA)<br \/>\n1.5 i, A\u00f1o 02.1996 &#8211; 10.1997, 1498 ccm, 80 cv<br \/>\n1.8 i 16V, A\u00f1o 01.1995 &#8211; 10.1997, 1793 ccm, 112 cv<br \/>\nKIA Pride Hatchback (DA)<br \/>\n1.3, A\u00f1o 01.1990 &#8211; 10.2000, 1324 ccm, 60 cv<br \/>\n1.3, A\u00f1o 10.1996 &#8211; 05.2001, 1324 ccm, 64 cv<br \/>\n1.3, A\u00f1o 01.1990 &#8211; 09.2001, 1324 ccm, 72 cv<br \/>\nKIA Sephia I Hatchback (FA)<br \/>\n1.5 i, A\u00f1o 02.1996 &#8211; 10.1997, 1498 ccm, 80 cv<br \/>\n1.8 i 16V, A\u00f1o 01.1995 &#8211; 10.1997, 1793 ccm, 112 cv<br \/>\nKIA Shuma \/ Sephia II Berlina (FB)<br \/>\n1.5, A\u00f1o 03.1996 &#8211; 12.1998, 1498 ccm, 80 cv<br \/>\n1.5 i 16V, A\u00f1o 10.1997 &#8211; 10.2001, 1498 ccm, 88 cv<br \/>\nKIA Shuma I (FB)<br \/>\n1.5 i 16V, A\u00f1o 10.1997 &#8211; 03.2001, 1498 ccm, 88 cv<br \/>\n1.8 i 16V, A\u00f1o 10.1997 &#8211; 03.2001, 1793 ccm, 110 cv<br \/>\nKIA Pride Familiar (DA)<br \/>\n1.3, A\u00f1o 08.1999 &#8211; 05.2001, 1324 ccm, 64 cv<br \/>\nKIA Shuma II (FB)<br \/>\n1.6, A\u00f1o 05.2001 &#8211; 08.2004, 1594 ccm, 101 cv<br \/>\n1.8, A\u00f1o 04.2003 &#8211; 08.2004, 1793 ccm, 114 cv<br \/>\nKIA Avella (KBA1)<br \/>\n1.3, A\u00f1o 11.1995 &#8211; 12.2001, 1324 ccm, 75 cv<br \/>\n1.5, A\u00f1o 02.1997 &#8211; 12.2001, 1498 ccm, 75 cv<\/p>\n<p>LA PIEZA ES NUEVA Y ORIGINAL.<\/p>\n","protected":false},"excerpt":{"rendered":"<p>7696064 Sensor map, sensor de presi\u00f3n de colector de admisi\u00f3n de: FIAT Tempra (159) 1.6 i.e., A\u00f1o 06.1994 &#8211; 08.1996, 1581 ccm, 87 cv 1.6 i.e., A\u00f1o 06.1994 &#8211; 08.1996, 1581 ccm, 90 cv FIAT Punto I Hatchback (176) 1.6, A\u00f1o 01.1994 &#8211; 04.1997, 1581 ccm, 88 cv FIAT Punto I Cabrio (176) 1.6 90, [&hellip;]<\/p>\n","protected":false},"featured_media":70088,"template":"","meta":{"_seopress_robots_primary_cat":"","_seopress_titles_title":"","_seopress_titles_desc":"","_seopress_robots_index":""},"product_cat":[45,46,151,203,282,16,266,129,130,23,310,117,118,20,271,22,21,300,158,24,302,201,101,384,202,258,111,142,143],"product_tag":[],"class_list":{"0":"post-7149","1":"product","2":"type-product","3":"status-publish","4":"has-post-thumbnail","6":"product_cat-recambios-alfa-romeo-145","7":"product_cat-recambios-alfa-romeo-146","8":"product_cat-recambios-peugeot-406","9":"product_cat-recambios-peugeot-605","10":"product_cat-recambios-hyundai-accent","11":"product_cat-recambios-alfa-romeo","12":"product_cat-recambios-kia-avella","13":"product_cat-recambios-citroen-berlingo","14":"product_cat-recambios-citroen-bx","15":"product_cat-recambios-citroen","16":"product_cat-recambios-hyundai-coupe","17":"product_cat-recambios-lancia-dedra","18":"product_cat-recambios-lancia-delta","19":"product_cat-recambios-fiat","20":"product_cat-recambios-hyundai","21":"product_cat-recambios-kia","22":"product_cat-recambios-lancia","23":"product_cat-recambios-hyundai-lantra","24":"product_cat-recambios-peugeot-partner","25":"product_cat-recambios-peugeot","26":"product_cat-recambios-hyundai-pony","27":"product_cat-recambios-kia-pride","28":"product_cat-recambios-fiat-punto","29":"product_cat-recambios-hyundai-s","30":"product_cat-recambios-kia-sephia","31":"product_cat-recambios-kia-shuma","32":"product_cat-recambios-fiat-tempra","33":"product_cat-recambios-citroen-xm","34":"product_cat-recambios-citroen-xsara","36":"first","37":"outofstock","38":"taxable","39":"shipping-taxable","40":"purchasable","41":"product-type-simple"},"_links":{"self":[{"href":"https:\/\/galicianparts.com\/shop\/wp-json\/wp\/v2\/product\/7149"}],"collection":[{"href":"https:\/\/galicianparts.com\/shop\/wp-json\/wp\/v2\/product"}],"about":[{"href":"https:\/\/galicianparts.com\/shop\/wp-json\/wp\/v2\/types\/product"}],"wp:featuredmedia":[{"embeddable":true,"href":"https:\/\/galicianparts.com\/shop\/wp-json\/wp\/v2\/media\/70088"}],"wp:attachment":[{"href":"https:\/\/galicianparts.com\/shop\/wp-json\/wp\/v2\/media?parent=7149"}],"wp:term":[{"taxonomy":"product_cat","embeddable":true,"href":"https:\/\/galicianparts.com\/shop\/wp-json\/wp\/v2\/product_cat?post=7149"},{"taxonomy":"product_tag","embeddable":true,"href":"https:\/\/galicianparts.com\/shop\/wp-json\/wp\/v2\/product_tag?post=7149"}],"curies":[{"name":"wp","href":"https:\/\/api.w.org\/{rel}","templated":true}]}}