{"id":71576,"date":"2023-04-04T12:13:24","date_gmt":"2023-04-04T10:13:24","guid":{"rendered":"https:\/\/galicianparts.com\/shop\/producto\/7709963-tope-soporte-tubos-gasolina-fiat-uno-turbo-1989-1993-nuevo-original\/"},"modified":"2023-04-04T13:09:54","modified_gmt":"2023-04-04T11:09:54","slug":"7709963-tope-soporte-tubos-gasolina-fiat-uno-turbo-1989-1993-nuevo-original","status":"publish","type":"product","link":"https:\/\/galicianparts.com\/shop\/producto\/7709963-tope-soporte-tubos-gasolina-fiat-uno-turbo-1989-1993-nuevo-original\/","title":{"rendered":"7709963 Tope soporte tubos gasolina Fiat Uno Turbo (1989-1993) NUEVO ORIGINAL"},"content":{"rendered":"<p>Clip de anclaje de los manguitos del dep\u00f3sito de combustible de:<br \/>\nDi\u00e1metro tubo 1: 14 mm<br \/>\nDi\u00e1metro tubos 2: 8 mm<\/p>\n<p>FIAT &#8211; MT UNO TURBO R\/89 (1989-1993)<\/p>\n<p>LA PIEZA ES NUEVA Y ORIGINAL.<\/p>\n","protected":false},"excerpt":{"rendered":"<p>Clip de anclaje de los manguitos del dep\u00f3sito de combustible de: Di\u00e1metro tubo 1: 14 mm Di\u00e1metro tubos 2: 8 mm FIAT &#8211; MT UNO TURBO R\/89 (1989-1993) LA PIEZA ES NUEVA Y ORIGINAL.<\/p>\n","protected":false},"featured_media":71577,"template":"","meta":{"_seopress_robots_primary_cat":"","_seopress_titles_title":"","_seopress_titles_desc":"","_seopress_robots_index":""},"product_cat":[20,114],"product_tag":[],"class_list":{"0":"post-71576","1":"product","2":"type-product","3":"status-publish","4":"has-post-thumbnail","6":"product_cat-recambios-fiat","7":"product_cat-recambios-fiat-uno","9":"first","10":"instock","11":"taxable","12":"shipping-taxable","13":"purchasable","14":"product-type-simple"},"_links":{"self":[{"href":"https:\/\/galicianparts.com\/shop\/wp-json\/wp\/v2\/product\/71576"}],"collection":[{"href":"https:\/\/galicianparts.com\/shop\/wp-json\/wp\/v2\/product"}],"about":[{"href":"https:\/\/galicianparts.com\/shop\/wp-json\/wp\/v2\/types\/product"}],"wp:featuredmedia":[{"embeddable":true,"href":"https:\/\/galicianparts.com\/shop\/wp-json\/wp\/v2\/media\/71577"}],"wp:attachment":[{"href":"https:\/\/galicianparts.com\/shop\/wp-json\/wp\/v2\/media?parent=71576"}],"wp:term":[{"taxonomy":"product_cat","embeddable":true,"href":"https:\/\/galicianparts.com\/shop\/wp-json\/wp\/v2\/product_cat?post=71576"},{"taxonomy":"product_tag","embeddable":true,"href":"https:\/\/galicianparts.com\/shop\/wp-json\/wp\/v2\/product_tag?post=71576"}],"curies":[{"name":"wp","href":"https:\/\/api.w.org\/{rel}","templated":true}]}}