{"id":71612,"date":"2023-04-04T17:24:39","date_gmt":"2023-04-04T15:24:39","guid":{"rendered":"https:\/\/galicianparts.com\/shop\/producto\/4298929-junta-termostato-m-900cc-fiat-127-panda-seat-fura-autobianchi-a112-original\/"},"modified":"2023-12-15T10:30:43","modified_gmt":"2023-12-15T08:30:43","slug":"4298929-junta-termostato-m-900cc-fiat-127-panda-seat-fura-autobianchi-a112-original","status":"publish","type":"product","link":"https:\/\/galicianparts.com\/shop\/producto\/4298929-junta-termostato-m-900cc-fiat-127-panda-seat-fura-autobianchi-a112-original\/","title":{"rendered":"4298929 Junta termostato M 900cc Fiat 127 \/Panda \/Seat Fura \/Autobianchi A112 ORIGINAL"},"content":{"rendered":"<p>Junta de la tapa del termostato de refrigeraci\u00f3n del motor de:<br \/>\nFIAT 127 Hatchback (127)<br \/>\n0.9, A\u00f1o 06.1971 &#8211; 05.1983, 903 , 40<br \/>\n0.9, A\u00f1o 06.1971 &#8211; 12.1986, 903 , 45<br \/>\nFIAT Panda 45 (141)<br \/>\n0.8, A\u00f1o 02.1981 &#8211; 12.1985, 837 , 34<br \/>\n1.0, A\u00f1o 09.1982 &#8211; 08.1983, 965 , 48<br \/>\n1.0 4&#215;4, A\u00f1o 09.1983 &#8211; 12.1986, 965 , 48<br \/>\nFIAT Fiorino Furg\u00f3n (127)<br \/>\n0.9, A\u00f1o 10.1977 &#8211; 10.1986, 903 , 45<\/p>\n<p>SEAT Ronda (022A)<br \/>\n1.4, A\u00f1o 06.1982 &#8211; 11.1988, 1438 , 73<br \/>\nSEAT Fura (025A)<br \/>\n0.9, A\u00f1o 03.1984 &#8211; 12.1986, 903 , 40<br \/>\n0.9, A\u00f1o 01.1982 &#8211; 06.1986, 903 , 43<br \/>\n0.9, A\u00f1o 01.1982 &#8211; 06.1986, 903 , 45<br \/>\n1.4, A\u00f1o 01.1982 &#8211; 06.1986, 1438 , 75<\/p>\n<p>AUTOBIANCHI A 112<br \/>\n0.9, A\u00f1o 01.1976 &#8211; 12.1978, 903 , 45<br \/>\n0.9 E, A\u00f1o 01.1973 &#8211; 12.1977, 903 , 47<\/p>\n<p>LA PIEZA ES NUEVA Y ORIGINAL.<\/p>\n","protected":false},"excerpt":{"rendered":"<p>Junta de la tapa del termostato de refrigeraci\u00f3n del motor de: FIAT 127 Hatchback (127) 0.9, A\u00f1o 06.1971 &#8211; 05.1983, 903 , 40 0.9, A\u00f1o 06.1971 &#8211; 12.1986, 903 , 45 FIAT Panda 45 (141) 0.8, A\u00f1o 02.1981 &#8211; 12.1985, 837 , 34 1.0, A\u00f1o 09.1982 &#8211; 08.1983, 965 , 48 1.0 4&#215;4, A\u00f1o 09.1983 [&hellip;]<\/p>\n","protected":false},"featured_media":71613,"template":"","meta":{"_seopress_robots_primary_cat":"","_seopress_titles_title":"","_seopress_titles_desc":"","_seopress_robots_index":""},"product_cat":[68,63,25,20,91,208,99,165,26],"product_tag":[],"class_list":{"0":"post-71612","1":"product","2":"type-product","3":"status-publish","4":"has-post-thumbnail","6":"product_cat-recambios-fiat-127","7":"product_cat-recambios-autobianchi-a112","8":"product_cat-recambios-autobianchi","9":"product_cat-recambios-fiat","10":"product_cat-recambios-fiat-fiorino","11":"product_cat-recambios-seat-fura","12":"product_cat-recambios-fiat-panda","13":"product_cat-recambios-seat-ronda","14":"product_cat-recambios-seat","16":"first","17":"instock","18":"taxable","19":"shipping-taxable","20":"purchasable","21":"product-type-simple"},"_links":{"self":[{"href":"https:\/\/galicianparts.com\/shop\/wp-json\/wp\/v2\/product\/71612"}],"collection":[{"href":"https:\/\/galicianparts.com\/shop\/wp-json\/wp\/v2\/product"}],"about":[{"href":"https:\/\/galicianparts.com\/shop\/wp-json\/wp\/v2\/types\/product"}],"wp:featuredmedia":[{"embeddable":true,"href":"https:\/\/galicianparts.com\/shop\/wp-json\/wp\/v2\/media\/71613"}],"wp:attachment":[{"href":"https:\/\/galicianparts.com\/shop\/wp-json\/wp\/v2\/media?parent=71612"}],"wp:term":[{"taxonomy":"product_cat","embeddable":true,"href":"https:\/\/galicianparts.com\/shop\/wp-json\/wp\/v2\/product_cat?post=71612"},{"taxonomy":"product_tag","embeddable":true,"href":"https:\/\/galicianparts.com\/shop\/wp-json\/wp\/v2\/product_tag?post=71612"}],"curies":[{"name":"wp","href":"https:\/\/api.w.org\/{rel}","templated":true}]}}