{"id":71679,"date":"2023-04-05T11:08:08","date_gmt":"2023-04-05T09:08:08","guid":{"rendered":"https:\/\/galicianparts.com\/shop\/producto\/51775259-cableado-electrico-puerta-izq-fiat-grande-punto-5p-2005-2009-nuevo-original\/"},"modified":"2023-05-02T11:03:20","modified_gmt":"2023-05-02T09:03:20","slug":"51775259-cableado-electrico-puerta-izq-fiat-grande-punto-5p-2005-2009-nuevo-original","status":"publish","type":"product","link":"https:\/\/galicianparts.com\/shop\/producto\/51775259-cableado-electrico-puerta-izq-fiat-grande-punto-5p-2005-2009-nuevo-original\/","title":{"rendered":"51775259 Cableado el\u00e9ctrico puerta izq Fiat Grande Punto 5p (2005-2009) NUEVO ORIGINAL"},"content":{"rendered":"<p>Instalaci\u00f3n el\u00e9ctrica de la puerta delantera izquierda para modelos con elevalunas el\u00e9ctrico trasero de:<br \/>\nFIAT &#8211; 2Y GRANDE PUNTO (2005-2008) 5 PUERTAS \/ ELEVALUNAS EL\u00c9CTRICO TRASERO \/ ACTIVE \/ DYNAMIC \/ EMOTION \/ SPORT<br \/>\nFIAT &#8211; 4C GRANDE PUNTO (2008-2009) 4 PUERTAS \/ ELEVALUNAS EL\u00c9CTRICOS TRASEROS \/ ACTIVE \/ DYNAMIC \/ EMOTION \/ SPORT<\/p>\n<p>LA PIEZA ES NUEVA Y ORIGINAL.<\/p>\n","protected":false},"excerpt":{"rendered":"<p>Instalaci\u00f3n el\u00e9ctrica de la puerta delantera izquierda para modelos con elevalunas el\u00e9ctrico trasero de: FIAT &#8211; 2Y GRANDE PUNTO (2005-2008) 5 PUERTAS \/ ELEVALUNAS EL\u00c9CTRICO TRASERO \/ ACTIVE \/ DYNAMIC \/ EMOTION \/ SPORT FIAT &#8211; 4C GRANDE PUNTO (2008-2009) 4 PUERTAS \/ ELEVALUNAS EL\u00c9CTRICOS TRASEROS \/ ACTIVE \/ DYNAMIC \/ EMOTION \/ SPORT LA [&hellip;]<\/p>\n","protected":false},"featured_media":71684,"template":"","meta":{"_seopress_robots_primary_cat":"","_seopress_titles_title":"","_seopress_titles_desc":"","_seopress_robots_index":""},"product_cat":[20,92],"product_tag":[],"class_list":{"0":"post-71679","1":"product","2":"type-product","3":"status-publish","4":"has-post-thumbnail","6":"product_cat-recambios-fiat","7":"product_cat-recambios-fiat-grande-punto","9":"first","10":"outofstock","11":"taxable","12":"shipping-taxable","13":"purchasable","14":"product-type-simple"},"_links":{"self":[{"href":"https:\/\/galicianparts.com\/shop\/wp-json\/wp\/v2\/product\/71679"}],"collection":[{"href":"https:\/\/galicianparts.com\/shop\/wp-json\/wp\/v2\/product"}],"about":[{"href":"https:\/\/galicianparts.com\/shop\/wp-json\/wp\/v2\/types\/product"}],"wp:featuredmedia":[{"embeddable":true,"href":"https:\/\/galicianparts.com\/shop\/wp-json\/wp\/v2\/media\/71684"}],"wp:attachment":[{"href":"https:\/\/galicianparts.com\/shop\/wp-json\/wp\/v2\/media?parent=71679"}],"wp:term":[{"taxonomy":"product_cat","embeddable":true,"href":"https:\/\/galicianparts.com\/shop\/wp-json\/wp\/v2\/product_cat?post=71679"},{"taxonomy":"product_tag","embeddable":true,"href":"https:\/\/galicianparts.com\/shop\/wp-json\/wp\/v2\/product_tag?post=71679"}],"curies":[{"name":"wp","href":"https:\/\/api.w.org\/{rel}","templated":true}]}}