{"id":71686,"date":"2023-04-05T11:26:49","date_gmt":"2023-04-05T09:26:49","guid":{"rendered":"https:\/\/galicianparts.com\/shop\/producto\/5891297-junta-culata-esp-180-m-1-7d-fiat-regata-seat-ritmo-malaga-ibiza-ronda-nuevo-original\/"},"modified":"2023-04-05T11:27:56","modified_gmt":"2023-04-05T09:27:56","slug":"5891297-junta-culata-esp-180-m-1-7d-fiat-regata-seat-ritmo-malaga-ibiza-ronda-nuevo-original","status":"publish","type":"product","link":"https:\/\/galicianparts.com\/shop\/producto\/5891297-junta-culata-esp-180-m-1-7d-fiat-regata-seat-ritmo-malaga-ibiza-ronda-nuevo-original\/","title":{"rendered":"5891297 Junta culata esp. 1,80 M 1.7D Fiat Regata \/Seat Ritmo \/Malaga \/Ibiza \/Ronda NUEVO ORIGINAL"},"content":{"rendered":"<p>Junta de la culata del motor de:<br \/>\nEspesor: 1,80 mm<\/p>\n<p>FIAT Regata Berlina (138)<br \/>\n1.7 Di\u00e9sel 60, A\u00f1o 09.1983 &#8211; 12.1986, 1714 , 58<br \/>\nFIAT Ritmo I Hatchback (138)<br \/>\n1.7 Di\u00e9sel 55, A\u00f1o 10.1979 &#8211; 09.1982, 1714 , 55<\/p>\n<p>SEAT Ronda (022A)<br \/>\n1.7 Di\u00e9sel, A\u00f1o 06.1982 &#8211; 12.1986, 1714 , 54<br \/>\n1.7 Di\u00e9sel, A\u00f1o 06.1982 &#8211; 12.1986, 1714 , 56<br \/>\nSEAT Malaga (023A)<br \/>\n1.7 D, A\u00f1o 05.1985 &#8211; 12.1993, 1714 , 54<br \/>\n1.7 D, A\u00f1o 05.1990 &#8211; 12.1993, 1714 , 57<br \/>\nSEAT Ibiza I Hatchback (021A)<br \/>\n1.7 D, A\u00f1o 06.1984 &#8211; 05.1993, 1714 , 54<br \/>\n1.7 D, A\u00f1o 08.1990 &#8211; 05.1993, 1714 , 57<br \/>\nSEAT Ritmo (138)<br \/>\n1.7 D, A\u00f1o 10.1979 &#8211; 09.1983, 1714 , 56<\/p>\n<p>LA PIEZA ES NUEVA Y ORIGINAL.<\/p>\n","protected":false},"excerpt":{"rendered":"<p>Junta de la culata del motor de: Espesor: 1,80 mm FIAT Regata Berlina (138) 1.7 Di\u00e9sel 60, A\u00f1o 09.1983 &#8211; 12.1986, 1714 , 58 FIAT Ritmo I Hatchback (138) 1.7 Di\u00e9sel 55, A\u00f1o 10.1979 &#8211; 09.1982, 1714 , 55 SEAT Ronda (022A) 1.7 Di\u00e9sel, A\u00f1o 06.1982 &#8211; 12.1986, 1714 , 54 1.7 Di\u00e9sel, A\u00f1o 06.1982 [&hellip;]<\/p>\n","protected":false},"featured_media":71687,"template":"","meta":{"_seopress_robots_primary_cat":"","_seopress_titles_title":"","_seopress_titles_desc":"","_seopress_robots_index":""},"product_cat":[20,162,164,102,198,103,165,26],"product_tag":[],"class_list":{"0":"post-71686","1":"product","2":"type-product","3":"status-publish","4":"has-post-thumbnail","6":"product_cat-recambios-fiat","7":"product_cat-recambios-seat-ibiza","8":"product_cat-recambios-seat-malaga","9":"product_cat-recambios-fiat-regata","10":"product_cat-recambios-seat-ritmo","11":"product_cat-recambios-fiat-ritmo","12":"product_cat-recambios-seat-ronda","13":"product_cat-recambios-seat","15":"first","16":"instock","17":"taxable","18":"shipping-taxable","19":"purchasable","20":"product-type-simple"},"_links":{"self":[{"href":"https:\/\/galicianparts.com\/shop\/wp-json\/wp\/v2\/product\/71686"}],"collection":[{"href":"https:\/\/galicianparts.com\/shop\/wp-json\/wp\/v2\/product"}],"about":[{"href":"https:\/\/galicianparts.com\/shop\/wp-json\/wp\/v2\/types\/product"}],"wp:featuredmedia":[{"embeddable":true,"href":"https:\/\/galicianparts.com\/shop\/wp-json\/wp\/v2\/media\/71687"}],"wp:attachment":[{"href":"https:\/\/galicianparts.com\/shop\/wp-json\/wp\/v2\/media?parent=71686"}],"wp:term":[{"taxonomy":"product_cat","embeddable":true,"href":"https:\/\/galicianparts.com\/shop\/wp-json\/wp\/v2\/product_cat?post=71686"},{"taxonomy":"product_tag","embeddable":true,"href":"https:\/\/galicianparts.com\/shop\/wp-json\/wp\/v2\/product_tag?post=71686"}],"curies":[{"name":"wp","href":"https:\/\/api.w.org\/{rel}","templated":true}]}}