{"id":71722,"date":"2023-04-05T18:04:27","date_gmt":"2023-04-05T16:04:27","guid":{"rendered":"https:\/\/galicianparts.com\/shop\/producto\/4102856-tirante-barra-varillaje-fiat-850-127-128-x1-9-nuevo-original\/"},"modified":"2026-02-17T18:59:21","modified_gmt":"2026-02-17T16:59:21","slug":"4102856-tirante-barra-varillaje-fiat-850-127-128-x1-9-nuevo-original","status":"publish","type":"product","link":"https:\/\/galicianparts.com\/shop\/producto\/4102856-tirante-barra-varillaje-fiat-850-127-128-x1-9-nuevo-original\/","title":{"rendered":"4102856 Tirante barra varillaje Fiat 850 \/127 \/128 \/ X1\/9 NUEVO ORIGINAL"},"content":{"rendered":"<p>4102856 Anclaje de la varilla del selector de la palanca del cambio de:<br \/>\nLargo: 180mm<\/p>\n<p>Fiat X1\/9 1300 \/ 1500 4 Velocidades<br \/>\nFIAT 850 Coup\u00e9 (100)<br \/>\n0.9 Sport, A\u00f1o 02.1968 &#8211; 10.1972, 903 , 52<br \/>\nFIAT 127 (127)<br \/>\n0.9, A\u00f1o 06.1971 &#8211; 05.1983, 903 , 40<br \/>\nFIAT 128 Coup\u00e9 (128)<br \/>\n1.1, A\u00f1o 03.1972 &#8211; 02.1981, 1116 , 64<br \/>\n1.1, A\u00f1o 08.1975 &#8211; 02.1981, 1116 , 65<br \/>\n1.3, A\u00f1o 03.1972 &#8211; 12.1979, 1290 , 75<br \/>\n1.3 Berlinetta, A\u00f1o 06.1975 &#8211; 12.1979, 1290 , 73<br \/>\nFIAT 128 Berlina (128)<br \/>\n1.1, A\u00f1o 02.1975 &#8211; 09.1981, 1116 , 45<br \/>\n1.1, A\u00f1o 03.1969 &#8211; 12.1984, 1116 , 55<br \/>\n1.3 Rally, A\u00f1o 09.1971 &#8211; 02.1976, 1290 , 67<br \/>\n1.3 Sport, A\u00f1o 08.1974 &#8211; 12.1984, 1290 , 60<br \/>\nFIAT 128 Familiare (128)<br \/>\n1.1, A\u00f1o 02.1975 &#8211; 02.1981, 1116 , 45<br \/>\n1.1, A\u00f1o 10.1969 &#8211; 10.1982, 1116 , 55<br \/>\nFIAT 850 Spider<br \/>\n0.8, A\u00f1o 10.1965 &#8211; 10.1968, 843 , 49<br \/>\n0.9 Sport, A\u00f1o 03.1968 &#8211; 12.1972, 903 , 52<br \/>\nFIAT 850 Berlina<br \/>\n0.8 Special, A\u00f1o 03.1968 &#8211; 10.1972, 843 , 48<br \/>\nFIAT Fiorino Pick-up (147)<br \/>\n1.0, A\u00f1o 06.1982 &#8211; 10.1987, 1036 , 50<br \/>\nFIAT 147<br \/>\n1.0, A\u00f1o 10.1976 &#8211; 12.1995, 1049 , 50<br \/>\nFIAT 147 Panorama<br \/>\n1.3 D, A\u00f1o 07.1982 &#8211; 07.1983, 1301 , 45<\/p>\n<p>LA PIEZA ES NUEVA Y ORIGINAL.<\/p>\n","protected":false},"excerpt":{"rendered":"<p>4102856 Anclaje de la varilla del selector de la palanca del cambio de: Largo: 180mm Fiat X1\/9 1300 \/ 1500 4 Velocidades FIAT 850 Coup\u00e9 (100) 0.9 Sport, A\u00f1o 02.1968 &#8211; 10.1972, 903 , 52 FIAT 127 (127) 0.9, A\u00f1o 06.1971 &#8211; 05.1983, 903 , 40 FIAT 128 Coup\u00e9 (128) 1.1, A\u00f1o 03.1972 &#8211; 02.1981, [&hellip;]<\/p>\n","protected":false},"featured_media":71723,"template":"","meta":{"_seopress_robots_primary_cat":"","_seopress_titles_title":"","_seopress_titles_desc":"","_seopress_robots_index":""},"product_cat":[68,69,222,76,20,91,206],"product_tag":[],"class_list":{"0":"post-71722","1":"product","2":"type-product","3":"status-publish","4":"has-post-thumbnail","6":"product_cat-recambios-fiat-127","7":"product_cat-recambios-fiat-128","8":"product_cat-recambios-fiat-147","9":"product_cat-recambios-fiat-850","10":"product_cat-recambios-fiat","11":"product_cat-recambios-fiat-fiorino","12":"product_cat-recambios-fiat-x1-9","14":"first","15":"instock","16":"taxable","17":"shipping-taxable","18":"purchasable","19":"product-type-simple"},"_links":{"self":[{"href":"https:\/\/galicianparts.com\/shop\/wp-json\/wp\/v2\/product\/71722"}],"collection":[{"href":"https:\/\/galicianparts.com\/shop\/wp-json\/wp\/v2\/product"}],"about":[{"href":"https:\/\/galicianparts.com\/shop\/wp-json\/wp\/v2\/types\/product"}],"wp:featuredmedia":[{"embeddable":true,"href":"https:\/\/galicianparts.com\/shop\/wp-json\/wp\/v2\/media\/71723"}],"wp:attachment":[{"href":"https:\/\/galicianparts.com\/shop\/wp-json\/wp\/v2\/media?parent=71722"}],"wp:term":[{"taxonomy":"product_cat","embeddable":true,"href":"https:\/\/galicianparts.com\/shop\/wp-json\/wp\/v2\/product_cat?post=71722"},{"taxonomy":"product_tag","embeddable":true,"href":"https:\/\/galicianparts.com\/shop\/wp-json\/wp\/v2\/product_tag?post=71722"}],"curies":[{"name":"wp","href":"https:\/\/api.w.org\/{rel}","templated":true}]}}