{"id":72059,"date":"2023-04-13T11:38:34","date_gmt":"2023-04-13T09:38:34","guid":{"rendered":"https:\/\/galicianparts.com\/shop\/producto\/10903921-pack-2-tornillos-m6-tapa-distribucion-lancia-kappa-3-0-v6-1994-2001-original\/"},"modified":"2023-04-13T11:42:19","modified_gmt":"2023-04-13T09:42:19","slug":"10903921-pack-2-tornillos-m6-tapa-distribucion-lancia-kappa-3-0-v6-1994-2001-original","status":"publish","type":"product","link":"https:\/\/galicianparts.com\/shop\/producto\/10903921-pack-2-tornillos-m6-tapa-distribucion-lancia-kappa-3-0-v6-1994-2001-original\/","title":{"rendered":"10903921 Pack 2 tornillos M6 tapa distribuci\u00f3n Lancia Kappa 3.0 V6 (1994-2001) ORIGINAL"},"content":{"rendered":"<p>Juego, set de 2 tornillos de la tapa de protecci\u00f3n de la correa dentada de la distribuci\u00f3n de:<br \/>\nM\u00e9trica: 6<br \/>\nLargo: 65 mm<\/p>\n<p>LANCIA &#8211; SS KAPPA  3.0 V6 (1994-2001)<\/p>\n<p>LA PIEZA ES NUEVA Y ORIGINAL.<\/p>\n","protected":false},"excerpt":{"rendered":"<p>Juego, set de 2 tornillos de la tapa de protecci\u00f3n de la correa dentada de la distribuci\u00f3n de: M\u00e9trica: 6 Largo: 65 mm LANCIA &#8211; SS KAPPA 3.0 V6 (1994-2001) LA PIEZA ES NUEVA Y ORIGINAL.<\/p>\n","protected":false},"featured_media":72063,"template":"","meta":{"_seopress_robots_primary_cat":"","_seopress_titles_title":"","_seopress_titles_desc":"","_seopress_robots_index":""},"product_cat":[119,21],"product_tag":[],"class_list":{"0":"post-72059","1":"product","2":"type-product","3":"status-publish","4":"has-post-thumbnail","6":"product_cat-recambios-lancia-kappa","7":"product_cat-recambios-lancia","9":"first","10":"instock","11":"taxable","12":"shipping-taxable","13":"purchasable","14":"product-type-simple"},"_links":{"self":[{"href":"https:\/\/galicianparts.com\/shop\/wp-json\/wp\/v2\/product\/72059"}],"collection":[{"href":"https:\/\/galicianparts.com\/shop\/wp-json\/wp\/v2\/product"}],"about":[{"href":"https:\/\/galicianparts.com\/shop\/wp-json\/wp\/v2\/types\/product"}],"wp:featuredmedia":[{"embeddable":true,"href":"https:\/\/galicianparts.com\/shop\/wp-json\/wp\/v2\/media\/72063"}],"wp:attachment":[{"href":"https:\/\/galicianparts.com\/shop\/wp-json\/wp\/v2\/media?parent=72059"}],"wp:term":[{"taxonomy":"product_cat","embeddable":true,"href":"https:\/\/galicianparts.com\/shop\/wp-json\/wp\/v2\/product_cat?post=72059"},{"taxonomy":"product_tag","embeddable":true,"href":"https:\/\/galicianparts.com\/shop\/wp-json\/wp\/v2\/product_tag?post=72059"}],"curies":[{"name":"wp","href":"https:\/\/api.w.org\/{rel}","templated":true}]}}