{"id":72116,"date":"2023-04-13T19:15:51","date_gmt":"2023-04-13T17:15:51","guid":{"rendered":"https:\/\/galicianparts.com\/shop\/producto\/4397918-interruptor-ventilador-calefaccion-fiat-124-dino-238-nuevo-original\/"},"modified":"2023-07-04T08:34:18","modified_gmt":"2023-07-04T06:34:18","slug":"4397918-interruptor-ventilador-calefaccion-fiat-124-dino-238-nuevo-original","status":"publish","type":"product","link":"https:\/\/galicianparts.com\/shop\/producto\/4397918-interruptor-ventilador-calefaccion-fiat-124-dino-238-nuevo-original\/","title":{"rendered":"4397918 Interruptor ventilador calefacci\u00f3n Fiat 124 \/Dino \/238 NUEVO ORIGINAL"},"content":{"rendered":"<p>Bot\u00f3n color gris de tres posiciones del ventilador del m\u00f3dulo de la calefacci\u00f3n de:<br \/>\nFIAT 124 SPIDER \/ COUPE<br \/>\nFIAT 238<br \/>\nFIAT DINO<\/p>\n<p>LA PIEZA ES NUEVA Y ORIGINAL.<\/p>\n","protected":false},"excerpt":{"rendered":"<p>Bot\u00f3n color gris de tres posiciones del ventilador del m\u00f3dulo de la calefacci\u00f3n de: FIAT 124 SPIDER \/ COUPE FIAT 238 FIAT DINO LA PIEZA ES NUEVA Y ORIGINAL.<\/p>\n","protected":false},"featured_media":72117,"template":"","meta":{"_seopress_robots_primary_cat":"","_seopress_titles_title":"","_seopress_titles_desc":"","_seopress_robots_index":""},"product_cat":[65,209,170,20],"product_tag":[],"class_list":{"0":"post-72116","1":"product","2":"type-product","3":"status-publish","4":"has-post-thumbnail","6":"product_cat-recambios-fiat-124","7":"product_cat-recambios-fiat-238","8":"product_cat-recambios-fiat-dino","9":"product_cat-recambios-fiat","11":"first","12":"outofstock","13":"taxable","14":"shipping-taxable","15":"purchasable","16":"product-type-simple"},"_links":{"self":[{"href":"https:\/\/galicianparts.com\/shop\/wp-json\/wp\/v2\/product\/72116"}],"collection":[{"href":"https:\/\/galicianparts.com\/shop\/wp-json\/wp\/v2\/product"}],"about":[{"href":"https:\/\/galicianparts.com\/shop\/wp-json\/wp\/v2\/types\/product"}],"wp:featuredmedia":[{"embeddable":true,"href":"https:\/\/galicianparts.com\/shop\/wp-json\/wp\/v2\/media\/72117"}],"wp:attachment":[{"href":"https:\/\/galicianparts.com\/shop\/wp-json\/wp\/v2\/media?parent=72116"}],"wp:term":[{"taxonomy":"product_cat","embeddable":true,"href":"https:\/\/galicianparts.com\/shop\/wp-json\/wp\/v2\/product_cat?post=72116"},{"taxonomy":"product_tag","embeddable":true,"href":"https:\/\/galicianparts.com\/shop\/wp-json\/wp\/v2\/product_tag?post=72116"}],"curies":[{"name":"wp","href":"https:\/\/api.w.org\/{rel}","templated":true}]}}