{"id":7212,"date":"2020-10-29T12:54:55","date_gmt":"2020-10-29T10:54:55","guid":{"rendered":"https:\/\/galicianparts.com\/shop\/producto\/5996615-valvula-escape-fiat-ritmo-regata-1-7-d-nueva-original\/"},"modified":"2025-08-08T10:40:19","modified_gmt":"2025-08-08T08:40:19","slug":"5996615-valvula-escape-fiat-ritmo-regata-1-7-d-nueva-original","status":"publish","type":"product","link":"https:\/\/galicianparts.com\/shop\/producto\/5996615-valvula-escape-fiat-ritmo-regata-1-7-d-nueva-original\/","title":{"rendered":"5996615 V\u00e1lvula escape motor 1.7 D Fiat Ritmo \/Regata NUEVA ORIGINAL"},"content":{"rendered":"<p>V\u00e1lvula de escape del motor 138 B6.000 de:<br \/>\nDi\u00e1metro plato: 33.4mm<br \/>\nDi\u00e1metro v\u00e1stago: 8mm<br \/>\nLongitud: 126mm<\/p>\n<p>FIAT &#8211; REGATA 1.714CC DIESEL<br \/>\nFIAT &#8211; RITMO 1.714CC DIESEL<\/p>\n<p>LA PIEZA ES NUEVA Y ORIGINAL.<\/p>\n","protected":false},"excerpt":{"rendered":"<p>V\u00e1lvula de escape del motor 138 B6.000 de: Di\u00e1metro plato: 33.4mm Di\u00e1metro v\u00e1stago: 8mm Longitud: 126mm FIAT &#8211; REGATA 1.714CC DIESEL FIAT &#8211; RITMO 1.714CC DIESEL LA PIEZA ES NUEVA Y ORIGINAL.<\/p>\n","protected":false},"featured_media":99198,"template":"","meta":{"_seopress_robots_primary_cat":"","_seopress_titles_title":"","_seopress_titles_desc":"","_seopress_robots_index":""},"product_cat":[20,102,103],"product_tag":[],"class_list":{"0":"post-7212","1":"product","2":"type-product","3":"status-publish","4":"has-post-thumbnail","6":"product_cat-recambios-fiat","7":"product_cat-recambios-fiat-regata","8":"product_cat-recambios-fiat-ritmo","10":"first","11":"instock","12":"taxable","13":"shipping-taxable","14":"purchasable","15":"product-type-simple"},"_links":{"self":[{"href":"https:\/\/galicianparts.com\/shop\/wp-json\/wp\/v2\/product\/7212"}],"collection":[{"href":"https:\/\/galicianparts.com\/shop\/wp-json\/wp\/v2\/product"}],"about":[{"href":"https:\/\/galicianparts.com\/shop\/wp-json\/wp\/v2\/types\/product"}],"wp:featuredmedia":[{"embeddable":true,"href":"https:\/\/galicianparts.com\/shop\/wp-json\/wp\/v2\/media\/99198"}],"wp:attachment":[{"href":"https:\/\/galicianparts.com\/shop\/wp-json\/wp\/v2\/media?parent=7212"}],"wp:term":[{"taxonomy":"product_cat","embeddable":true,"href":"https:\/\/galicianparts.com\/shop\/wp-json\/wp\/v2\/product_cat?post=7212"},{"taxonomy":"product_tag","embeddable":true,"href":"https:\/\/galicianparts.com\/shop\/wp-json\/wp\/v2\/product_tag?post=7212"}],"curies":[{"name":"wp","href":"https:\/\/api.w.org\/{rel}","templated":true}]}}