{"id":72150,"date":"2023-04-14T09:35:56","date_gmt":"2023-04-14T07:35:56","guid":{"rendered":"https:\/\/galicianparts.com\/shop\/producto\/82454913-embellecedor-luces-matricula-lancia-dedra-1989-1999-nuevo-original\/"},"modified":"2023-04-14T09:37:48","modified_gmt":"2023-04-14T07:37:48","slug":"82454913-embellecedor-luces-matricula-lancia-dedra-1989-1999-nuevo-original","status":"publish","type":"product","link":"https:\/\/galicianparts.com\/shop\/producto\/82454913-embellecedor-luces-matricula-lancia-dedra-1989-1999-nuevo-original\/","title":{"rendered":"82454913 Embellecedor luces matr\u00edcula Lancia Dedra (1989-1999) NUEVO ORIGINAL"},"content":{"rendered":"<p>Moldura de las luces de la matr\u00edcula del port\u00f3n del maletero de:<br \/>\nLANCIA &#8211; SL DEDRA FL.94 1580-1750 8\/16V 2000 (1994-1999) BN. LE \/ BN. LS \/ BN. &#8217;98<br \/>\nLANCIA &#8211; SL DEDRA FL.94 1580-1750 8\/16V 2000 (1994-1999) S.W. LE \/ S.W. LS \/ S.W. &#8217;98<br \/>\nLANCIA &#8211; SM DEDRA FL.94 1750-2.0 (1994-1999) SEDAN LE 4X2 \/ SEDAN LX 4X2 \/ BN LS 4X2 \/ BN. &#8217;98<br \/>\nLANCIA &#8211; SM DEDRA FL.94 1750-2.0 (1994-1999) S.W. LS 4X2 \/ S.W. LX 4X2 \/ S.W. LS 4X4 \/ S.W. &#8217;98<br \/>\nLANCIA &#8211; SN DEDRA FL.94 T.DS (1994-1999) BN. LE \/ BN. LS \/ BN. &#8217;98<br \/>\nLANCIA &#8211; SN DEDRA FL.94 T.DS (1994-1999) S.W. LE \/ S.W. LS \/ S.W. &#8217;98<br \/>\nLANCIA &#8211; RJ DEDRA IE.TB.INTEGRALE (1990-1994)<br \/>\nLANCIA &#8211; RZ DEDRA TURBO DIESEL (1989-1994)<\/p>\n<p>LA PIEZA ES NUEVA Y ORIGINAL.<\/p>\n","protected":false},"excerpt":{"rendered":"<p>Moldura de las luces de la matr\u00edcula del port\u00f3n del maletero de: LANCIA &#8211; SL DEDRA FL.94 1580-1750 8\/16V 2000 (1994-1999) BN. LE \/ BN. LS \/ BN. &#8217;98 LANCIA &#8211; SL DEDRA FL.94 1580-1750 8\/16V 2000 (1994-1999) S.W. LE \/ S.W. LS \/ S.W. &#8217;98 LANCIA &#8211; SM DEDRA FL.94 1750-2.0 (1994-1999) SEDAN LE [&hellip;]<\/p>\n","protected":false},"featured_media":72155,"template":"","meta":{"_seopress_robots_primary_cat":"","_seopress_titles_title":"","_seopress_titles_desc":"","_seopress_robots_index":""},"product_cat":[117,21],"product_tag":[],"class_list":{"0":"post-72150","1":"product","2":"type-product","3":"status-publish","4":"has-post-thumbnail","6":"product_cat-recambios-lancia-dedra","7":"product_cat-recambios-lancia","9":"first","10":"instock","11":"taxable","12":"shipping-taxable","13":"purchasable","14":"product-type-simple"},"_links":{"self":[{"href":"https:\/\/galicianparts.com\/shop\/wp-json\/wp\/v2\/product\/72150"}],"collection":[{"href":"https:\/\/galicianparts.com\/shop\/wp-json\/wp\/v2\/product"}],"about":[{"href":"https:\/\/galicianparts.com\/shop\/wp-json\/wp\/v2\/types\/product"}],"wp:featuredmedia":[{"embeddable":true,"href":"https:\/\/galicianparts.com\/shop\/wp-json\/wp\/v2\/media\/72155"}],"wp:attachment":[{"href":"https:\/\/galicianparts.com\/shop\/wp-json\/wp\/v2\/media?parent=72150"}],"wp:term":[{"taxonomy":"product_cat","embeddable":true,"href":"https:\/\/galicianparts.com\/shop\/wp-json\/wp\/v2\/product_cat?post=72150"},{"taxonomy":"product_tag","embeddable":true,"href":"https:\/\/galicianparts.com\/shop\/wp-json\/wp\/v2\/product_tag?post=72150"}],"curies":[{"name":"wp","href":"https:\/\/api.w.org\/{rel}","templated":true}]}}