{"id":72177,"date":"2023-04-14T10:36:56","date_gmt":"2023-04-14T08:36:56","guid":{"rendered":"https:\/\/galicianparts.com\/shop\/producto\/46421449-junta-tubo-escape-d-465mm-fiat-lancia-alfa-romeo-seat-nueva-original\/"},"modified":"2023-08-14T19:27:19","modified_gmt":"2023-08-14T17:27:19","slug":"46421449-junta-tubo-escape-d-465mm-fiat-lancia-alfa-romeo-seat-nueva-original","status":"publish","type":"product","link":"https:\/\/galicianparts.com\/shop\/producto\/46421449-junta-tubo-escape-d-465mm-fiat-lancia-alfa-romeo-seat-nueva-original\/","title":{"rendered":"46421449 Junta tubo escape D 465mm Fiat \/Lancia \/Alfa Romeo \/Seat NUEVA ORIGINAL"},"content":{"rendered":"<p>46465290 Junta del silenciador del tubo de escape de:<br \/>\nDi\u00e1metro interior: 465 mm<\/p>\n<p>ALFA ROMEO Spider (115)<br \/>\n2.0, A\u00f1o 08.1986 &#8211; 12.1990, 1962 , 116<br \/>\n2.0, A\u00f1o 01.1990 &#8211; 12.1993, 1962 , 120<br \/>\nALFA ROMEO 33 (907A)<br \/>\n1.7 16V, A\u00f1o 01.1990 &#8211; 03.1992, 1712 , 132<\/p>\n<p>FIAT Cinquecento (170)<br \/>\n1.1 Sporting, A\u00f1o 10.1994 &#8211; 01.1998, 1108 , 54<br \/>\nFIAT Regata<br \/>\n1.6 i.e. 90, A\u00f1o 01.1987 &#8211; 07.1989, 1595 , 90<br \/>\nFIAT Croma I Hatchback (154)<br \/>\n2.0 i.e. Turbo, A\u00f1o 06.1987 &#8211; 08.1996, 1995 , 150<br \/>\nFIAT Tempra (159)<br \/>\n1.6 i.e., A\u00f1o 06.1994 &#8211; 08.1996, 1581 , 90<br \/>\n1.6 i.e., A\u00f1o 06.1992 &#8211; 08.1996, 1581 , 75<br \/>\n1.8 i.e., A\u00f1o 03.1992 &#8211; 08.1996, 1756 , 105<br \/>\n1.8 i.e., A\u00f1o 09.1993 &#8211; 08.1996, 1756 , 103<br \/>\n1.8 i.e., A\u00f1o 09.1993 &#8211; 08.1996, 1756 , 90<br \/>\n1.8 i.e., A\u00f1o 10.1994 &#8211; 08.1996, 1756 , 101<br \/>\n2.0 i.e., A\u00f1o 10.1990 &#8211; 08.1996, 1995 , 113<br \/>\nFIAT Panda I Hatchback (141)<br \/>\n1.1 4&#215;4, A\u00f1o 02.1995 &#8211; 07.2004, 1108 , 54<br \/>\nFIAT Tipo Hatchback (160)<br \/>\n1.6 i.e., A\u00f1o 10.1992 &#8211; 04.1995, 1581 , 75<br \/>\n1.8 i.e., A\u00f1o 09.1993 &#8211; 04.1995, 1756 , 90<br \/>\n1.8 i.e., A\u00f1o 10.1990 &#8211; 06.1993, 1756 , 105<br \/>\n1.8 i.e., A\u00f1o 04.1993 &#8211; 04.1995, 1756 , 103<br \/>\n2.0 i.e., A\u00f1o 06.1990 &#8211; 03.1992, 1995 , 109<br \/>\n2.0 i.e., A\u00f1o 03.1990 &#8211; 04.1995, 1995 , 113<br \/>\n2.0 i.e. 16V Sport, A\u00f1o 03.1993 &#8211; 04.1995, 1995 , 139<br \/>\nFIAT Punto I Hatchback (176)<br \/>\n1.4 GT Turbo, A\u00f1o 09.1996 &#8211; 09.1999, 1372 , 131<br \/>\n1.4 GT Turbo, A\u00f1o 01.1994 &#8211; 09.1996, 1372 , 133<br \/>\n1.1 55, A\u00f1o 09.1993 &#8211; 09.1999, 1108 , 54<br \/>\n1.2 60, A\u00f1o 09.1993 &#8211; 09.1999, 1242 , 60<br \/>\nFIAT Punto I Cabrio (176)<br \/>\n1.2 16V 85, A\u00f1o 04.1997 &#8211; 06.2000, 1242 , 86<br \/>\nFIAT Uno Hatchback (146)<br \/>\n1.5 i.e. 75, A\u00f1o 10.1985 &#8211; 12.1993, 1499 , 75<br \/>\nFIAT Seicento \/ 600 Hatchback (187)<br \/>\n1.1, A\u00f1o 01.1998 &#8211; 01.2010, 1108 , 54<br \/>\nFIAT Coupe (175)<br \/>\n2.0 16V, A\u00f1o 11.1993 &#8211; 08.1996, 1995 , 139<\/p>\n<p>LANCIA Dedra (835)<br \/>\n1.6 i.e., A\u00f1o 04.1993 &#8211; 07.1999, 1581 , 75<br \/>\n1.6 LE KAT, A\u00f1o 07.1994 &#8211; 07.1999, 1581 , 90<br \/>\n1.8 i.e., A\u00f1o 08.1993 &#8211; 07.1999, 1756 , 90<br \/>\n1.8 i.e., A\u00f1o 09.1989 &#8211; 07.1999, 1756 , 105<br \/>\n1.8 i.e., A\u00f1o 07.1994 &#8211; 07.1999, 1756 , 101<br \/>\n2.0 i.e., A\u00f1o 09.1989 &#8211; 07.1999, 1995 , 113<br \/>\nLANCIA Delta II (836)<br \/>\n1.8 i.e., A\u00f1o 07.1994 &#8211; 08.1999, 1756 , 90<br \/>\n2.0 16V, A\u00f1o 06.1993 &#8211; 08.1999, 1995 , 139<br \/>\nLANCIA Thema (834)<br \/>\n2.0 i.e.Turbo, A\u00f1o 07.1986 &#8211; 05.1990, 1995 , 150<br \/>\nLANCIA Ypsilon(840)<br \/>\n1.1, A\u00f1o 11.1995 &#8211; 09.2003, 1108 , 54<br \/>\n1.2, A\u00f1o 03.1996 &#8211; 09.2003, 1242 , 60<\/p>\n<p>SEAT Leon I Hatchback (1M1)<br \/>\n2.8 Cupra 4, A\u00f1o 02.2001 &#8211; 06.2006, 2792 , 204<\/p>\n<p>LA PIEZA ES NUEVA Y ORIGINAL.<\/p>\n","protected":false},"excerpt":{"rendered":"<p>46465290 Junta del silenciador del tubo de escape de: Di\u00e1metro interior: 465 mm ALFA ROMEO Spider (115) 2.0, A\u00f1o 08.1986 &#8211; 12.1990, 1962 , 116 2.0, A\u00f1o 01.1990 &#8211; 12.1993, 1962 , 120 ALFA ROMEO 33 (907A) 1.7 16V, A\u00f1o 01.1990 &#8211; 03.1992, 1712 , 132 FIAT Cinquecento (170) 1.1 Sporting, A\u00f1o 10.1994 &#8211; 01.1998, [&hellip;]<\/p>\n","protected":false},"featured_media":72178,"template":"","meta":{"_seopress_robots_primary_cat":"","_seopress_titles_title":"","_seopress_titles_desc":"","_seopress_robots_index":""},"product_cat":[43,16,84,85,86,117,118,20,21,163,101,102,26,106,56,111,124,112,114,127],"product_tag":[],"class_list":{"0":"post-72177","1":"product","2":"type-product","3":"status-publish","4":"has-post-thumbnail","6":"product_cat-recambios-alfa-romeo-33","7":"product_cat-recambios-alfa-romeo","8":"product_cat-recambios-fiat-cinquecento","9":"product_cat-recambios-fiat-coupe","10":"product_cat-recambios-fiat-croma","11":"product_cat-recambios-lancia-dedra","12":"product_cat-recambios-lancia-delta","13":"product_cat-recambios-fiat","14":"product_cat-recambios-lancia","15":"product_cat-recambios-seat-leon","16":"product_cat-recambios-fiat-punto","17":"product_cat-recambios-fiat-regata","18":"product_cat-recambios-seat","19":"product_cat-recambios-fiat-seicento","20":"product_cat-recambios-alfa-romeo-spider","21":"product_cat-recambios-fiat-tempra","22":"product_cat-recambios-lancia-thema","23":"product_cat-recambios-fiat-tipo","24":"product_cat-recambios-fiat-uno","25":"product_cat-recambios-lancia-ypsilon","27":"first","28":"outofstock","29":"taxable","30":"shipping-taxable","31":"purchasable","32":"product-type-simple"},"_links":{"self":[{"href":"https:\/\/galicianparts.com\/shop\/wp-json\/wp\/v2\/product\/72177"}],"collection":[{"href":"https:\/\/galicianparts.com\/shop\/wp-json\/wp\/v2\/product"}],"about":[{"href":"https:\/\/galicianparts.com\/shop\/wp-json\/wp\/v2\/types\/product"}],"wp:featuredmedia":[{"embeddable":true,"href":"https:\/\/galicianparts.com\/shop\/wp-json\/wp\/v2\/media\/72178"}],"wp:attachment":[{"href":"https:\/\/galicianparts.com\/shop\/wp-json\/wp\/v2\/media?parent=72177"}],"wp:term":[{"taxonomy":"product_cat","embeddable":true,"href":"https:\/\/galicianparts.com\/shop\/wp-json\/wp\/v2\/product_cat?post=72177"},{"taxonomy":"product_tag","embeddable":true,"href":"https:\/\/galicianparts.com\/shop\/wp-json\/wp\/v2\/product_tag?post=72177"}],"curies":[{"name":"wp","href":"https:\/\/api.w.org\/{rel}","templated":true}]}}